{"id":953,"date":"2015-04-20T17:38:07","date_gmt":"2015-04-20T17:38:07","guid":{"rendered":"https:\/\/galsusa.es\/?page_id=953"},"modified":"2015-04-20T19:18:07","modified_gmt":"2015-04-20T19:18:07","slug":"galvanizados-galsusa-la-mayor-planta-de-galvanizado-galvanizacion-del-sureste-protege-el-acero-contra-la-corrosion-cabina-de-granallado-comercializamos-articulos-metalicos-relacionados-con","status":"publish","type":"page","link":"https:\/\/galsusa.es\/fr\/galvanizados-galsusa-la-mayor-planta-de-galvanizado-galvanizacion-del-sureste-protege-el-acero-contra-la-corrosion-cabina-de-granallado-comercializamos-articulos-metalicos-relacionados-con\/","title":{"rendered":"Galvanizados &#8211; Galsusa &#8211; La mayor planta de Galvanizado &#8211; Galvanizaci\u00f3n del Sureste &#8211; Protege el acero contra la Corrosi\u00f3n &#8211; Cabina de Granallado &#8211; Comercializamos art\u00edculos met\u00e1licos relacionados con  nuestra actividad: perfiler\u00eda sider\u00fargica"},"content":{"rendered":"<p>[blank_spacer height=\u00a0\u00bb30px\u00a0\u00bb width=\u00a0\u00bb1\/1&Prime; el_position=\u00a0\u00bbfirst last\u00a0\u00bb] [spb_text_block pb_margin_bottom=\u00a0\u00bbno\u00a0\u00bb pb_border_bottom=\u00a0\u00bbno\u00a0\u00bb width=\u00a0\u00bb1\/3&Prime; el_position=\u00a0\u00bbfirst\u00a0\u00bb]<\/p>\n<p>[sf_iconbox image=\u00a0\u00bbss-check\u00a0\u00bb character=\u00a0\u00bb\u00a0\u00bb color=\u00a0\u00bbicon-one\u00a0\u00bb type=\u00a0\u00bbstandard-title\u00a0\u00bb title=\u00a0\u00bbQualit\u00e9\u00a0\u00bb animation=\u00a0\u00bbfade-from-bottom\u00a0\u00bb animation_delay=\u00a0\u00bb400&Prime; link=\u00a0\u00bb\u00a0\u00bb target=\u00a0\u00bb_self\u00a0\u00bb]<\/p>\n<p style=\"text-align: justify;\"><span style=\"color: #c0c0c0;\">Notre responsabilit\u00e9, garantir la qualit\u00e9 et pour cela nous disposons d\u2019un certificat selon la norme UNE EN ISO 9001:2000, pour l\u2019activit\u00e9 de la Galvanisation \u00e0 chaud en fers et aciers pour AENOR depuis le 28 ao\u00fbt 1998.<\/span><\/p>\n<p>[\/sf_iconbox]<\/p>\n<p>[\/spb_text_block] [spb_text_block pb_margin_bottom=\u00a0\u00bbno\u00a0\u00bb pb_border_bottom=\u00a0\u00bbno\u00a0\u00bb width=\u00a0\u00bb1\/3&Prime;]<\/p>\n<p>[sf_iconbox image=\u00a0\u00bbss-info\u00a0\u00bb character=\u00a0\u00bb\u00a0\u00bb color=\u00a0\u00bbicon-one\u00a0\u00bb type=\u00a0\u00bbstandard-title\u00a0\u00bb title=\u00a0\u00bbInvestissement\u00a0\u00bb animation=\u00a0\u00bbfade-from-bottom\u00a0\u00bb animation_delay=\u00a0\u00bb400&Prime; link=\u00a0\u00bb\u00a0\u00bb target=\u00a0\u00bb_self\u00a0\u00bb]<\/p>\n<p style=\"text-align: justify;\"><span style=\"color: #c0c0c0;\">Nous ne l\u00e9sinons pas sur nos installations en tant que moyens de contr\u00f4le de l\u2019environnement en r\u00e9alisant les v\u00e9rifications obligatoires et des investissements continuels.\u00a0<\/span><\/p>\n<p style=\"text-align: justify;\">[\/sf_iconbox]<\/p>\n<p>[\/spb_text_block] [spb_text_block pb_margin_bottom=\u00a0\u00bbno\u00a0\u00bb pb_border_bottom=\u00a0\u00bbno\u00a0\u00bb width=\u00a0\u00bb1\/3&Prime; el_position=\u00a0\u00bblast\u00a0\u00bb]<\/p>\n<p>[sf_iconbox image=&rsquo;ss-usergroup&rsquo; type=&rsquo;standard-title&rsquo; title=&rsquo;Tradition et innovation&rsquo; animation=&rsquo;fade-from-bottom&rsquo; animation_delay=&rsquo;600&prime;]<span style=\"color: #c0c0c0;\">Membres titulaires de <a href=\"http:\/\/www.ateg.es\/\" target=\"_blank\">l\u2019Association Technique Espagnole de Galvanisation (ATEG)<\/a> depuis le 9 mai 1979.<\/span>\u00a0[\/sf_iconbox]<\/p>\n<p>[\/spb_text_block] [blank_spacer height=\u00a0\u00bb20px\u00a0\u00bb width=\u00a0\u00bb1\/1&Prime; el_position=\u00a0\u00bbfirst last\u00a0\u00bb] [impact_text include_button=\u00a0\u00bbyes\u00a0\u00bb button_style=\u00a0\u00bbstandard\u00a0\u00bb title=\u00a0\u00bbCONTACTEZ NOUS\u00a0\u00bb href=\u00a0\u00bbhttps:\/\/galsusa.es\/fr\/contact\/\u00a0\u00bb color=\u00a0\u00bbaccent\u00a0\u00bb target=\u00a0\u00bb_self\u00a0\u00bb position=\u00a0\u00bbcta_align_right\u00a0\u00bb alt_background=\u00a0\u00bbnone\u00a0\u00bb el_class=\u00a0\u00bbmt0 bt0 bb0&Prime; width=\u00a0\u00bb1\/1&Prime; el_position=\u00a0\u00bbfirst last\u00a0\u00bb]<\/p>\n<h1 class=\"mt0 mb0\" style=\"text-align: justify;\">GALSUSA travaille pour vous. Si vous voulez nous demander un pr\u00e9supos\u00e9 ou tout simplement vous avez quelque doute, mettez-vous en contact avec nous\u2026<\/h1>\n<p>[\/impact_text] [blank_spacer height=\u00a0\u00bb74px\u00a0\u00bb width=\u00a0\u00bb1\/1&Prime; el_position=\u00a0\u00bbfirst last\u00a0\u00bb]<\/p>\n","protected":false},"excerpt":{"rendered":"<p>[blank_spacer height=\u00a0\u00bb30px\u00a0\u00bb width=\u00a0\u00bb1\/1&Prime; el_position=\u00a0\u00bbfirst last\u00a0\u00bb] [spb_text_block pb_margin_bottom=\u00a0\u00bbno\u00a0\u00bb pb_border_bottom=\u00a0\u00bbno\u00a0\u00bb width=\u00a0\u00bb1\/3&Prime; el_position=\u00a0\u00bbfirst\u00a0\u00bb] [sf_iconbox image=\u00a0\u00bbss-check\u00a0\u00bb character=\u00a0\u00bb\u00a0\u00bb color=\u00a0\u00bbicon-one\u00a0\u00bb type=\u00a0\u00bbstandard-title\u00a0\u00bb title=\u00a0\u00bbQualit\u00e9\u00a0\u00bb animation=\u00a0\u00bbfade-from-bottom\u00a0\u00bb animation_delay=\u00a0\u00bb400&Prime; link=\u00a0\u00bb\u00a0\u00bb target=\u00a0\u00bb_self\u00a0\u00bb] Notre responsabilit\u00e9, garantir la qualit\u00e9 et pour cela nous disposons d\u2019un certificat selon la norme UNE EN ISO 9001:2000, pour l\u2019activit\u00e9 de la Galvanisation \u00e0&#8230;<\/p>\n","protected":false},"author":1,"featured_media":0,"parent":0,"menu_order":0,"comment_status":"closed","ping_status":"closed","template":"","meta":{"footnotes":""},"class_list":["post-953","page","type-page","status-publish","hentry"],"yoast_head":"<!-- This site is optimized with the Yoast SEO plugin v22.5 - https:\/\/yoast.com\/wordpress\/plugins\/seo\/ -->\n<title>Galvanizados - Galsusa - La mayor planta de Galvanizado - Galvanizaci\u00f3n del Sureste - Protege el acero contra la Corrosi\u00f3n - Cabina de Granallado - Comercializamos art\u00edculos met\u00e1licos relacionados con nuestra actividad: perfiler\u00eda sider\u00fargica &#183; GALSUSA<\/title>\n<meta name=\"robots\" content=\"index, follow, max-snippet:-1, max-image-preview:large, max-video-preview:-1\" \/>\n<link rel=\"canonical\" href=\"https:\/\/galsusa.es\/fr\/galvanizados-galsusa-la-mayor-planta-de-galvanizado-galvanizacion-del-sureste-protege-el-acero-contra-la-corrosion-cabina-de-granallado-comercializamos-articulos-metalicos-relacionados-con\/\" \/>\n<meta property=\"og:locale\" content=\"fr_FR\" \/>\n<meta property=\"og:type\" content=\"article\" \/>\n<meta property=\"og:title\" content=\"Galvanizados - Galsusa - La mayor planta de Galvanizado - Galvanizaci\u00f3n del Sureste - Protege el acero contra la Corrosi\u00f3n - Cabina de Granallado - Comercializamos art\u00edculos met\u00e1licos relacionados con nuestra actividad: perfiler\u00eda sider\u00fargica &#183; GALSUSA\" \/>\n<meta property=\"og:description\" content=\"[blank_spacer height=\u00a0\u00bb30px\u00a0\u00bb width=\u00a0\u00bb1\/1&Prime; el_position=\u00a0\u00bbfirst last\u00a0\u00bb] [spb_text_block pb_margin_bottom=\u00a0\u00bbno\u00a0\u00bb pb_border_bottom=\u00a0\u00bbno\u00a0\u00bb width=\u00a0\u00bb1\/3&Prime; el_position=\u00a0\u00bbfirst\u00a0\u00bb] [sf_iconbox image=\u00a0\u00bbss-check\u00a0\u00bb character=\u00a0\u00bb\u00a0\u00bb color=\u00a0\u00bbicon-one\u00a0\u00bb type=\u00a0\u00bbstandard-title\u00a0\u00bb title=\u00a0\u00bbQualit\u00e9\u00a0\u00bb animation=\u00a0\u00bbfade-from-bottom\u00a0\u00bb animation_delay=\u00a0\u00bb400&Prime; link=\u00a0\u00bb\u00a0\u00bb target=\u00a0\u00bb_self\u00a0\u00bb] Notre responsabilit\u00e9, garantir la qualit\u00e9 et pour cela nous disposons d\u2019un certificat selon la norme UNE EN ISO 9001:2000, pour l\u2019activit\u00e9 de la Galvanisation \u00e0...\" \/>\n<meta property=\"og:url\" content=\"https:\/\/galsusa.es\/fr\/galvanizados-galsusa-la-mayor-planta-de-galvanizado-galvanizacion-del-sureste-protege-el-acero-contra-la-corrosion-cabina-de-granallado-comercializamos-articulos-metalicos-relacionados-con\/\" \/>\n<meta property=\"og:site_name\" content=\"GALSUSA\" \/>\n<meta property=\"article:publisher\" content=\"https:\/\/es-es.facebook.com\/GALSUSA.galvanizados\" \/>\n<meta property=\"article:modified_time\" content=\"2015-04-20T19:18:07+00:00\" \/>\n<meta name=\"twitter:label1\" content=\"Dur\u00e9e de lecture estim\u00e9e\" \/>\n\t<meta name=\"twitter:data1\" content=\"1 minute\" \/>\n<script type=\"application\/ld+json\" class=\"yoast-schema-graph\">{\"@context\":\"https:\/\/schema.org\",\"@graph\":[{\"@type\":\"WebPage\",\"@id\":\"https:\/\/galsusa.es\/fr\/galvanizados-galsusa-la-mayor-planta-de-galvanizado-galvanizacion-del-sureste-protege-el-acero-contra-la-corrosion-cabina-de-granallado-comercializamos-articulos-metalicos-relacionados-con\/\",\"url\":\"https:\/\/galsusa.es\/fr\/galvanizados-galsusa-la-mayor-planta-de-galvanizado-galvanizacion-del-sureste-protege-el-acero-contra-la-corrosion-cabina-de-granallado-comercializamos-articulos-metalicos-relacionados-con\/\",\"name\":\"Galvanizados - Galsusa - La mayor planta de Galvanizado - Galvanizaci\u00f3n del Sureste - Protege el acero contra la Corrosi\u00f3n - Cabina de Granallado - Comercializamos art\u00edculos met\u00e1licos relacionados con nuestra actividad: perfiler\u00eda sider\u00fargica &#183; GALSUSA\",\"isPartOf\":{\"@id\":\"https:\/\/galsusa.es\/#website\"},\"datePublished\":\"2015-04-20T17:38:07+00:00\",\"dateModified\":\"2015-04-20T19:18:07+00:00\",\"breadcrumb\":{\"@id\":\"https:\/\/galsusa.es\/fr\/galvanizados-galsusa-la-mayor-planta-de-galvanizado-galvanizacion-del-sureste-protege-el-acero-contra-la-corrosion-cabina-de-granallado-comercializamos-articulos-metalicos-relacionados-con\/#breadcrumb\"},\"inLanguage\":\"fr-FR\",\"potentialAction\":[{\"@type\":\"ReadAction\",\"target\":[\"https:\/\/galsusa.es\/fr\/galvanizados-galsusa-la-mayor-planta-de-galvanizado-galvanizacion-del-sureste-protege-el-acero-contra-la-corrosion-cabina-de-granallado-comercializamos-articulos-metalicos-relacionados-con\/\"]}]},{\"@type\":\"BreadcrumbList\",\"@id\":\"https:\/\/galsusa.es\/fr\/galvanizados-galsusa-la-mayor-planta-de-galvanizado-galvanizacion-del-sureste-protege-el-acero-contra-la-corrosion-cabina-de-granallado-comercializamos-articulos-metalicos-relacionados-con\/#breadcrumb\",\"itemListElement\":[{\"@type\":\"ListItem\",\"position\":1,\"name\":\"Portada\",\"item\":\"https:\/\/galsusa.es\/fr\/galvaniser-protege-lacier-contre-la-corrosion-cabine-de-grenaillage-nous-commercialisons-produits-metalliques-lies-a-notre-activite-des-profiles-siderurgiques\/\"},{\"@type\":\"ListItem\",\"position\":2,\"name\":\"Galvanizados &#8211; Galsusa &#8211; La mayor planta de Galvanizado &#8211; Galvanizaci\u00f3n del Sureste &#8211; Protege el acero contra la Corrosi\u00f3n &#8211; Cabina de Granallado &#8211; Comercializamos art\u00edculos met\u00e1licos relacionados con nuestra actividad: perfiler\u00eda sider\u00fargica\"}]},{\"@type\":\"WebSite\",\"@id\":\"https:\/\/galsusa.es\/#website\",\"url\":\"https:\/\/galsusa.es\/\",\"name\":\"GALSUSA\",\"description\":\"Galvanizados del Sureste, S.A.\",\"publisher\":{\"@id\":\"https:\/\/galsusa.es\/#organization\"},\"potentialAction\":[{\"@type\":\"SearchAction\",\"target\":{\"@type\":\"EntryPoint\",\"urlTemplate\":\"https:\/\/galsusa.es\/?s={search_term_string}\"},\"query-input\":\"required name=search_term_string\"}],\"inLanguage\":\"fr-FR\"},{\"@type\":\"Organization\",\"@id\":\"https:\/\/galsusa.es\/#organization\",\"name\":\"GALSUSA\",\"url\":\"https:\/\/galsusa.es\/\",\"logo\":{\"@type\":\"ImageObject\",\"inLanguage\":\"fr-FR\",\"@id\":\"https:\/\/galsusa.es\/#\/schema\/logo\/image\/\",\"url\":\"https:\/\/galsusa.es\/wp-content\/uploads\/2018\/04\/Logo-Galsusa-2.png\",\"contentUrl\":\"https:\/\/galsusa.es\/wp-content\/uploads\/2018\/04\/Logo-Galsusa-2.png\",\"width\":258,\"height\":360,\"caption\":\"GALSUSA\"},\"image\":{\"@id\":\"https:\/\/galsusa.es\/#\/schema\/logo\/image\/\"},\"sameAs\":[\"https:\/\/es-es.facebook.com\/GALSUSA.galvanizados\",\"https:\/\/x.com\/galvanizadores\",\"https:\/\/es.linkedin.com\/company\/galsusa\",\"https:\/\/www.youtube.com\/channel\/UCcOYSAZeODZViliHAfPD2cw\"]}]}<\/script>\n<!-- \/ Yoast SEO plugin. -->","yoast_head_json":{"title":"Galvanizados - Galsusa - La mayor planta de Galvanizado - Galvanizaci\u00f3n del Sureste - Protege el acero contra la Corrosi\u00f3n - Cabina de Granallado - Comercializamos art\u00edculos met\u00e1licos relacionados con nuestra actividad: perfiler\u00eda sider\u00fargica &#183; GALSUSA","robots":{"index":"index","follow":"follow","max-snippet":"max-snippet:-1","max-image-preview":"max-image-preview:large","max-video-preview":"max-video-preview:-1"},"canonical":"https:\/\/galsusa.es\/fr\/galvanizados-galsusa-la-mayor-planta-de-galvanizado-galvanizacion-del-sureste-protege-el-acero-contra-la-corrosion-cabina-de-granallado-comercializamos-articulos-metalicos-relacionados-con\/","og_locale":"fr_FR","og_type":"article","og_title":"Galvanizados - Galsusa - La mayor planta de Galvanizado - Galvanizaci\u00f3n del Sureste - Protege el acero contra la Corrosi\u00f3n - Cabina de Granallado - Comercializamos art\u00edculos met\u00e1licos relacionados con nuestra actividad: perfiler\u00eda sider\u00fargica &#183; GALSUSA","og_description":"[blank_spacer height=\u00a0\u00bb30px\u00a0\u00bb width=\u00a0\u00bb1\/1&Prime; el_position=\u00a0\u00bbfirst last\u00a0\u00bb] [spb_text_block pb_margin_bottom=\u00a0\u00bbno\u00a0\u00bb pb_border_bottom=\u00a0\u00bbno\u00a0\u00bb width=\u00a0\u00bb1\/3&Prime; el_position=\u00a0\u00bbfirst\u00a0\u00bb] [sf_iconbox image=\u00a0\u00bbss-check\u00a0\u00bb character=\u00a0\u00bb\u00a0\u00bb color=\u00a0\u00bbicon-one\u00a0\u00bb type=\u00a0\u00bbstandard-title\u00a0\u00bb title=\u00a0\u00bbQualit\u00e9\u00a0\u00bb animation=\u00a0\u00bbfade-from-bottom\u00a0\u00bb animation_delay=\u00a0\u00bb400&Prime; link=\u00a0\u00bb\u00a0\u00bb target=\u00a0\u00bb_self\u00a0\u00bb] Notre responsabilit\u00e9, garantir la qualit\u00e9 et pour cela nous disposons d\u2019un certificat selon la norme UNE EN ISO 9001:2000, pour l\u2019activit\u00e9 de la Galvanisation \u00e0...","og_url":"https:\/\/galsusa.es\/fr\/galvanizados-galsusa-la-mayor-planta-de-galvanizado-galvanizacion-del-sureste-protege-el-acero-contra-la-corrosion-cabina-de-granallado-comercializamos-articulos-metalicos-relacionados-con\/","og_site_name":"GALSUSA","article_publisher":"https:\/\/es-es.facebook.com\/GALSUSA.galvanizados","article_modified_time":"2015-04-20T19:18:07+00:00","twitter_misc":{"Dur\u00e9e de lecture estim\u00e9e":"1 minute"},"schema":{"@context":"https:\/\/schema.org","@graph":[{"@type":"WebPage","@id":"https:\/\/galsusa.es\/fr\/galvanizados-galsusa-la-mayor-planta-de-galvanizado-galvanizacion-del-sureste-protege-el-acero-contra-la-corrosion-cabina-de-granallado-comercializamos-articulos-metalicos-relacionados-con\/","url":"https:\/\/galsusa.es\/fr\/galvanizados-galsusa-la-mayor-planta-de-galvanizado-galvanizacion-del-sureste-protege-el-acero-contra-la-corrosion-cabina-de-granallado-comercializamos-articulos-metalicos-relacionados-con\/","name":"Galvanizados - Galsusa - La mayor planta de Galvanizado - Galvanizaci\u00f3n del Sureste - Protege el acero contra la Corrosi\u00f3n - Cabina de Granallado - Comercializamos art\u00edculos met\u00e1licos relacionados con nuestra actividad: perfiler\u00eda sider\u00fargica &#183; GALSUSA","isPartOf":{"@id":"https:\/\/galsusa.es\/#website"},"datePublished":"2015-04-20T17:38:07+00:00","dateModified":"2015-04-20T19:18:07+00:00","breadcrumb":{"@id":"https:\/\/galsusa.es\/fr\/galvanizados-galsusa-la-mayor-planta-de-galvanizado-galvanizacion-del-sureste-protege-el-acero-contra-la-corrosion-cabina-de-granallado-comercializamos-articulos-metalicos-relacionados-con\/#breadcrumb"},"inLanguage":"fr-FR","potentialAction":[{"@type":"ReadAction","target":["https:\/\/galsusa.es\/fr\/galvanizados-galsusa-la-mayor-planta-de-galvanizado-galvanizacion-del-sureste-protege-el-acero-contra-la-corrosion-cabina-de-granallado-comercializamos-articulos-metalicos-relacionados-con\/"]}]},{"@type":"BreadcrumbList","@id":"https:\/\/galsusa.es\/fr\/galvanizados-galsusa-la-mayor-planta-de-galvanizado-galvanizacion-del-sureste-protege-el-acero-contra-la-corrosion-cabina-de-granallado-comercializamos-articulos-metalicos-relacionados-con\/#breadcrumb","itemListElement":[{"@type":"ListItem","position":1,"name":"Portada","item":"https:\/\/galsusa.es\/fr\/galvaniser-protege-lacier-contre-la-corrosion-cabine-de-grenaillage-nous-commercialisons-produits-metalliques-lies-a-notre-activite-des-profiles-siderurgiques\/"},{"@type":"ListItem","position":2,"name":"Galvanizados &#8211; Galsusa &#8211; La mayor planta de Galvanizado &#8211; Galvanizaci\u00f3n del Sureste &#8211; Protege el acero contra la Corrosi\u00f3n &#8211; Cabina de Granallado &#8211; Comercializamos art\u00edculos met\u00e1licos relacionados con nuestra actividad: perfiler\u00eda sider\u00fargica"}]},{"@type":"WebSite","@id":"https:\/\/galsusa.es\/#website","url":"https:\/\/galsusa.es\/","name":"GALSUSA","description":"Galvanizados del Sureste, S.A.","publisher":{"@id":"https:\/\/galsusa.es\/#organization"},"potentialAction":[{"@type":"SearchAction","target":{"@type":"EntryPoint","urlTemplate":"https:\/\/galsusa.es\/?s={search_term_string}"},"query-input":"required name=search_term_string"}],"inLanguage":"fr-FR"},{"@type":"Organization","@id":"https:\/\/galsusa.es\/#organization","name":"GALSUSA","url":"https:\/\/galsusa.es\/","logo":{"@type":"ImageObject","inLanguage":"fr-FR","@id":"https:\/\/galsusa.es\/#\/schema\/logo\/image\/","url":"https:\/\/galsusa.es\/wp-content\/uploads\/2018\/04\/Logo-Galsusa-2.png","contentUrl":"https:\/\/galsusa.es\/wp-content\/uploads\/2018\/04\/Logo-Galsusa-2.png","width":258,"height":360,"caption":"GALSUSA"},"image":{"@id":"https:\/\/galsusa.es\/#\/schema\/logo\/image\/"},"sameAs":["https:\/\/es-es.facebook.com\/GALSUSA.galvanizados","https:\/\/x.com\/galvanizadores","https:\/\/es.linkedin.com\/company\/galsusa","https:\/\/www.youtube.com\/channel\/UCcOYSAZeODZViliHAfPD2cw"]}]}},"_links":{"self":[{"href":"https:\/\/galsusa.es\/fr\/wp-json\/wp\/v2\/pages\/953","targetHints":{"allow":["GET"]}}],"collection":[{"href":"https:\/\/galsusa.es\/fr\/wp-json\/wp\/v2\/pages"}],"about":[{"href":"https:\/\/galsusa.es\/fr\/wp-json\/wp\/v2\/types\/page"}],"author":[{"embeddable":true,"href":"https:\/\/galsusa.es\/fr\/wp-json\/wp\/v2\/users\/1"}],"replies":[{"embeddable":true,"href":"https:\/\/galsusa.es\/fr\/wp-json\/wp\/v2\/comments?post=953"}],"version-history":[{"count":0,"href":"https:\/\/galsusa.es\/fr\/wp-json\/wp\/v2\/pages\/953\/revisions"}],"wp:attachment":[{"href":"https:\/\/galsusa.es\/fr\/wp-json\/wp\/v2\/media?parent=953"}],"curies":[{"name":"wp","href":"https:\/\/api.w.org\/{rel}","templated":true}]}}