{"id":3020,"date":"2018-04-11T15:57:28","date_gmt":"2018-04-11T15:57:28","guid":{"rendered":"https:\/\/galsusa.es\/medio-ambiente\/"},"modified":"2021-07-05T17:18:29","modified_gmt":"2021-07-05T17:18:29","slug":"ennvironement","status":"publish","type":"page","link":"https:\/\/galsusa.es\/fr\/ennvironement\/","title":{"rendered":"Ennvironement"},"content":{"rendered":"<p>[vc_row css_animation=\u00a0\u00bb\u00a0\u00bb row_type=\u00a0\u00bbrow\u00a0\u00bb use_row_as_full_screen_section=\u00a0\u00bbno\u00a0\u00bb type=\u00a0\u00bbfull_width\u00a0\u00bb angled_section=\u00a0\u00bbno\u00a0\u00bb text_align=\u00a0\u00bbleft\u00a0\u00bb background_image_as_pattern=\u00a0\u00bbwithout_pattern\u00a0\u00bb z_index=\u00a0\u00bb\u00a0\u00bb][vc_column][vc_single_image image=\u00a0\u00bb3022&Prime; img_size=\u00a0\u00bbfull\u00a0\u00bb qode_css_animation=\u00a0\u00bb\u00a0\u00bb css=\u00a0\u00bb.vc_custom_1526414491529{padding-left: 1% !important;}\u00a0\u00bb][\/vc_column][\/vc_row][vc_row css_animation=\u00a0\u00bb\u00a0\u00bb row_type=\u00a0\u00bbrow\u00a0\u00bb use_row_as_full_screen_section=\u00a0\u00bbno\u00a0\u00bb type=\u00a0\u00bbgrid\u00a0\u00bb angled_section=\u00a0\u00bbno\u00a0\u00bb text_align=\u00a0\u00bbleft\u00a0\u00bb background_image_as_pattern=\u00a0\u00bbwithout_pattern\u00a0\u00bb z_index=\u00a0\u00bb\u00a0\u00bb][vc_column][vc_column_text]<\/p>\n<h2 style=\"text-align: left;\"><a href=\"https:\/\/galsusa.es\/wp-content\/uploads\/calidad\/GALSUSA%20-%20Pol%C3%ADtica%20de%20Calidad%20y%20medio%20ambiente,%20julio%202017.pdf\">Politique Qualit\u00e9 et Ennvironement<\/a><\/h2>\n<p>[\/vc_column_text][vc_separator type=\u00a0\u00bbtransparent\u00a0\u00bb up=\u00a0\u00bb20&Prime;][\/vc_column][\/vc_row][vc_row row_type=\u00a0\u00bbparallax\u00a0\u00bb parallax_content_width=\u00a0\u00bbfull_width\u00a0\u00bb text_align=\u00a0\u00bbleft\u00a0\u00bb full_screen_section_height=\u00a0\u00bbno\u00a0\u00bb][vc_column][vc_single_image image=\u00a0\u00bb1830&Prime; img_size=\u00a0\u00bbfull\u00a0\u00bb alignment=\u00a0\u00bbcenter\u00a0\u00bb qode_css_animation=\u00a0\u00bb\u00a0\u00bb][vc_separator type=\u00a0\u00bbtransparent\u00a0\u00bb up=\u00a0\u00bb20&Prime;][\/vc_column][\/vc_row][vc_row css_animation=\u00a0\u00bb\u00a0\u00bb row_type=\u00a0\u00bbrow\u00a0\u00bb use_row_as_full_screen_section=\u00a0\u00bbno\u00a0\u00bb type=\u00a0\u00bbgrid\u00a0\u00bb angled_section=\u00a0\u00bbno\u00a0\u00bb text_align=\u00a0\u00bbleft\u00a0\u00bb background_image_as_pattern=\u00a0\u00bbwithout_pattern\u00a0\u00bb z_index=\u00a0\u00bb\u00a0\u00bb][vc_column width=\u00a0\u00bb1\/2&Prime;][vc_column_text]<\/p>\n<p style=\"text-align: justify;\">Chez <strong>Galvanizados del Sureste, S.A. (GALSUSA)<\/strong>, nous sommes conscients de notre responsabilit\u00e9 avec l\u2019environnement et c\u2019est pour cela que l\u2019impact environnemental de notre entreprise a \u00e9t\u00e9 une pers\u00e9v\u00e9rante pr\u00e9occupation de la Direction, ce qui nous a port\u00e9 \u00e0 d\u00e9velopper les plus hauts niveaux technologiques dans nos installations pour minimiser et, dans ce cas, an\u00e9antir l\u2019impact environnemental que celles-ci comportent. Cela a suppos\u00e9, dans certains cas, \u00eatre pionniers dans l\u2019\u00e9tablissement de contr\u00f4les, de processus et de mesures de caract\u00e8re distinct, qu\u2019\u00e9tant \u00e9tablis, en principe d\u2019une mani\u00e8re exp\u00e9rimentale, ils ont finalement suppos\u00e9 une progression efficace dans nos processus<\/p>\n<p>&nbsp;<\/p>\n<p style=\"text-align: justify;\">Afin d\u2019identifier et pr\u00e9venir les possibles effets environnementaux de l\u2019activit\u00e9 de notre entreprise et minimiser notre impact dans l\u2019environnement, nous avons \u00e9tabli un syst\u00e8me de gestion environnementale en appliquant pour cela les dispositions qu\u2019\u00e9tablit la l\u00e9gislation environnementale en vigueur. Ainsi, notre syst\u00e8me de gestion de qualit\u00e9 et d\u2019environnement est bas\u00e9 sur les manuels d\u2019instructions et les proc\u00e9dures approuv\u00e9s qui sont actualis\u00e9s d\u2019une mani\u00e8re permanente avec les pratiques les plus convenables.<\/p>\n<p>&nbsp;<\/p>\n<p style=\"text-align: justify;\">Depuis la Direction de GALSUSA, \u00e9tant conscients que notre plus grand impact est d\u00fb \u00e0 la consommation d\u2019\u00e9nergie et des ressources, nous pr\u00eatons une sp\u00e9ciale attention \u00e0 la gestion des d\u00e9chets industriels, au contr\u00f4le des \u00e9missions atmosph\u00e9riques et au bruit d\u00e9riv\u00e9 de nos processus, avec l\u2019intention de s\u2019acquitter de la r\u00e9glementation en vigueur, de pr\u00e9venir toute sorte de contamination et d\u2019\u00e9tablir l\u2019op\u00e9rationnelle de l\u2019am\u00e9lioration continue avec laquelle garantir que le syst\u00e8me s\u2019acquitte des conditions requises de la norme internationale ; c\u2019est pour cela que nous maintenons le compromis de prendre des d\u00e9cisions pour freiner le changement climatique et l\u2019emploi durable des ressources qui sont transf\u00e9r\u00e9s \u00e0 notre Plan d\u2019Objectifs.<\/p>\n<p>&nbsp;<\/p>\n<p style=\"text-align: justify;\">Le Syst\u00e8me de Gestion Environnementale est implant\u00e9 et dans un processus de certification par <a href=\"https:\/\/galsusa.es\/wp-content\/certificados\/Certificado%2014001.pdf\">Bureau Veritas, conforme aux conditions requises de la Norme UNE-EN ISO 14001:2015<\/a>. De cette fa\u00e7on, un accomplissement est donn\u00e9 au compromis d\u2019am\u00e9lioration continue repris dans notre Politique Environnementale.<\/p>\n<p>[\/vc_column_text][\/vc_column][vc_column width=\u00a0\u00bb1\/2&Prime;][vc_column_text]<\/p>\n<h4 style=\"text-align: left;\">Notre Syst\u00e8me de Gestion Environnementale comprend les \u00e9l\u00e9ments suivants:<\/h4>\n<p>[\/vc_column_text][vc_separator type=\u00a0\u00bbtransparent\u00a0\u00bb up=\u00a0\u00bb20&Prime;][vc_column_text]<\/p>\n<ul>\n<li style=\"list-style-type: none;\">\n<ul>\n<li>Une politique de Qualit\u00e9 et Environnementale. <a href=\"https:\/\/galsusa.es\/wp-content\/uploads\/calidad\/Pol\u00edtica de Calidad y Medio Ambiente, Mayo 2019.pdf\">Document public o\u00f9 la Direction de GALSUSA refl\u00e8te le compromis avec l\u2019environnement.<\/a><\/li>\n<\/ul>\n<\/li>\n<\/ul>\n<p>&nbsp;<\/p>\n<ul>\n<li style=\"list-style-type: none;\">\n<ul>\n<li>Une structure de l\u2019organisation. La Direction a des responsabilit\u00e9s assign\u00e9es de l\u2019entretien du Syst\u00e8me de la Gestion Environnementale et de Qualit\u00e9.<\/li>\n<\/ul>\n<\/li>\n<\/ul>\n<p>&nbsp;<\/p>\n<ul>\n<li style=\"list-style-type: none;\">\n<ul>\n<li>Un registre des conditions requises l\u00e9gales et d\u2019autres conditions requises applicables.<\/li>\n<\/ul>\n<\/li>\n<\/ul>\n<p>&nbsp;<\/p>\n<ul>\n<li style=\"list-style-type: none;\">\n<ul>\n<li>Une identification et une \u00e9valuation d\u2019impacts environnementaux directs et indirects g\u00e9n\u00e9r\u00e9s dans le cycle de vie de nos produits et de nos services.<\/li>\n<\/ul>\n<\/li>\n<\/ul>\n<p>&nbsp;<\/p>\n<ul>\n<li style=\"list-style-type: none;\">\n<ul>\n<li>Un \u00e9tablissement d\u2019objectifs et de buts environnementaux annuels.<\/li>\n<\/ul>\n<\/li>\n<\/ul>\n<p>&nbsp;<\/p>\n<ul>\n<li style=\"list-style-type: none;\">\n<ul>\n<li>Un programme de la Gestion Environnementale. Attribution de responsabilit\u00e9s et de recours avec une planification temporaire des diff\u00e9rentes activit\u00e9s n\u00e9cessaires pour atteindre son accomplissement.<\/li>\n<\/ul>\n<\/li>\n<\/ul>\n<p>&nbsp;<\/p>\n<ul>\n<li style=\"list-style-type: none;\">\n<ul>\n<li>Un plan de formation pour les employ\u00e9s. Chaque ann\u00e9e ce plan est d\u00e9fini pour tout le personnel de l\u2019entreprise par rapport \u00e0 la sensibilisation environnementale.<\/li>\n<\/ul>\n<\/li>\n<\/ul>\n<p>&nbsp;<\/p>\n<ul>\n<li style=\"list-style-type: none;\">\n<ul>\n<li>Un contr\u00f4le op\u00e9rationnel. Une surveillance des aspects environnementaux de la fabrique.<\/li>\n<\/ul>\n<\/li>\n<\/ul>\n<p>&nbsp;<\/p>\n<ul>\n<li style=\"list-style-type: none;\">\n<ul>\n<li>Une \u00e9valuation p\u00e9riodique de l\u2019accomplissement des conditions requises l\u00e9gales.<\/li>\n<\/ul>\n<\/li>\n<\/ul>\n<p>&nbsp;<\/p>\n<ul>\n<li style=\"list-style-type: none;\">\n<ul>\n<li>Des audits annuels du Syst\u00e8me de Gestion Environnementale qui se soumet \u00e0 deux types d\u2019audit : int\u00e9rieur et ext\u00e9rieur (autant de l\u2019organisme certificateur\/v\u00e9rificateur comme des clients).<\/li>\n<\/ul>\n<\/li>\n<\/ul>\n<p>&nbsp;<\/p>\n<ul>\n<li style=\"list-style-type: none;\">\n<ul>\n<li>Une r\u00e9vision annuelle du Syst\u00e8me par la Direction.<\/li>\n<\/ul>\n<\/li>\n<\/ul>\n<p>&nbsp;<\/p>\n<ul>\n<li style=\"list-style-type: none;\">\n<ul>\n<li>Une \u00e9valuation formelle de l\u2019\u00c9tat et un accord du Syst\u00e8me de Gestion Int\u00e9gr\u00e9 en relation avec la Politique de Qualit\u00e9 et Environnementale declar\u00e9e.<\/li>\n<\/ul>\n<\/li>\n<\/ul>\n<p>[\/vc_column_text][vc_separator type=\u00a0\u00bbtransparent\u00a0\u00bb up=\u00a0\u00bb20&Prime;][\/vc_column][\/vc_row][vc_row row_type=\u00a0\u00bbparallax\u00a0\u00bb parallax_content_width=\u00a0\u00bbfull_width\u00a0\u00bb text_align=\u00a0\u00bbleft\u00a0\u00bb full_screen_section_height=\u00a0\u00bbno\u00a0\u00bb][vc_column][vc_single_image image=\u00a0\u00bb1836&Prime; img_size=\u00a0\u00bbfull\u00a0\u00bb alignment=\u00a0\u00bbcenter\u00a0\u00bb qode_css_animation=\u00a0\u00bb\u00a0\u00bb][vc_separator type=\u00a0\u00bbtransparent\u00a0\u00bb up=\u00a0\u00bb20&Prime;][\/vc_column][\/vc_row]<\/p>\n","protected":false},"excerpt":{"rendered":"<p>[vc_row css_animation=\u00a0\u00bb\u00a0\u00bb row_type=\u00a0\u00bbrow\u00a0\u00bb use_row_as_full_screen_section=\u00a0\u00bbno\u00a0\u00bb type=\u00a0\u00bbfull_width\u00a0\u00bb angled_section=\u00a0\u00bbno\u00a0\u00bb text_align=\u00a0\u00bbleft\u00a0\u00bb background_image_as_pattern=\u00a0\u00bbwithout_pattern\u00a0\u00bb z_index=\u00a0\u00bb\u00a0\u00bb][vc_column][vc_single_image image=\u00a0\u00bb3022&Prime; img_size=\u00a0\u00bbfull\u00a0\u00bb qode_css_animation=\u00a0\u00bb\u00a0\u00bb css=\u00a0\u00bb.vc_custom_1526414491529{padding-left: 1% !important;}\u00a0\u00bb][\/vc_column][\/vc_row][vc_row css_animation=\u00a0\u00bb\u00a0\u00bb row_type=\u00a0\u00bbrow\u00a0\u00bb use_row_as_full_screen_section=\u00a0\u00bbno\u00a0\u00bb type=\u00a0\u00bbgrid\u00a0\u00bb angled_section=\u00a0\u00bbno\u00a0\u00bb text_align=\u00a0\u00bbleft\u00a0\u00bb background_image_as_pattern=\u00a0\u00bbwithout_pattern\u00a0\u00bb z_index=\u00a0\u00bb\u00a0\u00bb][vc_column][vc_column_text] Politique Qualit\u00e9 et Ennvironement [\/vc_column_text][vc_separator type=\u00a0\u00bbtransparent\u00a0\u00bb up=\u00a0\u00bb20&Prime;][\/vc_column][\/vc_row][vc_row row_type=\u00a0\u00bbparallax\u00a0\u00bb parallax_content_width=\u00a0\u00bbfull_width\u00a0\u00bb text_align=\u00a0\u00bbleft\u00a0\u00bb full_screen_section_height=\u00a0\u00bbno\u00a0\u00bb][vc_column][vc_single_image image=\u00a0\u00bb1830&Prime; img_size=\u00a0\u00bbfull\u00a0\u00bb alignment=\u00a0\u00bbcenter\u00a0\u00bb qode_css_animation=\u00a0\u00bb\u00a0\u00bb][vc_separator type=\u00a0\u00bbtransparent\u00a0\u00bb up=\u00a0\u00bb20&Prime;][\/vc_column][\/vc_row][vc_row css_animation=\u00a0\u00bb\u00a0\u00bb row_type=\u00a0\u00bbrow\u00a0\u00bb use_row_as_full_screen_section=\u00a0\u00bbno\u00a0\u00bb type=\u00a0\u00bbgrid\u00a0\u00bb angled_section=\u00a0\u00bbno\u00a0\u00bb&#8230;<\/p>\n","protected":false},"author":1,"featured_media":0,"parent":0,"menu_order":0,"comment_status":"closed","ping_status":"closed","template":"full_width.php","meta":{"footnotes":""},"class_list":["post-3020","page","type-page","status-publish","hentry"],"yoast_head":"<!-- This site is optimized with the Yoast SEO plugin v22.5 - https:\/\/yoast.com\/wordpress\/plugins\/seo\/ -->\n<title>Ennvironement &#183; GALSUSA<\/title>\n<meta name=\"robots\" content=\"index, follow, max-snippet:-1, max-image-preview:large, max-video-preview:-1\" \/>\n<link rel=\"canonical\" href=\"https:\/\/galsusa.es\/fr\/ennvironement\/\" \/>\n<meta property=\"og:locale\" content=\"fr_FR\" \/>\n<meta property=\"og:type\" content=\"article\" \/>\n<meta property=\"og:title\" content=\"Ennvironement &#183; GALSUSA\" \/>\n<meta property=\"og:description\" content=\"[vc_row css_animation=\u00a0\u00bb\u00a0\u00bb row_type=\u00a0\u00bbrow\u00a0\u00bb use_row_as_full_screen_section=\u00a0\u00bbno\u00a0\u00bb type=\u00a0\u00bbfull_width\u00a0\u00bb angled_section=\u00a0\u00bbno\u00a0\u00bb text_align=\u00a0\u00bbleft\u00a0\u00bb background_image_as_pattern=\u00a0\u00bbwithout_pattern\u00a0\u00bb z_index=\u00a0\u00bb\u00a0\u00bb][vc_column][vc_single_image image=\u00a0\u00bb3022&Prime; img_size=\u00a0\u00bbfull\u00a0\u00bb qode_css_animation=\u00a0\u00bb\u00a0\u00bb css=\u00a0\u00bb.vc_custom_1526414491529{padding-left: 1% !important;}\u00a0\u00bb][\/vc_column][\/vc_row][vc_row css_animation=\u00a0\u00bb\u00a0\u00bb row_type=\u00a0\u00bbrow\u00a0\u00bb use_row_as_full_screen_section=\u00a0\u00bbno\u00a0\u00bb type=\u00a0\u00bbgrid\u00a0\u00bb angled_section=\u00a0\u00bbno\u00a0\u00bb text_align=\u00a0\u00bbleft\u00a0\u00bb background_image_as_pattern=\u00a0\u00bbwithout_pattern\u00a0\u00bb z_index=\u00a0\u00bb\u00a0\u00bb][vc_column][vc_column_text] Politique Qualit\u00e9 et Ennvironement [\/vc_column_text][vc_separator type=\u00a0\u00bbtransparent\u00a0\u00bb up=\u00a0\u00bb20&Prime;][\/vc_column][\/vc_row][vc_row row_type=\u00a0\u00bbparallax\u00a0\u00bb parallax_content_width=\u00a0\u00bbfull_width\u00a0\u00bb text_align=\u00a0\u00bbleft\u00a0\u00bb full_screen_section_height=\u00a0\u00bbno\u00a0\u00bb][vc_column][vc_single_image image=\u00a0\u00bb1830&Prime; img_size=\u00a0\u00bbfull\u00a0\u00bb alignment=\u00a0\u00bbcenter\u00a0\u00bb qode_css_animation=\u00a0\u00bb\u00a0\u00bb][vc_separator type=\u00a0\u00bbtransparent\u00a0\u00bb up=\u00a0\u00bb20&Prime;][\/vc_column][\/vc_row][vc_row css_animation=\u00a0\u00bb\u00a0\u00bb row_type=\u00a0\u00bbrow\u00a0\u00bb use_row_as_full_screen_section=\u00a0\u00bbno\u00a0\u00bb type=\u00a0\u00bbgrid\u00a0\u00bb angled_section=\u00a0\u00bbno\u00a0\u00bb...\" \/>\n<meta property=\"og:url\" content=\"https:\/\/galsusa.es\/fr\/ennvironement\/\" \/>\n<meta property=\"og:site_name\" content=\"GALSUSA\" \/>\n<meta property=\"article:publisher\" content=\"https:\/\/es-es.facebook.com\/GALSUSA.galvanizados\" \/>\n<meta property=\"article:modified_time\" content=\"2021-07-05T17:18:29+00:00\" \/>\n<meta name=\"twitter:label1\" content=\"Dur\u00e9e de lecture estim\u00e9e\" \/>\n\t<meta name=\"twitter:data1\" content=\"3 minutes\" \/>\n<script type=\"application\/ld+json\" class=\"yoast-schema-graph\">{\"@context\":\"https:\/\/schema.org\",\"@graph\":[{\"@type\":\"WebPage\",\"@id\":\"https:\/\/galsusa.es\/fr\/ennvironement\/\",\"url\":\"https:\/\/galsusa.es\/fr\/ennvironement\/\",\"name\":\"Ennvironement &#183; GALSUSA\",\"isPartOf\":{\"@id\":\"https:\/\/galsusa.es\/#website\"},\"datePublished\":\"2018-04-11T15:57:28+00:00\",\"dateModified\":\"2021-07-05T17:18:29+00:00\",\"breadcrumb\":{\"@id\":\"https:\/\/galsusa.es\/fr\/ennvironement\/#breadcrumb\"},\"inLanguage\":\"fr-FR\",\"potentialAction\":[{\"@type\":\"ReadAction\",\"target\":[\"https:\/\/galsusa.es\/fr\/ennvironement\/\"]}]},{\"@type\":\"BreadcrumbList\",\"@id\":\"https:\/\/galsusa.es\/fr\/ennvironement\/#breadcrumb\",\"itemListElement\":[{\"@type\":\"ListItem\",\"position\":1,\"name\":\"Portada\",\"item\":\"https:\/\/galsusa.es\/fr\/galvaniser-protege-lacier-contre-la-corrosion-cabine-de-grenaillage-nous-commercialisons-produits-metalliques-lies-a-notre-activite-des-profiles-siderurgiques\/\"},{\"@type\":\"ListItem\",\"position\":2,\"name\":\"Ennvironement\"}]},{\"@type\":\"WebSite\",\"@id\":\"https:\/\/galsusa.es\/#website\",\"url\":\"https:\/\/galsusa.es\/\",\"name\":\"GALSUSA\",\"description\":\"Galvanizados del Sureste, S.A.\",\"publisher\":{\"@id\":\"https:\/\/galsusa.es\/#organization\"},\"potentialAction\":[{\"@type\":\"SearchAction\",\"target\":{\"@type\":\"EntryPoint\",\"urlTemplate\":\"https:\/\/galsusa.es\/?s={search_term_string}\"},\"query-input\":\"required name=search_term_string\"}],\"inLanguage\":\"fr-FR\"},{\"@type\":\"Organization\",\"@id\":\"https:\/\/galsusa.es\/#organization\",\"name\":\"GALSUSA\",\"url\":\"https:\/\/galsusa.es\/\",\"logo\":{\"@type\":\"ImageObject\",\"inLanguage\":\"fr-FR\",\"@id\":\"https:\/\/galsusa.es\/#\/schema\/logo\/image\/\",\"url\":\"https:\/\/galsusa.es\/wp-content\/uploads\/2018\/04\/Logo-Galsusa-2.png\",\"contentUrl\":\"https:\/\/galsusa.es\/wp-content\/uploads\/2018\/04\/Logo-Galsusa-2.png\",\"width\":258,\"height\":360,\"caption\":\"GALSUSA\"},\"image\":{\"@id\":\"https:\/\/galsusa.es\/#\/schema\/logo\/image\/\"},\"sameAs\":[\"https:\/\/es-es.facebook.com\/GALSUSA.galvanizados\",\"https:\/\/x.com\/galvanizadores\",\"https:\/\/es.linkedin.com\/company\/galsusa\",\"https:\/\/www.youtube.com\/channel\/UCcOYSAZeODZViliHAfPD2cw\"]}]}<\/script>\n<!-- \/ Yoast SEO plugin. -->","yoast_head_json":{"title":"Ennvironement &#183; GALSUSA","robots":{"index":"index","follow":"follow","max-snippet":"max-snippet:-1","max-image-preview":"max-image-preview:large","max-video-preview":"max-video-preview:-1"},"canonical":"https:\/\/galsusa.es\/fr\/ennvironement\/","og_locale":"fr_FR","og_type":"article","og_title":"Ennvironement &#183; GALSUSA","og_description":"[vc_row css_animation=\u00a0\u00bb\u00a0\u00bb row_type=\u00a0\u00bbrow\u00a0\u00bb use_row_as_full_screen_section=\u00a0\u00bbno\u00a0\u00bb type=\u00a0\u00bbfull_width\u00a0\u00bb angled_section=\u00a0\u00bbno\u00a0\u00bb text_align=\u00a0\u00bbleft\u00a0\u00bb background_image_as_pattern=\u00a0\u00bbwithout_pattern\u00a0\u00bb z_index=\u00a0\u00bb\u00a0\u00bb][vc_column][vc_single_image image=\u00a0\u00bb3022&Prime; img_size=\u00a0\u00bbfull\u00a0\u00bb qode_css_animation=\u00a0\u00bb\u00a0\u00bb css=\u00a0\u00bb.vc_custom_1526414491529{padding-left: 1% !important;}\u00a0\u00bb][\/vc_column][\/vc_row][vc_row css_animation=\u00a0\u00bb\u00a0\u00bb row_type=\u00a0\u00bbrow\u00a0\u00bb use_row_as_full_screen_section=\u00a0\u00bbno\u00a0\u00bb type=\u00a0\u00bbgrid\u00a0\u00bb angled_section=\u00a0\u00bbno\u00a0\u00bb text_align=\u00a0\u00bbleft\u00a0\u00bb background_image_as_pattern=\u00a0\u00bbwithout_pattern\u00a0\u00bb z_index=\u00a0\u00bb\u00a0\u00bb][vc_column][vc_column_text] Politique Qualit\u00e9 et Ennvironement [\/vc_column_text][vc_separator type=\u00a0\u00bbtransparent\u00a0\u00bb up=\u00a0\u00bb20&Prime;][\/vc_column][\/vc_row][vc_row row_type=\u00a0\u00bbparallax\u00a0\u00bb parallax_content_width=\u00a0\u00bbfull_width\u00a0\u00bb text_align=\u00a0\u00bbleft\u00a0\u00bb full_screen_section_height=\u00a0\u00bbno\u00a0\u00bb][vc_column][vc_single_image image=\u00a0\u00bb1830&Prime; img_size=\u00a0\u00bbfull\u00a0\u00bb alignment=\u00a0\u00bbcenter\u00a0\u00bb qode_css_animation=\u00a0\u00bb\u00a0\u00bb][vc_separator type=\u00a0\u00bbtransparent\u00a0\u00bb up=\u00a0\u00bb20&Prime;][\/vc_column][\/vc_row][vc_row css_animation=\u00a0\u00bb\u00a0\u00bb row_type=\u00a0\u00bbrow\u00a0\u00bb use_row_as_full_screen_section=\u00a0\u00bbno\u00a0\u00bb type=\u00a0\u00bbgrid\u00a0\u00bb angled_section=\u00a0\u00bbno\u00a0\u00bb...","og_url":"https:\/\/galsusa.es\/fr\/ennvironement\/","og_site_name":"GALSUSA","article_publisher":"https:\/\/es-es.facebook.com\/GALSUSA.galvanizados","article_modified_time":"2021-07-05T17:18:29+00:00","twitter_misc":{"Dur\u00e9e de lecture estim\u00e9e":"3 minutes"},"schema":{"@context":"https:\/\/schema.org","@graph":[{"@type":"WebPage","@id":"https:\/\/galsusa.es\/fr\/ennvironement\/","url":"https:\/\/galsusa.es\/fr\/ennvironement\/","name":"Ennvironement &#183; GALSUSA","isPartOf":{"@id":"https:\/\/galsusa.es\/#website"},"datePublished":"2018-04-11T15:57:28+00:00","dateModified":"2021-07-05T17:18:29+00:00","breadcrumb":{"@id":"https:\/\/galsusa.es\/fr\/ennvironement\/#breadcrumb"},"inLanguage":"fr-FR","potentialAction":[{"@type":"ReadAction","target":["https:\/\/galsusa.es\/fr\/ennvironement\/"]}]},{"@type":"BreadcrumbList","@id":"https:\/\/galsusa.es\/fr\/ennvironement\/#breadcrumb","itemListElement":[{"@type":"ListItem","position":1,"name":"Portada","item":"https:\/\/galsusa.es\/fr\/galvaniser-protege-lacier-contre-la-corrosion-cabine-de-grenaillage-nous-commercialisons-produits-metalliques-lies-a-notre-activite-des-profiles-siderurgiques\/"},{"@type":"ListItem","position":2,"name":"Ennvironement"}]},{"@type":"WebSite","@id":"https:\/\/galsusa.es\/#website","url":"https:\/\/galsusa.es\/","name":"GALSUSA","description":"Galvanizados del Sureste, S.A.","publisher":{"@id":"https:\/\/galsusa.es\/#organization"},"potentialAction":[{"@type":"SearchAction","target":{"@type":"EntryPoint","urlTemplate":"https:\/\/galsusa.es\/?s={search_term_string}"},"query-input":"required name=search_term_string"}],"inLanguage":"fr-FR"},{"@type":"Organization","@id":"https:\/\/galsusa.es\/#organization","name":"GALSUSA","url":"https:\/\/galsusa.es\/","logo":{"@type":"ImageObject","inLanguage":"fr-FR","@id":"https:\/\/galsusa.es\/#\/schema\/logo\/image\/","url":"https:\/\/galsusa.es\/wp-content\/uploads\/2018\/04\/Logo-Galsusa-2.png","contentUrl":"https:\/\/galsusa.es\/wp-content\/uploads\/2018\/04\/Logo-Galsusa-2.png","width":258,"height":360,"caption":"GALSUSA"},"image":{"@id":"https:\/\/galsusa.es\/#\/schema\/logo\/image\/"},"sameAs":["https:\/\/es-es.facebook.com\/GALSUSA.galvanizados","https:\/\/x.com\/galvanizadores","https:\/\/es.linkedin.com\/company\/galsusa","https:\/\/www.youtube.com\/channel\/UCcOYSAZeODZViliHAfPD2cw"]}]}},"_links":{"self":[{"href":"https:\/\/galsusa.es\/fr\/wp-json\/wp\/v2\/pages\/3020","targetHints":{"allow":["GET"]}}],"collection":[{"href":"https:\/\/galsusa.es\/fr\/wp-json\/wp\/v2\/pages"}],"about":[{"href":"https:\/\/galsusa.es\/fr\/wp-json\/wp\/v2\/types\/page"}],"author":[{"embeddable":true,"href":"https:\/\/galsusa.es\/fr\/wp-json\/wp\/v2\/users\/1"}],"replies":[{"embeddable":true,"href":"https:\/\/galsusa.es\/fr\/wp-json\/wp\/v2\/comments?post=3020"}],"version-history":[{"count":6,"href":"https:\/\/galsusa.es\/fr\/wp-json\/wp\/v2\/pages\/3020\/revisions"}],"predecessor-version":[{"id":3180,"href":"https:\/\/galsusa.es\/fr\/wp-json\/wp\/v2\/pages\/3020\/revisions\/3180"}],"wp:attachment":[{"href":"https:\/\/galsusa.es\/fr\/wp-json\/wp\/v2\/media?parent=3020"}],"curies":[{"name":"wp","href":"https:\/\/api.w.org\/{rel}","templated":true}]}}