{"id":2987,"date":"2017-10-25T12:23:38","date_gmt":"2017-10-25T12:23:38","guid":{"rendered":"https:\/\/galsusa.es\/galvanizados-del-sureste\/"},"modified":"2021-07-05T17:52:00","modified_gmt":"2021-07-05T17:52:00","slug":"galvanizados-del-sureste-2","status":"publish","type":"page","link":"https:\/\/galsusa.es\/fr\/galvanizados-del-sureste-2\/","title":{"rendered":"L\u2019Entreprise"},"content":{"rendered":"<p>[vc_row css_animation=\u00a0\u00bb\u00a0\u00bb row_type=\u00a0\u00bbrow\u00a0\u00bb use_row_as_full_screen_section=\u00a0\u00bbno\u00a0\u00bb type=\u00a0\u00bbfull_width\u00a0\u00bb angled_section=\u00a0\u00bbno\u00a0\u00bb text_align=\u00a0\u00bbleft\u00a0\u00bb background_image_as_pattern=\u00a0\u00bbwithout_pattern\u00a0\u00bb z_index=\u00a0\u00bb\u00a0\u00bb][vc_column][vc_single_image image=\u00a0\u00bb2990&Prime; img_size=\u00a0\u00bbfull\u00a0\u00bb qode_css_animation=\u00a0\u00bb\u00a0\u00bb css=\u00a0\u00bb.vc_custom_1526404915007{padding-left: 1% !important;}\u00a0\u00bb][\/vc_column][\/vc_row][vc_row css_animation=\u00a0\u00bb\u00a0\u00bb row_type=\u00a0\u00bbrow\u00a0\u00bb use_row_as_full_screen_section=\u00a0\u00bbno\u00a0\u00bb type=\u00a0\u00bbgrid\u00a0\u00bb angled_section=\u00a0\u00bbno\u00a0\u00bb text_align=\u00a0\u00bbleft\u00a0\u00bb background_image_as_pattern=\u00a0\u00bbwithout_pattern\u00a0\u00bb z_index=\u00a0\u00bb\u00a0\u00bb][vc_column][vc_column_text]<\/p>\n<h2 style=\"text-align: left;\">La Pr\u00e9sentation<\/h2>\n<p>[\/vc_column_text][vc_separator type=\u00a0\u00bbtransparent\u00a0\u00bb up=\u00a0\u00bb20&Prime;][\/vc_column][\/vc_row][vc_row css_animation=\u00a0\u00bb\u00a0\u00bb row_type=\u00a0\u00bbrow\u00a0\u00bb use_row_as_full_screen_section=\u00a0\u00bbno\u00a0\u00bb type=\u00a0\u00bbgrid\u00a0\u00bb angled_section=\u00a0\u00bbno\u00a0\u00bb text_align=\u00a0\u00bbleft\u00a0\u00bb background_image_as_pattern=\u00a0\u00bbwithout_pattern\u00a0\u00bb z_index=\u00a0\u00bb\u00a0\u00bb][vc_column width=\u00a0\u00bb1\/2&Prime;][vc_column_text]<\/p>\n<p style=\"text-align: justify;\">Galvanizados del Sureste, S.A. (GALSUSA) fait son apparition comme entreprise de services en 1977.<\/p>\n<p>&nbsp;<\/p>\n<p style=\"text-align: justify;\">Ses installations sont situ\u00e9es dans la zone industrielle \u00ab La Polvorista \u00bb, sur la limite gauche de Molina de Segura (Murcie), sur une surface de 50.000 m\u00e8tres carr\u00e9s avec une usine de galvanisation \u00e0 chaud par immersion dans du zinc fondu, pionni\u00e8re dans la r\u00e9gion de Murcie, des ateliers de fabrication du m\u00e9tal, des entrep\u00f4ts de produits sid\u00e9rurgiques et une cabine de grenaillage.<\/p>\n<p>[\/vc_column_text][\/vc_column][vc_column width=\u00a0\u00bb1\/2&Prime;][vc_column_text]<\/p>\n<p style=\"text-align: justify;\">Notre creuset avec 400 Tm de zinc fondu a les mesures suivantes : 12,5 m. de long, 1,7 m. de large et 2,7 m. de profondeur, permettant la galvanisation des pi\u00e8ces \u00e0 double immersion jusqu\u2019\u00e0 16 m. de long et 5 m. de haut, compos\u00e9 de diff\u00e9rentes largeurs.<\/p>\n<p>&nbsp;<\/p>\n<p style=\"text-align: justify;\">Cette infrastructure avec une capacit\u00e9 d\u2019\u00e9l\u00e9vation de 12 Tm. au-dessus du creuset constitue l\u2019usine avec la plus grande capacit\u00e9 de galvanisation de la r\u00e9gion.<\/p>\n<p>[\/vc_column_text][\/vc_column][\/vc_row][vc_row css_animation=\u00a0\u00bb\u00a0\u00bb row_type=\u00a0\u00bbrow\u00a0\u00bb use_row_as_full_screen_section=\u00a0\u00bbno\u00a0\u00bb type=\u00a0\u00bbgrid\u00a0\u00bb angled_section=\u00a0\u00bbno\u00a0\u00bb text_align=\u00a0\u00bbleft\u00a0\u00bb background_image_as_pattern=\u00a0\u00bbwithout_pattern\u00a0\u00bb z_index=\u00a0\u00bb\u00a0\u00bb][vc_column][vc_separator type=\u00a0\u00bbtransparent\u00a0\u00bb up=\u00a0\u00bb50&Prime;][vc_video link=\u00a0\u00bbhttps:\/\/youtu.be\/aOZgImdp8EU\u00a0\u00bb el_aspect=\u00a0\u00bb235&Prime; align=\u00a0\u00bbcenter\u00a0\u00bb][vc_separator type=\u00a0\u00bbtransparent\u00a0\u00bb up=\u00a0\u00bb50&Prime;][\/vc_column][\/vc_row][vc_row css_animation=\u00a0\u00bb\u00a0\u00bb row_type=\u00a0\u00bbrow\u00a0\u00bb use_row_as_full_screen_section=\u00a0\u00bbno\u00a0\u00bb type=\u00a0\u00bbgrid\u00a0\u00bb angled_section=\u00a0\u00bbno\u00a0\u00bb text_align=\u00a0\u00bbleft\u00a0\u00bb background_image_as_pattern=\u00a0\u00bbwithout_pattern\u00a0\u00bb padding_top=\u00a0\u00bb5&Prime; padding_bottom=\u00a0\u00bb50&Prime; z_index=\u00a0\u00bb\u00a0\u00bb css=\u00a0\u00bb.vc_custom_1523387085841{background-color: #ededed !important;}\u00a0\u00bb][vc_column width=\u00a0\u00bb1\/2&Prime;][vc_separator type=\u00a0\u00bbtransparent\u00a0\u00bb up=\u00a0\u00bb75&Prime;][vc_column_text]<\/p>\n<h2 style=\"text-align: left;\">Les Certifications<\/h2>\n<p>[\/vc_column_text][vc_separator type=\u00a0\u00bbtransparent\u00a0\u00bb up=\u00a0\u00bb20&Prime;][vc_column_text]<\/p>\n<p style=\"text-align: justify;\">Pour assurer notre qualit\u00e9, un Syst\u00e8me de Gestion de la Qualit\u00e9 a \u00e9t\u00e9 implant\u00e9 et certifi\u00e9 par Bureau Veritas selon UNE-EN ISO 9001 depuis 1998 ainsi comme un Certificat de Convergence de la production par le Minist\u00e8re de l\u2019Economie, de l\u2019Industrie et de la Comp\u00e9titivit\u00e9 avec le num\u00e9ro d&rsquo;Homologation CPG- 0000021, depuis 1987.<\/p>\n<p>[\/vc_column_text][vc_separator type=\u00a0\u00bbtransparent\u00a0\u00bb up=\u00a0\u00bb10&Prime;][vc_column_text]<\/p>\n<p style=\"text-align: justify;\">\u00c9tant conscients de notre responsabilit\u00e9 avec l\u2019environnement, nous avons \u00e9tabli le Syst\u00e8me de Gestion \u00c9cologique et la Certification par Bureau Veritas, conform\u00e9ment aux exigences de la Norme UNE-EN ISO 14001 :2015. Ainsi, l\u2019engagement d\u2019am\u00e9lioration continue contenu dans notre <a href=\"https:\/\/galsusa.es\/wp-content\/certificados\/Pol\u00edtica de Calidad y Medio Ambiente, Mayo 2019.pdf\">Politique du syst\u00e8me de gestion int\u00e9gr\u00e9<\/a>.<\/p>\n<p>[\/vc_column_text][vc_separator type=\u00a0\u00bbtransparent\u00a0\u00bb up=\u00a0\u00bb10&Prime;][vc_row_inner row_type=\u00a0\u00bbrow\u00a0\u00bb type=\u00a0\u00bbfull_width\u00a0\u00bb text_align=\u00a0\u00bbleft\u00a0\u00bb css_animation=\u00a0\u00bb\u00a0\u00bb][vc_column_inner width=\u00a0\u00bb1\/3&Prime;][vc_single_image image=\u00a0\u00bb3151&Prime; img_size=\u00a0\u00bbfull\u00a0\u00bb onclick=\u00a0\u00bbcustom_link\u00a0\u00bb img_link_target=\u00a0\u00bb_blank\u00a0\u00bb qode_css_animation=\u00a0\u00bb\u00a0\u00bb link=\u00a0\u00bbhttps:\/\/galsusa.es\/wp-content\/certificados\/Certificado 9001.pdf\u00a0\u00bb][\/vc_column_inner][vc_column_inner width=\u00a0\u00bb1\/3&Prime;][vc_single_image image=\u00a0\u00bb3154&Prime; img_size=\u00a0\u00bbfull\u00a0\u00bb onclick=\u00a0\u00bbcustom_link\u00a0\u00bb qode_css_animation=\u00a0\u00bb\u00a0\u00bb link=\u00a0\u00bbhttps:\/\/galsusa.es\/wp-content\/certificados\/Certificado 14001.pdf\u00a0\u00bb][\/vc_column_inner][vc_column_inner width=\u00a0\u00bb1\/3&Prime;][vc_single_image image=\u00a0\u00bb2873&Prime; img_size=\u00a0\u00bbfull\u00a0\u00bb onclick=\u00a0\u00bbcustom_link\u00a0\u00bb img_link_target=\u00a0\u00bb_blank\u00a0\u00bb qode_css_animation=\u00a0\u00bb\u00a0\u00bb link=\u00a0\u00bbhttps:\/\/galsusa.es\/wp-content\/certificados\/Certificado%20de%20Homologaci%C3%B3n%20Ministerio%20de%20Econom%C3%ADa,%20Industria%20y%20Competitividad.pdf\u00a0\u00bb][\/vc_column_inner][\/vc_row_inner][vc_separator type=\u00a0\u00bbtransparent\u00a0\u00bb up=\u00a0\u00bb80&Prime;][\/vc_column][vc_column width=\u00a0\u00bb1\/2&Prime;][vc_separator type=\u00a0\u00bbtransparent\u00a0\u00bb up=\u00a0\u00bb150&Prime;][vc_single_image image=\u00a0\u00bb2414&Prime; img_size=\u00a0\u00bb440&#215;440&Prime; alignment=\u00a0\u00bbcenter\u00a0\u00bb qode_css_animation=\u00a0\u00bb\u00a0\u00bb qode_hover_animation=\u00a0\u00bbzoom_in\u00a0\u00bb][\/vc_column][\/vc_row][vc_row css_animation=\u00a0\u00bb\u00a0\u00bb row_type=\u00a0\u00bbrow\u00a0\u00bb use_row_as_full_screen_section=\u00a0\u00bbno\u00a0\u00bb type=\u00a0\u00bbfull_width\u00a0\u00bb angled_section=\u00a0\u00bbno\u00a0\u00bb text_align=\u00a0\u00bbleft\u00a0\u00bb background_image_as_pattern=\u00a0\u00bbwithout_pattern\u00a0\u00bb padding_top=\u00a0\u00bb5&Prime; padding_bottom=\u00a0\u00bb50&Prime; z_index=\u00a0\u00bb\u00a0\u00bb css=\u00a0\u00bb.vc_custom_1523460950304{background-color: #ededed !important;}\u00a0\u00bb][vc_column][vc_separator type=\u00a0\u00bbtransparent\u00a0\u00bb up=\u00a0\u00bb50&Prime;][vc_row_inner row_type=\u00a0\u00bbrow\u00a0\u00bb type=\u00a0\u00bbgrid\u00a0\u00bb text_align=\u00a0\u00bbleft\u00a0\u00bb css_animation=\u00a0\u00bb\u00a0\u00bb][vc_column_inner width=\u00a0\u00bb1\/2&Prime;][vc_separator type=\u00a0\u00bbtransparent\u00a0\u00bb up=\u00a0\u00bb10&Prime;][vc_single_image image=\u00a0\u00bb2606&Prime; img_size=\u00a0\u00bbmedium\u00a0\u00bb alignment=\u00a0\u00bbcenter\u00a0\u00bb qode_css_animation=\u00a0\u00bb\u00a0\u00bb][\/vc_column_inner][vc_column_inner width=\u00a0\u00bb1\/2&Prime;][vc_column_text]<\/p>\n<blockquote>\n<h5 style=\"text-align: justify;\"><span style=\"color: #999999;\">En Novembre 2017 l\u2019entreprise Galvanizados del Sureste, S.A. a \u00e9t\u00e9 b\u00e9n\u00e9ficiaire du Fonds Europ\u00e9en de D\u00e9veloppement R\u00e9gional dont l\u2019objectif a \u00e9t\u00e9 le conseil sur l\u2019implantation des syst\u00e8mes de gestion de l\u2019environnement. Pour cela, elle a eu le soutien du Programme \u00ab Innocamaras \u00bb de la Chambre de Commerce de Murcie.<\/span><\/h5>\n<\/blockquote>\n<p>[\/vc_column_text][vc_separator type=\u00a0\u00bbtransparent\u00a0\u00bb up=\u00a0\u00bb40&Prime;][\/vc_column_inner][\/vc_row_inner][vc_separator type=\u00a0\u00bbtransparent\u00a0\u00bb up=\u00a0\u00bb50&Prime;][vc_gallery type=\u00a0\u00bbimage_grid\u00a0\u00bb images=\u00a0\u00bb2086,1530,1509,1563,1548&Prime; img_size=\u00a0\u00bb300&#215;400&Prime; column_number=\u00a0\u00bb5&Prime; grayscale=\u00a0\u00bbyes\u00a0\u00bb images_space=\u00a0\u00bbgallery_without_space\u00a0\u00bb][vc_separator type=\u00a0\u00bbtransparent\u00a0\u00bb up=\u00a0\u00bb40&Prime;][\/vc_column][\/vc_row]<\/p>\n","protected":false},"excerpt":{"rendered":"<p>[vc_row css_animation=\u00a0\u00bb\u00a0\u00bb row_type=\u00a0\u00bbrow\u00a0\u00bb use_row_as_full_screen_section=\u00a0\u00bbno\u00a0\u00bb type=\u00a0\u00bbfull_width\u00a0\u00bb angled_section=\u00a0\u00bbno\u00a0\u00bb text_align=\u00a0\u00bbleft\u00a0\u00bb background_image_as_pattern=\u00a0\u00bbwithout_pattern\u00a0\u00bb z_index=\u00a0\u00bb\u00a0\u00bb][vc_column][vc_single_image image=\u00a0\u00bb2990&Prime; img_size=\u00a0\u00bbfull\u00a0\u00bb qode_css_animation=\u00a0\u00bb\u00a0\u00bb css=\u00a0\u00bb.vc_custom_1526404915007{padding-left: 1% !important;}\u00a0\u00bb][\/vc_column][\/vc_row][vc_row css_animation=\u00a0\u00bb\u00a0\u00bb row_type=\u00a0\u00bbrow\u00a0\u00bb use_row_as_full_screen_section=\u00a0\u00bbno\u00a0\u00bb type=\u00a0\u00bbgrid\u00a0\u00bb angled_section=\u00a0\u00bbno\u00a0\u00bb text_align=\u00a0\u00bbleft\u00a0\u00bb background_image_as_pattern=\u00a0\u00bbwithout_pattern\u00a0\u00bb z_index=\u00a0\u00bb\u00a0\u00bb][vc_column][vc_column_text] La Pr\u00e9sentation [\/vc_column_text][vc_separator type=\u00a0\u00bbtransparent\u00a0\u00bb up=\u00a0\u00bb20&Prime;][\/vc_column][\/vc_row][vc_row css_animation=\u00a0\u00bb\u00a0\u00bb row_type=\u00a0\u00bbrow\u00a0\u00bb use_row_as_full_screen_section=\u00a0\u00bbno\u00a0\u00bb type=\u00a0\u00bbgrid\u00a0\u00bb angled_section=\u00a0\u00bbno\u00a0\u00bb text_align=\u00a0\u00bbleft\u00a0\u00bb background_image_as_pattern=\u00a0\u00bbwithout_pattern\u00a0\u00bb z_index=\u00a0\u00bb\u00a0\u00bb][vc_column width=\u00a0\u00bb1\/2&Prime;][vc_column_text] Galvanizados del Sureste, S.A. (GALSUSA) fait son apparition&#8230;<\/p>\n","protected":false},"author":1,"featured_media":0,"parent":0,"menu_order":0,"comment_status":"closed","ping_status":"closed","template":"full_width.php","meta":{"footnotes":""},"class_list":["post-2987","page","type-page","status-publish","hentry"],"yoast_head":"<!-- This site is optimized with the Yoast SEO plugin v22.5 - https:\/\/yoast.com\/wordpress\/plugins\/seo\/ -->\n<title>Empresa \u00b7 Galvanizados del Sureste, S.A. \u00b7 GALSUSA<\/title>\n<meta name=\"description\" content=\"En Galvanizados del Sureste contamos con una planta de galvanizaci\u00f3n en caliente por inmersi\u00f3n en zinc fundido, pionera en la Regi\u00f3n de Murcia, talleres de fabricaci\u00f3n de manufacturados met\u00e1licos, almac\u00e9n de productos sider\u00fargicos y cabina de granallado.\" \/>\n<meta name=\"robots\" content=\"index, follow, max-snippet:-1, max-image-preview:large, max-video-preview:-1\" \/>\n<link rel=\"canonical\" href=\"https:\/\/galsusa.es\/fr\/galvanizados-del-sureste-2\/\" \/>\n<meta property=\"og:locale\" content=\"fr_FR\" \/>\n<meta property=\"og:type\" content=\"article\" \/>\n<meta property=\"og:title\" content=\"Empresa \u00b7 Galvanizados del Sureste, S.A. \u00b7 GALSUSA\" \/>\n<meta property=\"og:description\" content=\"En Galvanizados del Sureste contamos con una planta de galvanizaci\u00f3n en caliente por inmersi\u00f3n en zinc fundido, pionera en la Regi\u00f3n de Murcia, talleres de fabricaci\u00f3n de manufacturados met\u00e1licos, almac\u00e9n de productos sider\u00fargicos y cabina de granallado.\" \/>\n<meta property=\"og:url\" content=\"https:\/\/galsusa.es\/fr\/galvanizados-del-sureste-2\/\" \/>\n<meta property=\"og:site_name\" content=\"GALSUSA\" \/>\n<meta property=\"article:publisher\" content=\"https:\/\/es-es.facebook.com\/GALSUSA.galvanizados\" \/>\n<meta property=\"article:modified_time\" content=\"2021-07-05T17:52:00+00:00\" \/>\n<meta name=\"twitter:label1\" content=\"Dur\u00e9e de lecture estim\u00e9e\" \/>\n\t<meta name=\"twitter:data1\" content=\"2 minutes\" \/>\n<script type=\"application\/ld+json\" class=\"yoast-schema-graph\">{\"@context\":\"https:\/\/schema.org\",\"@graph\":[{\"@type\":\"WebPage\",\"@id\":\"https:\/\/galsusa.es\/fr\/galvanizados-del-sureste-2\/\",\"url\":\"https:\/\/galsusa.es\/fr\/galvanizados-del-sureste-2\/\",\"name\":\"Empresa \u00b7 Galvanizados del Sureste, S.A. \u00b7 GALSUSA\",\"isPartOf\":{\"@id\":\"https:\/\/galsusa.es\/#website\"},\"datePublished\":\"2017-10-25T12:23:38+00:00\",\"dateModified\":\"2021-07-05T17:52:00+00:00\",\"description\":\"En Galvanizados del Sureste contamos con una planta de galvanizaci\u00f3n en caliente por inmersi\u00f3n en zinc fundido, pionera en la Regi\u00f3n de Murcia, talleres de fabricaci\u00f3n de manufacturados met\u00e1licos, almac\u00e9n de productos sider\u00fargicos y cabina de granallado.\",\"breadcrumb\":{\"@id\":\"https:\/\/galsusa.es\/fr\/galvanizados-del-sureste-2\/#breadcrumb\"},\"inLanguage\":\"fr-FR\",\"potentialAction\":[{\"@type\":\"ReadAction\",\"target\":[\"https:\/\/galsusa.es\/fr\/galvanizados-del-sureste-2\/\"]}]},{\"@type\":\"BreadcrumbList\",\"@id\":\"https:\/\/galsusa.es\/fr\/galvanizados-del-sureste-2\/#breadcrumb\",\"itemListElement\":[{\"@type\":\"ListItem\",\"position\":1,\"name\":\"Portada\",\"item\":\"https:\/\/galsusa.es\/fr\/galvaniser-protege-lacier-contre-la-corrosion-cabine-de-grenaillage-nous-commercialisons-produits-metalliques-lies-a-notre-activite-des-profiles-siderurgiques\/\"},{\"@type\":\"ListItem\",\"position\":2,\"name\":\"L\u2019Entreprise\"}]},{\"@type\":\"WebSite\",\"@id\":\"https:\/\/galsusa.es\/#website\",\"url\":\"https:\/\/galsusa.es\/\",\"name\":\"GALSUSA\",\"description\":\"Galvanizados del Sureste, S.A.\",\"publisher\":{\"@id\":\"https:\/\/galsusa.es\/#organization\"},\"potentialAction\":[{\"@type\":\"SearchAction\",\"target\":{\"@type\":\"EntryPoint\",\"urlTemplate\":\"https:\/\/galsusa.es\/?s={search_term_string}\"},\"query-input\":\"required name=search_term_string\"}],\"inLanguage\":\"fr-FR\"},{\"@type\":\"Organization\",\"@id\":\"https:\/\/galsusa.es\/#organization\",\"name\":\"GALSUSA\",\"url\":\"https:\/\/galsusa.es\/\",\"logo\":{\"@type\":\"ImageObject\",\"inLanguage\":\"fr-FR\",\"@id\":\"https:\/\/galsusa.es\/#\/schema\/logo\/image\/\",\"url\":\"https:\/\/galsusa.es\/wp-content\/uploads\/2018\/04\/Logo-Galsusa-2.png\",\"contentUrl\":\"https:\/\/galsusa.es\/wp-content\/uploads\/2018\/04\/Logo-Galsusa-2.png\",\"width\":258,\"height\":360,\"caption\":\"GALSUSA\"},\"image\":{\"@id\":\"https:\/\/galsusa.es\/#\/schema\/logo\/image\/\"},\"sameAs\":[\"https:\/\/es-es.facebook.com\/GALSUSA.galvanizados\",\"https:\/\/x.com\/galvanizadores\",\"https:\/\/es.linkedin.com\/company\/galsusa\",\"https:\/\/www.youtube.com\/channel\/UCcOYSAZeODZViliHAfPD2cw\"]}]}<\/script>\n<!-- \/ Yoast SEO plugin. -->","yoast_head_json":{"title":"Empresa \u00b7 Galvanizados del Sureste, S.A. \u00b7 GALSUSA","description":"En Galvanizados del Sureste contamos con una planta de galvanizaci\u00f3n en caliente por inmersi\u00f3n en zinc fundido, pionera en la Regi\u00f3n de Murcia, talleres de fabricaci\u00f3n de manufacturados met\u00e1licos, almac\u00e9n de productos sider\u00fargicos y cabina de granallado.","robots":{"index":"index","follow":"follow","max-snippet":"max-snippet:-1","max-image-preview":"max-image-preview:large","max-video-preview":"max-video-preview:-1"},"canonical":"https:\/\/galsusa.es\/fr\/galvanizados-del-sureste-2\/","og_locale":"fr_FR","og_type":"article","og_title":"Empresa \u00b7 Galvanizados del Sureste, S.A. \u00b7 GALSUSA","og_description":"En Galvanizados del Sureste contamos con una planta de galvanizaci\u00f3n en caliente por inmersi\u00f3n en zinc fundido, pionera en la Regi\u00f3n de Murcia, talleres de fabricaci\u00f3n de manufacturados met\u00e1licos, almac\u00e9n de productos sider\u00fargicos y cabina de granallado.","og_url":"https:\/\/galsusa.es\/fr\/galvanizados-del-sureste-2\/","og_site_name":"GALSUSA","article_publisher":"https:\/\/es-es.facebook.com\/GALSUSA.galvanizados","article_modified_time":"2021-07-05T17:52:00+00:00","twitter_misc":{"Dur\u00e9e de lecture estim\u00e9e":"2 minutes"},"schema":{"@context":"https:\/\/schema.org","@graph":[{"@type":"WebPage","@id":"https:\/\/galsusa.es\/fr\/galvanizados-del-sureste-2\/","url":"https:\/\/galsusa.es\/fr\/galvanizados-del-sureste-2\/","name":"Empresa \u00b7 Galvanizados del Sureste, S.A. \u00b7 GALSUSA","isPartOf":{"@id":"https:\/\/galsusa.es\/#website"},"datePublished":"2017-10-25T12:23:38+00:00","dateModified":"2021-07-05T17:52:00+00:00","description":"En Galvanizados del Sureste contamos con una planta de galvanizaci\u00f3n en caliente por inmersi\u00f3n en zinc fundido, pionera en la Regi\u00f3n de Murcia, talleres de fabricaci\u00f3n de manufacturados met\u00e1licos, almac\u00e9n de productos sider\u00fargicos y cabina de granallado.","breadcrumb":{"@id":"https:\/\/galsusa.es\/fr\/galvanizados-del-sureste-2\/#breadcrumb"},"inLanguage":"fr-FR","potentialAction":[{"@type":"ReadAction","target":["https:\/\/galsusa.es\/fr\/galvanizados-del-sureste-2\/"]}]},{"@type":"BreadcrumbList","@id":"https:\/\/galsusa.es\/fr\/galvanizados-del-sureste-2\/#breadcrumb","itemListElement":[{"@type":"ListItem","position":1,"name":"Portada","item":"https:\/\/galsusa.es\/fr\/galvaniser-protege-lacier-contre-la-corrosion-cabine-de-grenaillage-nous-commercialisons-produits-metalliques-lies-a-notre-activite-des-profiles-siderurgiques\/"},{"@type":"ListItem","position":2,"name":"L\u2019Entreprise"}]},{"@type":"WebSite","@id":"https:\/\/galsusa.es\/#website","url":"https:\/\/galsusa.es\/","name":"GALSUSA","description":"Galvanizados del Sureste, S.A.","publisher":{"@id":"https:\/\/galsusa.es\/#organization"},"potentialAction":[{"@type":"SearchAction","target":{"@type":"EntryPoint","urlTemplate":"https:\/\/galsusa.es\/?s={search_term_string}"},"query-input":"required name=search_term_string"}],"inLanguage":"fr-FR"},{"@type":"Organization","@id":"https:\/\/galsusa.es\/#organization","name":"GALSUSA","url":"https:\/\/galsusa.es\/","logo":{"@type":"ImageObject","inLanguage":"fr-FR","@id":"https:\/\/galsusa.es\/#\/schema\/logo\/image\/","url":"https:\/\/galsusa.es\/wp-content\/uploads\/2018\/04\/Logo-Galsusa-2.png","contentUrl":"https:\/\/galsusa.es\/wp-content\/uploads\/2018\/04\/Logo-Galsusa-2.png","width":258,"height":360,"caption":"GALSUSA"},"image":{"@id":"https:\/\/galsusa.es\/#\/schema\/logo\/image\/"},"sameAs":["https:\/\/es-es.facebook.com\/GALSUSA.galvanizados","https:\/\/x.com\/galvanizadores","https:\/\/es.linkedin.com\/company\/galsusa","https:\/\/www.youtube.com\/channel\/UCcOYSAZeODZViliHAfPD2cw"]}]}},"_links":{"self":[{"href":"https:\/\/galsusa.es\/fr\/wp-json\/wp\/v2\/pages\/2987","targetHints":{"allow":["GET"]}}],"collection":[{"href":"https:\/\/galsusa.es\/fr\/wp-json\/wp\/v2\/pages"}],"about":[{"href":"https:\/\/galsusa.es\/fr\/wp-json\/wp\/v2\/types\/page"}],"author":[{"embeddable":true,"href":"https:\/\/galsusa.es\/fr\/wp-json\/wp\/v2\/users\/1"}],"replies":[{"embeddable":true,"href":"https:\/\/galsusa.es\/fr\/wp-json\/wp\/v2\/comments?post=2987"}],"version-history":[{"count":9,"href":"https:\/\/galsusa.es\/fr\/wp-json\/wp\/v2\/pages\/2987\/revisions"}],"predecessor-version":[{"id":3193,"href":"https:\/\/galsusa.es\/fr\/wp-json\/wp\/v2\/pages\/2987\/revisions\/3193"}],"wp:attachment":[{"href":"https:\/\/galsusa.es\/fr\/wp-json\/wp\/v2\/media?parent=2987"}],"curies":[{"name":"wp","href":"https:\/\/api.w.org\/{rel}","templated":true}]}}