{"id":2983,"date":"2017-10-10T14:59:00","date_gmt":"2017-10-10T14:59:00","guid":{"rendered":"https:\/\/galsusa.es\/galvanizado-2\/"},"modified":"2021-07-05T17:01:47","modified_gmt":"2021-07-05T17:01:47","slug":"galvaniser-protege-lacier-contre-la-corrosion-cabine-de-grenaillage-nous-commercialisons-produits-metalliques-lies-a-notre-activite-des-profiles-siderurgiques","status":"publish","type":"page","link":"https:\/\/galsusa.es\/fr\/","title":{"rendered":"Galvaniser &#8211; Prot\u00e8ge l&rsquo;acier contre la corrosion &#8211; Cabine de Grenaillage &#8211; Nous commercialisons produits m\u00e9talliques li\u00e9s \u00e0 notre activit\u00e9: des profil\u00e9s sid\u00e9rurgiques."},"content":{"rendered":"<p>[vc_row css_animation=\u00a0\u00bb\u00a0\u00bb row_type=\u00a0\u00bbrow\u00a0\u00bb use_row_as_full_screen_section=\u00a0\u00bbno\u00a0\u00bb type=\u00a0\u00bbfull_width\u00a0\u00bb angled_section=\u00a0\u00bbno\u00a0\u00bb text_align=\u00a0\u00bbleft\u00a0\u00bb background_image_as_pattern=\u00a0\u00bbwithout_pattern\u00a0\u00bb][vc_column][qode_vertical_split_slider][qode_vertical_left_sliding_panel][qode_vertical_slide_content_item aligment=\u00a0\u00bbleft\u00a0\u00bb background_image=\u00a0\u00bb2013&Prime;][qode_elements_holder number_of_columns=\u00a0\u00bbone_column\u00a0\u00bb][qode_elements_holder_item advanced_animations=\u00a0\u00bbno\u00a0\u00bb item_padding=\u00a0\u00bb65px 196px 0 164px\u00a0\u00bb item_padding_1280_1440=\u00a0\u00bb50px 90px 0 90px\u00a0\u00bb item_padding_1024_1280=\u00a0\u00bb50px 45px 0 45px\u00a0\u00bb item_padding_768_1024=\u00a0\u00bb50px 45px 0 45px\u00a0\u00bb item_padding_600_768=\u00a0\u00bb30px 20px 0 20px\u00a0\u00bb item_padding_480_600=\u00a0\u00bb30px 20px 0 20px\u00a0\u00bb item_padding_480=\u00a0\u00bb30px 20px 0 20px\u00a0\u00bb][vc_column_text]<\/p>\n<h1><span style=\"color: #a02a27;\">Depuis 1977<\/span> Experts dans le processus<br \/>\nde Galvanisation<\/h1>\n<p>[\/vc_column_text][vc_empty_space height=\u00a0\u00bb18px\u00a0\u00bb][vc_column_text]<\/p>\n<h3><span style=\"color: #666666;\">Pionniers dans la region sud du levant espagnol.<\/span><\/h3>\n<p>[\/vc_column_text][vc_empty_space height=\u00a0\u00bb33px\u00a0\u00bb]\n\n\t<a href=\"https:\/\/galsusa.es\/fr\/galvanizados-del-sureste\/\" target=\"_self\" style=\"color: #ffffff;background-color: #a02a27;font-size: 17px;font-weight: 600;margin: 0 0 0 0\" class=\"qode-btn qode-btn-medium qode-btn-solid qode-btn-custom-hover-bg qode-btn-custom-hover-color qode-btn-custom-icon-bg-hover-color qode-btn-icon qodef-btn-icon-square qode-btn-icon-rotate\" data-hover-bg-color=\"#a02a27\" data-hover-color=\"#ffffff\" >\n\t    <span class=\"qode-btn-text\">GALSUSA<\/span><span class=\"qode-button-v2-icon-holder\" style=\"font-size: 26px;border-color: #a02a27;background-color: #bf3c00\" data-hover-icon-border-color=\"#a02a27\" data-hover-icon-bg-color=\"#bf3c00\"><span aria-hidden=\"true\" class=\"qode_icon_font_elegant icon_plus qode-button-v2-icon-holder-inner\" ><\/span><\/span>\t<\/a>\n\n[vc_empty_space height=\u00a0\u00bb30px\u00a0\u00bb][\/qode_elements_holder_item][\/qode_elements_holder][\/qode_vertical_slide_content_item][qode_vertical_slide_content_item aligment=\u00a0\u00bbleft\u00a0\u00bb header_style=\u00a0\u00bblight\u00a0\u00bb background_image=\u00a0\u00bb2062&Prime;][\/qode_vertical_slide_content_item][qode_vertical_slide_content_item aligment=\u00a0\u00bbleft\u00a0\u00bb background_image=\u00a0\u00bb25&Prime;][qode_elements_holder number_of_columns=\u00a0\u00bbone_column\u00a0\u00bb][qode_elements_holder_item advanced_animations=\u00a0\u00bbno\u00a0\u00bb item_padding=\u00a0\u00bb0 205px 0 186px\u00a0\u00bb item_padding_1280_1440=\u00a0\u00bb10px 90px 0 90px\u00a0\u00bb item_padding_1024_1280=\u00a0\u00bb50px 45px 0 45px\u00a0\u00bb item_padding_768_1024=\u00a0\u00bb50px 45px 0 45px\u00a0\u00bb item_padding_600_768=\u00a0\u00bb30px 20px 0 20px\u00a0\u00bb item_padding_480_600=\u00a0\u00bb30px 20px 0 20px\u00a0\u00bb item_padding_480=\u00a0\u00bb30px 20px 0 20px\u00a0\u00bb][vc_column_text]<\/p>\n<h1><span style=\"color: #a02a27;\">Les Grenaillages<\/span><\/h1>\n<p>[\/vc_column_text][vc_empty_space height=\u00a0\u00bb17px\u00a0\u00bb][vc_column_text]<\/p>\n<h3>Nous disposons d\u2019une cabine de grenaillage de 16 m\u00e8tres de long, 5 m\u00e8tres de large et 6 m\u00e8tres de haut.<\/h3>\n<p>[\/vc_column_text][vc_empty_space height=\u00a0\u00bb15px\u00a0\u00bb][vc_column_text]Pour le nettoyage, le renforcement ou le polissage du m\u00e9tal avec du rev\u00eatement vieilli et\/ou avec un haut degr\u00e9 de corrosion\u2026[\/vc_column_text][vc_empty_space height=\u00a0\u00bb18px\u00a0\u00bb][vc_column_text]<\/p>\n<h5><a href=\"https:\/\/galsusa.es\/fr\/contact\/\">Plus d\u2019informations?<\/a><\/h5>\n<p>[\/vc_column_text][\/qode_elements_holder_item][\/qode_elements_holder][\/qode_vertical_slide_content_item][qode_vertical_slide_content_item aligment=\u00a0\u00bbleft\u00a0\u00bb background_image=\u00a0\u00bb2152&Prime;][\/qode_vertical_slide_content_item][qode_vertical_slide_content_item aligment=\u00a0\u00bbleft\u00a0\u00bb background_image=\u00a0\u00bb32&Prime;][qode_elements_holder number_of_columns=\u00a0\u00bbone_column\u00a0\u00bb][qode_elements_holder_item advanced_animations=\u00a0\u00bbno\u00a0\u00bb item_padding=\u00a0\u00bb0px 171px 0 171px\u00a0\u00bb item_padding_1280_1440=\u00a0\u00bb35px 90px 0 90px\u00a0\u00bb item_padding_1024_1280=\u00a0\u00bb50px 45px 0 45px\u00a0\u00bb item_padding_768_1024=\u00a0\u00bb50px 45px 0 45px\u00a0\u00bb item_padding_600_768=\u00a0\u00bb30px 20px 0 20px\u00a0\u00bb item_padding_480_600=\u00a0\u00bb30px 20px 0 20px\u00a0\u00bb item_padding_480=\u00a0\u00bb30px 20px 0 20px\u00a0\u00bb]<div class=\"qode-accordion-holder clearfix qode-accordion qode-initial \">\n\t<h2 class=\"clearfix qode-title-holder\">\n<span class=\"qode-tab-title\">\n\t    <span class=\"qode-tab-title-inner\">\n        Qualit\u00e9    <\/span>\n<\/span>\n<span class=\"qode-accordion-mark\">\n    <span class=\"qode-accordion-mark-icon\">\n        <span class=\"icon_plus\"><\/span>\n        <span class=\"icon_minus-06\"><\/span>\n    <\/span>\n<\/span>\n<\/h2>\n<div  class=\"qode-accordion-content \" >\n    <div class=\"qode-accordion-content-inner\">\n        [vc_column_text]Notre responsabilit\u00e9, garantir la qualit\u00e9 et pour cela nous disposons d\u2019un certificat selon la norme UNE EN ISO 9001:2000, pour BUREAU VERITAS CERTIFICATION[\/vc_column_text]    <\/div>\n<\/div><h2 class=\"clearfix qode-title-holder\">\n<span class=\"qode-tab-title\">\n\t    <span class=\"qode-tab-title-inner\">\n        Investissement    <\/span>\n<\/span>\n<span class=\"qode-accordion-mark\">\n    <span class=\"qode-accordion-mark-icon\">\n        <span class=\"icon_plus\"><\/span>\n        <span class=\"icon_minus-06\"><\/span>\n    <\/span>\n<\/span>\n<\/h2>\n<div  class=\"qode-accordion-content \" >\n    <div class=\"qode-accordion-content-inner\">\n        [vc_column_text]Nous ne l\u00e9sinons pas sur nos installations en tant que moyens de contr\u00f4le de l\u2019environnement en r\u00e9alisant les v\u00e9rifications obligatoires et des investissements continuels. [\/vc_column_text]    <\/div>\n<\/div><h2 class=\"clearfix qode-title-holder\">\n<span class=\"qode-tab-title\">\n\t    <span class=\"qode-tab-title-inner\">\n        Tradition et innovation    <\/span>\n<\/span>\n<span class=\"qode-accordion-mark\">\n    <span class=\"qode-accordion-mark-icon\">\n        <span class=\"icon_plus\"><\/span>\n        <span class=\"icon_minus-06\"><\/span>\n    <\/span>\n<\/span>\n<\/h2>\n<div  class=\"qode-accordion-content \" >\n    <div class=\"qode-accordion-content-inner\">\n        [vc_column_text]<a href=\"https:\/\/galsusa.es\/wp-content\/certificados\/Certificado%20de%20Homologaci%C3%B3n%20Ministerio%20de%20Econom%C3%ADa,%20Industria%20y%20Competitividad.pdf\">Agr\u00e9\u00e9 depuis 1987 par le Ministerio de Industria, Comercio y Turismo<\/a>[\/vc_column_text]    <\/div>\n<\/div><\/div>[\/qode_elements_holder_item][\/qode_elements_holder][\/qode_vertical_slide_content_item][\/qode_vertical_left_sliding_panel][qode_vertical_right_sliding_panel][qode_vertical_slide_content_item aligment=\u00a0\u00bbleft\u00a0\u00bb header_style=\u00a0\u00bblight\u00a0\u00bb background_image=\u00a0\u00bb2019&Prime;][qode_elements_holder number_of_columns=\u00a0\u00bbone_column\u00a0\u00bb][qode_elements_holder_item advanced_animations=\u00a0\u00bbno\u00a0\u00bb item_padding=\u00a0\u00bb0px 194px 0 182px\u00a0\u00bb item_padding_1280_1440=\u00a0\u00bb0px 90px 0 90px\u00a0\u00bb item_padding_1024_1280=\u00a0\u00bb50px 45px 0 45px\u00a0\u00bb item_padding_768_1024=\u00a0\u00bb50px 45px 0 45px\u00a0\u00bb item_padding_600_768=\u00a0\u00bb30px 20px 0 20px\u00a0\u00bb item_padding_480_600=\u00a0\u00bb30px 20px 0 20px\u00a0\u00bb item_padding_480=\u00a0\u00bb30px 20px 0 20px\u00a0\u00bb][vc_single_image image=\u00a0\u00bb2146&Prime; img_size=\u00a0\u00bb750&#215;598&Prime; alignment=\u00a0\u00bbcenter\u00a0\u00bb qode_css_animation=\u00a0\u00bb\u00a0\u00bb][\/qode_elements_holder_item][\/qode_elements_holder][\/qode_vertical_slide_content_item][qode_vertical_slide_content_item aligment=\u00a0\u00bbleft\u00a0\u00bb background_image=\u00a0\u00bb18&Prime;][qode_elements_holder number_of_columns=\u00a0\u00bbone_column\u00a0\u00bb][qode_elements_holder_item advanced_animations=\u00a0\u00bbno\u00a0\u00bb item_padding=\u00a0\u00bb0 205px 0 186px\u00a0\u00bb item_padding_1280_1440=\u00a0\u00bb10px 90px 0 90px\u00a0\u00bb item_padding_1024_1280=\u00a0\u00bb50px 45px 0 45px\u00a0\u00bb item_padding_768_1024=\u00a0\u00bb50px 45px 0 45px\u00a0\u00bb item_padding_600_768=\u00a0\u00bb30px 20px 0 20px\u00a0\u00bb item_padding_480_600=\u00a0\u00bb30px 20px 0 20px\u00a0\u00bb item_padding_480=\u00a0\u00bb30px 20px 0 20px\u00a0\u00bb][vc_column_text]<\/p>\n<h1><span style=\"color: #a02a27;\">Galvaniser<\/span><\/h1>\n<p>[\/vc_column_text][vc_empty_space height=\u00a0\u00bb17px\u00a0\u00bb][vc_column_text]<\/p>\n<h3>Un creuset de 400Tm de zinc fondu avec les dimensions 12,5m. de long, 1,7m. de large et 2,7m. de profondeur.<\/h3>\n<p>[\/vc_column_text][vc_empty_space height=\u00a0\u00bb15px\u00a0\u00bb][vc_column_text]Cela permet la double immersion pour galvaniser des pi\u00e8ces jusqu\u2019\u00e0 16m. de long et 5m. de haut combinant avec diff\u00e9rentes hauteurs.<\/p>\n<p>Cette infrastructure, avec une capacit\u00e9 d\u2019\u00e9l\u00e9vation de 12Tm au-dessus du creuset, constitue l\u2019usine avec la plus grande capacit\u00e9 de galvanisation de toute la r\u00e9gion.<br \/>\n[\/vc_column_text][vc_empty_space height=\u00a0\u00bb18px\u00a0\u00bb][vc_column_text]<\/p>\n<h5><a href=\"https:\/\/galsusa.es\/fr\/la-galvanisation\/\">Qu\u2019est-ce que la galvanisation?<\/a><\/h5>\n<p>[\/vc_column_text][\/qode_elements_holder_item][\/qode_elements_holder][\/qode_vertical_slide_content_item][qode_vertical_slide_content_item aligment=\u00a0\u00bbleft\u00a0\u00bb background_image=\u00a0\u00bb2084&Prime;][\/qode_vertical_slide_content_item][qode_vertical_slide_content_item aligment=\u00a0\u00bbleft\u00a0\u00bb background_image=\u00a0\u00bb31&Prime;][qode_elements_holder number_of_columns=\u00a0\u00bbone_column\u00a0\u00bb][qode_elements_holder_item advanced_animations=\u00a0\u00bbno\u00a0\u00bb item_padding=\u00a0\u00bb0 205px 0 186px\u00a0\u00bb item_padding_1280_1440=\u00a0\u00bb10px 90px 0 90px\u00a0\u00bb item_padding_1024_1280=\u00a0\u00bb50px 45px 0 45px\u00a0\u00bb item_padding_768_1024=\u00a0\u00bb50px 45px 0 45px\u00a0\u00bb item_padding_600_768=\u00a0\u00bb30px 20px 0 20px\u00a0\u00bb item_padding_480_600=\u00a0\u00bb30px 20px 0 20px\u00a0\u00bb item_padding_480=\u00a0\u00bb30px 20px 0 20px\u00a0\u00bb][vc_column_text]<\/p>\n<h1><span style=\"color: #a02a27;\">Grillages Treillis Tramex<\/span><\/h1>\n<p>[\/vc_column_text][vc_empty_space height=\u00a0\u00bb17px\u00a0\u00bb][vc_column_text]<\/p>\n<h3>Nous disposons d\u2019une vaste gamme de produits pour satisfaire les n\u00e9cessit\u00e9s les plus vari\u00e9es\u2026<\/h3>\n<h3><strong>\u00a0<\/strong><\/h3>\n<p>[\/vc_column_text][vc_empty_space height=\u00a0\u00bb15px\u00a0\u00bb][vc_column_text]Nous disposons d\u2019enceintes m\u00e9talliques, de grilles, un entrep\u00f4t d\u2019acier parmi d\u2019autres\u2026[\/vc_column_text][vc_empty_space height=\u00a0\u00bb18px\u00a0\u00bb][vc_column_text]<\/p>\n<h5><a href=\"https:\/\/galsusa.es\/fr\/catalogue-produits\/\">Consultez notre CATALOGUE<\/a><\/h5>\n<p>[\/vc_column_text][\/qode_elements_holder_item][\/qode_elements_holder][\/qode_vertical_slide_content_item][qode_vertical_slide_content_item aligment=\u00a0\u00bbleft\u00a0\u00bb item_padding=\u00a0\u00bb0&Prime;]<div class='google_map_shortcode_holder' style='height:100vh'><div class='qode_google_map' style='height:100vh' id='map_canvas_99055' data-addresses='[\"Galsusa, Calle Blanca, Murcia\"]' data-custom-map-style='true' data-color-overlay='#393939' data-saturation='-100' data-lightness='0' data-zoom='15' data-pin='https:\/\/galsusa.es\/wp-content\/uploads\/2018\/04\/ping.png' data-unique-id='99055' data-google-maps-scroll-wheel='false' data-snazzy-map-style='no' data-map-height='100vh'><\/div><div class='google_map_shortcode_overlay'><\/div><\/div>[\/qode_vertical_slide_content_item][\/qode_vertical_right_sliding_panel][\/qode_vertical_split_slider][\/vc_column][\/vc_row]<\/p>\n","protected":false},"excerpt":{"rendered":"<p>[vc_row css_animation=\u00a0\u00bb\u00a0\u00bb row_type=\u00a0\u00bbrow\u00a0\u00bb use_row_as_full_screen_section=\u00a0\u00bbno\u00a0\u00bb type=\u00a0\u00bbfull_width\u00a0\u00bb angled_section=\u00a0\u00bbno\u00a0\u00bb text_align=\u00a0\u00bbleft\u00a0\u00bb background_image_as_pattern=\u00a0\u00bbwithout_pattern\u00a0\u00bb][vc_column][qode_vertical_split_slider][qode_vertical_left_sliding_panel][qode_vertical_slide_content_item aligment=\u00a0\u00bbleft\u00a0\u00bb background_image=\u00a0\u00bb2013&Prime;][qode_elements_holder number_of_columns=\u00a0\u00bbone_column\u00a0\u00bb][qode_elements_holder_item advanced_animations=\u00a0\u00bbno\u00a0\u00bb item_padding=\u00a0\u00bb65px 196px 0 164px\u00a0\u00bb item_padding_1280_1440=\u00a0\u00bb50px 90px 0 90px\u00a0\u00bb item_padding_1024_1280=\u00a0\u00bb50px 45px 0 45px\u00a0\u00bb item_padding_768_1024=\u00a0\u00bb50px 45px 0 45px\u00a0\u00bb item_padding_600_768=\u00a0\u00bb30px 20px 0 20px\u00a0\u00bb item_padding_480_600=\u00a0\u00bb30px 20px 0 20px\u00a0\u00bb item_padding_480=\u00a0\u00bb30px 20px 0 20px\u00a0\u00bb][vc_column_text] Depuis 1977 Experts dans le&#8230;<\/p>\n","protected":false},"author":1,"featured_media":0,"parent":0,"menu_order":0,"comment_status":"closed","ping_status":"closed","template":"full_width.php","meta":{"footnotes":""},"class_list":["post-2983","page","type-page","status-publish","hentry"],"yoast_head":"<!-- This site is optimized with the Yoast SEO plugin v22.5 - https:\/\/yoast.com\/wordpress\/plugins\/seo\/ -->\n<title>Galvanizado \u00b7 Granallados \u00b7 Emparrillados Rejillas Tramex \u00b7 GALSUSA<\/title>\n<meta name=\"description\" content=\"Galvanizados - \u2714 La mayor planta de Galvanizado - Galvanizaci\u00f3n - \u2714 Protege el acero contra la Corrosi\u00f3n - \u2714 Granallado - \u2714 Emparrillados Rejillas Tramex.\" \/>\n<meta name=\"robots\" content=\"index, follow, max-snippet:-1, max-image-preview:large, max-video-preview:-1\" \/>\n<link rel=\"canonical\" href=\"https:\/\/galsusa.es\/fr\/galvaniser-protege-lacier-contre-la-corrosion-cabine-de-grenaillage-nous-commercialisons-produits-metalliques-lies-a-notre-activite-des-profiles-siderurgiques\/\" \/>\n<meta property=\"og:locale\" content=\"fr_FR\" \/>\n<meta property=\"og:type\" content=\"article\" \/>\n<meta property=\"og:title\" content=\"Galvanizado \u00b7 Granallados \u00b7 Emparrillados Rejillas Tramex \u00b7 GALSUSA\" \/>\n<meta property=\"og:description\" content=\"Galvanizados - \u2714 La mayor planta de Galvanizado - Galvanizaci\u00f3n - \u2714 Protege el acero contra la Corrosi\u00f3n - \u2714 Granallado - \u2714 Emparrillados Rejillas Tramex.\" \/>\n<meta property=\"og:url\" content=\"https:\/\/galsusa.es\/fr\/galvaniser-protege-lacier-contre-la-corrosion-cabine-de-grenaillage-nous-commercialisons-produits-metalliques-lies-a-notre-activite-des-profiles-siderurgiques\/\" \/>\n<meta property=\"og:site_name\" content=\"GALSUSA\" \/>\n<meta property=\"article:publisher\" content=\"https:\/\/es-es.facebook.com\/GALSUSA.galvanizados\" \/>\n<meta property=\"article:modified_time\" content=\"2021-07-05T17:01:47+00:00\" \/>\n<meta name=\"twitter:label1\" content=\"Dur\u00e9e de lecture estim\u00e9e\" \/>\n\t<meta name=\"twitter:data1\" content=\"3 minutes\" \/>\n<script type=\"application\/ld+json\" class=\"yoast-schema-graph\">{\"@context\":\"https:\/\/schema.org\",\"@graph\":[{\"@type\":\"WebPage\",\"@id\":\"https:\/\/galsusa.es\/fr\/galvaniser-protege-lacier-contre-la-corrosion-cabine-de-grenaillage-nous-commercialisons-produits-metalliques-lies-a-notre-activite-des-profiles-siderurgiques\/\",\"url\":\"https:\/\/galsusa.es\/fr\/galvaniser-protege-lacier-contre-la-corrosion-cabine-de-grenaillage-nous-commercialisons-produits-metalliques-lies-a-notre-activite-des-profiles-siderurgiques\/\",\"name\":\"Galvanizado \u00b7 Granallados \u00b7 Emparrillados Rejillas Tramex \u00b7 GALSUSA\",\"isPartOf\":{\"@id\":\"https:\/\/galsusa.es\/#website\"},\"datePublished\":\"2017-10-10T14:59:00+00:00\",\"dateModified\":\"2021-07-05T17:01:47+00:00\",\"description\":\"Galvanizados - \u2714 La mayor planta de Galvanizado - Galvanizaci\u00f3n - \u2714 Protege el acero contra la Corrosi\u00f3n - \u2714 Granallado - \u2714 Emparrillados Rejillas Tramex.\",\"breadcrumb\":{\"@id\":\"https:\/\/galsusa.es\/fr\/galvaniser-protege-lacier-contre-la-corrosion-cabine-de-grenaillage-nous-commercialisons-produits-metalliques-lies-a-notre-activite-des-profiles-siderurgiques\/#breadcrumb\"},\"inLanguage\":\"fr-FR\",\"potentialAction\":[{\"@type\":\"ReadAction\",\"target\":[\"https:\/\/galsusa.es\/fr\/galvaniser-protege-lacier-contre-la-corrosion-cabine-de-grenaillage-nous-commercialisons-produits-metalliques-lies-a-notre-activite-des-profiles-siderurgiques\/\"]}]},{\"@type\":\"BreadcrumbList\",\"@id\":\"https:\/\/galsusa.es\/fr\/galvaniser-protege-lacier-contre-la-corrosion-cabine-de-grenaillage-nous-commercialisons-produits-metalliques-lies-a-notre-activite-des-profiles-siderurgiques\/#breadcrumb\",\"itemListElement\":[{\"@type\":\"ListItem\",\"position\":1,\"name\":\"Portada\",\"item\":\"https:\/\/galsusa.es\/fr\/galvaniser-protege-lacier-contre-la-corrosion-cabine-de-grenaillage-nous-commercialisons-produits-metalliques-lies-a-notre-activite-des-profiles-siderurgiques\/\"},{\"@type\":\"ListItem\",\"position\":2,\"name\":\"Galvaniser &#8211; Prot\u00e8ge l&#8217;acier contre la corrosion &#8211; Cabine de Grenaillage &#8211; Nous commercialisons produits m\u00e9talliques li\u00e9s \u00e0 notre activit\u00e9: des profil\u00e9s sid\u00e9rurgiques.\"}]},{\"@type\":\"WebSite\",\"@id\":\"https:\/\/galsusa.es\/#website\",\"url\":\"https:\/\/galsusa.es\/\",\"name\":\"GALSUSA\",\"description\":\"Galvanizados del Sureste, S.A.\",\"publisher\":{\"@id\":\"https:\/\/galsusa.es\/#organization\"},\"potentialAction\":[{\"@type\":\"SearchAction\",\"target\":{\"@type\":\"EntryPoint\",\"urlTemplate\":\"https:\/\/galsusa.es\/?s={search_term_string}\"},\"query-input\":\"required name=search_term_string\"}],\"inLanguage\":\"fr-FR\"},{\"@type\":\"Organization\",\"@id\":\"https:\/\/galsusa.es\/#organization\",\"name\":\"GALSUSA\",\"url\":\"https:\/\/galsusa.es\/\",\"logo\":{\"@type\":\"ImageObject\",\"inLanguage\":\"fr-FR\",\"@id\":\"https:\/\/galsusa.es\/#\/schema\/logo\/image\/\",\"url\":\"https:\/\/galsusa.es\/wp-content\/uploads\/2018\/04\/Logo-Galsusa-2.png\",\"contentUrl\":\"https:\/\/galsusa.es\/wp-content\/uploads\/2018\/04\/Logo-Galsusa-2.png\",\"width\":258,\"height\":360,\"caption\":\"GALSUSA\"},\"image\":{\"@id\":\"https:\/\/galsusa.es\/#\/schema\/logo\/image\/\"},\"sameAs\":[\"https:\/\/es-es.facebook.com\/GALSUSA.galvanizados\",\"https:\/\/x.com\/galvanizadores\",\"https:\/\/es.linkedin.com\/company\/galsusa\",\"https:\/\/www.youtube.com\/channel\/UCcOYSAZeODZViliHAfPD2cw\"]}]}<\/script>\n<!-- \/ Yoast SEO plugin. -->","yoast_head_json":{"title":"Galvanizado \u00b7 Granallados \u00b7 Emparrillados Rejillas Tramex \u00b7 GALSUSA","description":"Galvanizados - \u2714 La mayor planta de Galvanizado - Galvanizaci\u00f3n - \u2714 Protege el acero contra la Corrosi\u00f3n - \u2714 Granallado - \u2714 Emparrillados Rejillas Tramex.","robots":{"index":"index","follow":"follow","max-snippet":"max-snippet:-1","max-image-preview":"max-image-preview:large","max-video-preview":"max-video-preview:-1"},"canonical":"https:\/\/galsusa.es\/fr\/galvaniser-protege-lacier-contre-la-corrosion-cabine-de-grenaillage-nous-commercialisons-produits-metalliques-lies-a-notre-activite-des-profiles-siderurgiques\/","og_locale":"fr_FR","og_type":"article","og_title":"Galvanizado \u00b7 Granallados \u00b7 Emparrillados Rejillas Tramex \u00b7 GALSUSA","og_description":"Galvanizados - \u2714 La mayor planta de Galvanizado - Galvanizaci\u00f3n - \u2714 Protege el acero contra la Corrosi\u00f3n - \u2714 Granallado - \u2714 Emparrillados Rejillas Tramex.","og_url":"https:\/\/galsusa.es\/fr\/galvaniser-protege-lacier-contre-la-corrosion-cabine-de-grenaillage-nous-commercialisons-produits-metalliques-lies-a-notre-activite-des-profiles-siderurgiques\/","og_site_name":"GALSUSA","article_publisher":"https:\/\/es-es.facebook.com\/GALSUSA.galvanizados","article_modified_time":"2021-07-05T17:01:47+00:00","twitter_misc":{"Dur\u00e9e de lecture estim\u00e9e":"3 minutes"},"schema":{"@context":"https:\/\/schema.org","@graph":[{"@type":"WebPage","@id":"https:\/\/galsusa.es\/fr\/galvaniser-protege-lacier-contre-la-corrosion-cabine-de-grenaillage-nous-commercialisons-produits-metalliques-lies-a-notre-activite-des-profiles-siderurgiques\/","url":"https:\/\/galsusa.es\/fr\/galvaniser-protege-lacier-contre-la-corrosion-cabine-de-grenaillage-nous-commercialisons-produits-metalliques-lies-a-notre-activite-des-profiles-siderurgiques\/","name":"Galvanizado \u00b7 Granallados \u00b7 Emparrillados Rejillas Tramex \u00b7 GALSUSA","isPartOf":{"@id":"https:\/\/galsusa.es\/#website"},"datePublished":"2017-10-10T14:59:00+00:00","dateModified":"2021-07-05T17:01:47+00:00","description":"Galvanizados - \u2714 La mayor planta de Galvanizado - Galvanizaci\u00f3n - \u2714 Protege el acero contra la Corrosi\u00f3n - \u2714 Granallado - \u2714 Emparrillados Rejillas Tramex.","breadcrumb":{"@id":"https:\/\/galsusa.es\/fr\/galvaniser-protege-lacier-contre-la-corrosion-cabine-de-grenaillage-nous-commercialisons-produits-metalliques-lies-a-notre-activite-des-profiles-siderurgiques\/#breadcrumb"},"inLanguage":"fr-FR","potentialAction":[{"@type":"ReadAction","target":["https:\/\/galsusa.es\/fr\/galvaniser-protege-lacier-contre-la-corrosion-cabine-de-grenaillage-nous-commercialisons-produits-metalliques-lies-a-notre-activite-des-profiles-siderurgiques\/"]}]},{"@type":"BreadcrumbList","@id":"https:\/\/galsusa.es\/fr\/galvaniser-protege-lacier-contre-la-corrosion-cabine-de-grenaillage-nous-commercialisons-produits-metalliques-lies-a-notre-activite-des-profiles-siderurgiques\/#breadcrumb","itemListElement":[{"@type":"ListItem","position":1,"name":"Portada","item":"https:\/\/galsusa.es\/fr\/galvaniser-protege-lacier-contre-la-corrosion-cabine-de-grenaillage-nous-commercialisons-produits-metalliques-lies-a-notre-activite-des-profiles-siderurgiques\/"},{"@type":"ListItem","position":2,"name":"Galvaniser &#8211; Prot\u00e8ge l&#8217;acier contre la corrosion &#8211; Cabine de Grenaillage &#8211; Nous commercialisons produits m\u00e9talliques li\u00e9s \u00e0 notre activit\u00e9: des profil\u00e9s sid\u00e9rurgiques."}]},{"@type":"WebSite","@id":"https:\/\/galsusa.es\/#website","url":"https:\/\/galsusa.es\/","name":"GALSUSA","description":"Galvanizados del Sureste, S.A.","publisher":{"@id":"https:\/\/galsusa.es\/#organization"},"potentialAction":[{"@type":"SearchAction","target":{"@type":"EntryPoint","urlTemplate":"https:\/\/galsusa.es\/?s={search_term_string}"},"query-input":"required name=search_term_string"}],"inLanguage":"fr-FR"},{"@type":"Organization","@id":"https:\/\/galsusa.es\/#organization","name":"GALSUSA","url":"https:\/\/galsusa.es\/","logo":{"@type":"ImageObject","inLanguage":"fr-FR","@id":"https:\/\/galsusa.es\/#\/schema\/logo\/image\/","url":"https:\/\/galsusa.es\/wp-content\/uploads\/2018\/04\/Logo-Galsusa-2.png","contentUrl":"https:\/\/galsusa.es\/wp-content\/uploads\/2018\/04\/Logo-Galsusa-2.png","width":258,"height":360,"caption":"GALSUSA"},"image":{"@id":"https:\/\/galsusa.es\/#\/schema\/logo\/image\/"},"sameAs":["https:\/\/es-es.facebook.com\/GALSUSA.galvanizados","https:\/\/x.com\/galvanizadores","https:\/\/es.linkedin.com\/company\/galsusa","https:\/\/www.youtube.com\/channel\/UCcOYSAZeODZViliHAfPD2cw"]}]}},"_links":{"self":[{"href":"https:\/\/galsusa.es\/fr\/wp-json\/wp\/v2\/pages\/2983","targetHints":{"allow":["GET"]}}],"collection":[{"href":"https:\/\/galsusa.es\/fr\/wp-json\/wp\/v2\/pages"}],"about":[{"href":"https:\/\/galsusa.es\/fr\/wp-json\/wp\/v2\/types\/page"}],"author":[{"embeddable":true,"href":"https:\/\/galsusa.es\/fr\/wp-json\/wp\/v2\/users\/1"}],"replies":[{"embeddable":true,"href":"https:\/\/galsusa.es\/fr\/wp-json\/wp\/v2\/comments?post=2983"}],"version-history":[{"count":7,"href":"https:\/\/galsusa.es\/fr\/wp-json\/wp\/v2\/pages\/2983\/revisions"}],"predecessor-version":[{"id":3171,"href":"https:\/\/galsusa.es\/fr\/wp-json\/wp\/v2\/pages\/2983\/revisions\/3171"}],"wp:attachment":[{"href":"https:\/\/galsusa.es\/fr\/wp-json\/wp\/v2\/media?parent=2983"}],"curies":[{"name":"wp","href":"https:\/\/api.w.org\/{rel}","templated":true}]}}