{"id":1719,"date":"2016-03-29T18:07:06","date_gmt":"2016-03-29T18:07:06","guid":{"rendered":"https:\/\/galsusa.es\/fr\/?page_id=1719"},"modified":"2016-03-29T18:09:48","modified_gmt":"2016-03-29T18:09:48","slug":"quest-ce-que-la-galvanisation","status":"publish","type":"page","link":"https:\/\/galsusa.es\/fr\/quest-ce-que-la-galvanisation\/","title":{"rendered":"Qu&rsquo;est-ce que la galvanisation"},"content":{"rendered":"<p>[blank_spacer height=\u00a0\u00bb175px\u00a0\u00bb width=\u00a0\u00bb1\/1&Prime; el_position=\u00a0\u00bbfirst last\u00a0\u00bb] [spb_single_image image=\u00a0\u00bb1726&Prime; image_size=\u00a0\u00bbfull\u00a0\u00bb frame=\u00a0\u00bbnoframe\u00a0\u00bb intro_animation=\u00a0\u00bbnone\u00a0\u00bb full_width=\u00a0\u00bbno\u00a0\u00bb lightbox=\u00a0\u00bbno\u00a0\u00bb link_target=\u00a0\u00bb_self\u00a0\u00bb width=\u00a0\u00bb1\/2&Prime; el_position=\u00a0\u00bbfirst last\u00a0\u00bb] [spb_text_block pb_margin_bottom=\u00a0\u00bbno\u00a0\u00bb pb_border_bottom=\u00a0\u00bbno\u00a0\u00bb width=\u00a0\u00bb1\/1&Prime; el_position=\u00a0\u00bbfirst last\u00a0\u00bb]<\/p>\n<h2 style=\"text-align: justify;\">La <span style=\"color: #ffffff;\">galvanisation<\/span> \u00e0 chaud , ou \u00a0\u00bb Electroplating \u00a0\u00bb comme il est commun\u00e9ment connu, est un proc\u00e9d\u00e9 d&rsquo;application d&rsquo;un rev\u00eatement de zinc sur les parties en fer ( acier au carbone ) en les plongeant dans un bain de zinc en fusion. Pour obtenir de bons r\u00e9sultats, la conception des pi\u00e8ces doit \u00eatre appropri\u00e9e et n\u00e9cessaire que certaines conditions sont v\u00e9rifi\u00e9es , telles que:<\/h2>\n<p>[\/spb_text_block] [spb_text_block pb_margin_bottom=\u00a0\u00bbno\u00a0\u00bb pb_border_bottom=\u00a0\u00bbno\u00a0\u00bb el_class=\u00a0\u00bbmt0 pt0&Prime; width=\u00a0\u00bb1\/4&Prime; el_position=\u00a0\u00bbfirst\u00a0\u00bb]<\/p>\n<p style=\"text-align: justify;\">[sf_iconbox image=\u00a0\u00bbss-download\u00a0\u00bb character=\u00a0\u00bb\u00a0\u00bb color=\u00a0\u00bbstandard\u00a0\u00bb type=\u00a0\u00bbboxed-one\u00a0\u00bb title=\u00a0\u00bbDes parties de surface\u00a0\u00bb animation=\u00a0\u00bbgrow\u00a0\u00bb animation_delay=\u00a0\u00bb200&Prime; link=\u00a0\u00bb\u00a0\u00bb target=\u00a0\u00bb_self\u00a0\u00bb]La rugosit\u00e9 de surface des pi\u00e8ces \u00e0 galvaniser.<br \/>\n[\/sf_iconbox]<\/p>\n<p>[\/spb_text_block] [spb_text_block pb_margin_bottom=\u00a0\u00bbno\u00a0\u00bb pb_border_bottom=\u00a0\u00bbno\u00a0\u00bb el_class=\u00a0\u00bbmt0 pt0&Prime; width=\u00a0\u00bb1\/4&Prime;]<\/p>\n<p style=\"text-align: justify;\">[sf_iconbox image=\u00a0\u00bbss-expand\u00a0\u00bb character=\u00a0\u00bb\u00a0\u00bb color=\u00a0\u00bbstandard\u00a0\u00bb type=\u00a0\u00bbboxed-one\u00a0\u00bb title=\u00a0\u00bbLes dimensions\u00a0\u00bb animation=\u00a0\u00bbgrow\u00a0\u00bb animation_delay=\u00a0\u00bb350&Prime; link=\u00a0\u00bb\u00a0\u00bb target=\u00a0\u00bb_self\u00a0\u00bb] Les dimensions des pi\u00e8ces doivent tenir compte de la taille du creuset zingage. Dans notre cas, Le sud de l&rsquo;Espagne, les diensions Est plus grand avec 12,50 m. long x 1,70 m. de large x 2,70 m. profonde avec 400.000 kg. de zinc en fusion.<br \/>\n[\/sf_iconbox]<\/p>\n<p>[\/spb_text_block] [spb_text_block pb_margin_bottom=\u00a0\u00bbno\u00a0\u00bb pb_border_bottom=\u00a0\u00bbno\u00a0\u00bb el_class=\u00a0\u00bbmt0 pt0&Prime; width=\u00a0\u00bb1\/4&Prime;]<\/p>\n<p style=\"text-align: justify;\">[sf_iconbox image=\u00a0\u00bbss-alert\u00a0\u00bb character=\u00a0\u00bb\u00a0\u00bb color=\u00a0\u00bbstandard\u00a0\u00bb type=\u00a0\u00bbboxed-one\u00a0\u00bb title=\u00a0\u00bbLe poid\u00a0\u00bb animation=\u00a0\u00bbgrow\u00a0\u00bb animation_delay=\u00a0\u00bb450&Prime; link=\u00a0\u00bb\u00a0\u00bb target=\u00a0\u00bb_self\u00a0\u00bb]Le poids des pi\u00e8ces est conditionn\u00e9 par la lev\u00e9e existante et de transport dans l&rsquo;usine de galvanisation; nous avons la plus grande capacit\u00e9 de levage du Sud-Est avec possibilit\u00e9 de galvaniser des pi\u00e8ces allant jusqu&rsquo;\u00e0 10.000 kg.<br \/>\n[\/sf_iconbox]<\/p>\n<p>[\/spb_text_block] [spb_text_block pb_margin_bottom=\u00a0\u00bbno\u00a0\u00bb pb_border_bottom=\u00a0\u00bbno\u00a0\u00bb el_class=\u00a0\u00bbmt0 pt0&Prime; width=\u00a0\u00bb1\/4&Prime; el_position=\u00a0\u00bblast\u00a0\u00bb]<\/p>\n<p style=\"text-align: justify;\">[sf_iconbox image=\u00a0\u00bbss-check\u00a0\u00bb character=\u00a0\u00bb\u00a0\u00bb color=\u00a0\u00bbstandard\u00a0\u00bb type=\u00a0\u00bbboxed-one\u00a0\u00bb title=\u00a0\u00bbAciers appropri\u00e9s\u00a0\u00bb animation=\u00a0\u00bbgrow\u00a0\u00bb animation_delay=\u00a0\u00bb600&Prime; link=\u00a0\u00bb\u00a0\u00bb target=\u00a0\u00bb_self\u00a0\u00bb]En utilisant des aciers aptes \u00e0 la galvanisation.<br \/>\n[\/sf_iconbox]<\/p>\n<p>[\/spb_text_block] [spb_text_block pb_margin_bottom=\u00a0\u00bbno\u00a0\u00bb pb_border_bottom=\u00a0\u00bbno\u00a0\u00bb width=\u00a0\u00bb1\/1&Prime; el_position=\u00a0\u00bbfirst last\u00a0\u00bb]<\/p>\n<h2 style=\"text-align: justify;\"><\/h2>\n<h2 style=\"text-align: justify;\">Le respect de ces conditions d\u00e9pend en grande partie sur les concepteurs et les fabricants de pi\u00e8ces ou constructions m\u00e9talliques qui galvaniser.<\/h2>\n<h2 style=\"text-align: justify;\">Les principales \u00e9tapes du processus sont illustr\u00e9s dans le sch\u00e9ma suivant:<\/h2>\n<p>[\/spb_text_block] [blank_spacer height=\u00a0\u00bb20px\u00a0\u00bb width=\u00a0\u00bb1\/1&Prime; el_position=\u00a0\u00bbfirst last\u00a0\u00bb] [spb_single_image image=\u00a0\u00bb1723&Prime; image_size=\u00a0\u00bbfull\u00a0\u00bb frame=\u00a0\u00bbnoframe\u00a0\u00bb intro_animation=\u00a0\u00bbfade-in\u00a0\u00bb full_width=\u00a0\u00bbno\u00a0\u00bb lightbox=\u00a0\u00bbyes\u00a0\u00bb link_target=\u00a0\u00bb_self\u00a0\u00bb width=\u00a0\u00bb1\/1&Prime; el_position=\u00a0\u00bbfirst last\u00a0\u00bb] [spb_text_block pb_margin_bottom=\u00a0\u00bbno\u00a0\u00bb pb_border_bottom=\u00a0\u00bbno\u00a0\u00bb width=\u00a0\u00bb1\/1&Prime; el_position=\u00a0\u00bbfirst last\u00a0\u00bb]<\/p>\n<h2 style=\"text-align: justify;\">Premi\u00e8re inspection du mat\u00e9riel est effectu\u00e9e afin de classer le travail de programmation donnant.<\/h2>\n<h1><img loading=\"lazy\" decoding=\"async\" class=\"alignnone wp-image-1333 size-full\" src=\"https:\/\/galsusa.es\/wp-content\/uploads\/2015\/10\/DESENGRASADO1.png\" alt=\"D\u00c9GRAISS\u00c9\" width=\"80\" height=\"80\" \/><span style=\"color: #ffffff;\">D\u00e9graiss\u00e9<\/span><\/h1>\n<h2 style=\"text-align: justify;\">Pi\u00e8ces avec la graisse ou de l&rsquo;huile sont soumis \u00e0 un d\u00e9graissage dans une solution alcaline chaude (70 \u00b0 C); apr\u00e8s d\u00e9graissage des pi\u00e8ces sont rinc\u00e9es dans un bain d&rsquo;eau pour emp\u00eacher le d\u00e9rapage de cette solution \u00e0 l&rsquo;\u00e9tape siguiente.<\/h2>\n<h1><img loading=\"lazy\" decoding=\"async\" class=\"alignnone wp-image-1333 size-full\" src=\"https:\/\/galsusa.es\/wp-content\/uploads\/2015\/10\/DECAPADO.png\" alt=\"D\u00c9CAPAGE\" width=\"80\" height=\"80\" \/><span style=\"color: #ffffff;\">D\u00e9capage<\/span><strong><br \/>\n<\/strong><\/h1>\n<h2 style=\"text-align: justify;\">D\u00e9capage est utilis\u00e9 pour enlever la rouille et la calamine, qui sont les contaminants les plus courants de produits ferreux et obtenir ainsi une surface chimiquement surface d&rsquo;acier propre. Il est fait avec de l&rsquo;acide chlorhydrique dilu\u00e9 \u00e0 la temp\u00e9rature ambiante, pour laquelle nous avons 5 r\u00e9servoirs de 70 m3 de volume et de la capacit\u00e9 pour des pi\u00e8ces jusqu&rsquo;\u00e0 15 m. de longueur. Le temps de d\u00e9capage d\u00e9pend du degr\u00e9 d&rsquo;oxydation de la surface des pi\u00e8ces et la concentration de la solution acide.<\/h2>\n<h1><img loading=\"lazy\" decoding=\"async\" class=\"alignnone wp-image-1333 size-full\" src=\"https:\/\/galsusa.es\/wp-content\/uploads\/2015\/10\/ENJUAGADO.png\" alt=\"RIN\u00c7AGE\" width=\"80\" height=\"80\" \/><span style=\"color: #ffffff;\">Rin\u00e7age<\/span><\/h1>\n<h2>Apr\u00e8s que les parties d\u00e9graiss\u00e9s et d\u00e9cap\u00e9s sont rinc\u00e9s dans un bain d&rsquo;eau pour emp\u00eacher le d\u00e9rapage des r\u00e9sidus d&rsquo;acides aux \u00e9tapes suivantes du proc\u00e9d\u00e9.<\/h2>\n<h1><img loading=\"lazy\" decoding=\"async\" class=\"alignnone wp-image-1333 size-full\" src=\"https:\/\/galsusa.es\/wp-content\/uploads\/2015\/10\/FLUXADO.png\" alt=\"FLUIDIFICATION\" width=\"80\" height=\"80\" \/><span style=\"color: #ffffff;\">Fluidification<\/span><\/h1>\n<h2 style=\"text-align: justify;\">La fluidification ou d&rsquo;un traitement avec des sels (m\u00e9langes de chlorure d&rsquo;ammonium et le chlorure de zinc) , est destin\u00e9 \u00e0 \u00e9liminer toutes les impuret\u00e9s restantes et de produire un nettoyage intense de la surface m\u00e9tallique. Ces sels agissent en tant que soudage \u00abflux \u00bb, \u00e0 savoir faveur mouillabilit\u00e9 de la surface d&rsquo;acier par du zinc fondu. Ces sels sont appliqu\u00e9s par trempage des pi\u00e8ces dans une solution aqueuse de celui-ci.<\/h2>\n<h1><img loading=\"lazy\" decoding=\"async\" class=\"alignnone wp-image-1333 size-full\" src=\"https:\/\/galsusa.es\/wp-content\/uploads\/2015\/10\/SECADO.png\" alt=\"S\u00c9CHAGE\" width=\"80\" height=\"80\" \/><span style=\"color: #ffffff;\">S\u00e9chage<\/span><\/h1>\n<h2 style=\"text-align: justify;\">Les pi\u00e8ces trait\u00e9es dans l&rsquo;\u00e9tape ci-dessus sont s\u00e9ch\u00e9es avant l&rsquo;introduction dans le bain de zinc pour \u00e9viter les traces de solutions aqueuses et le pr\u00e9chauffage des pi\u00e8ces \u00e0 traiter , ce qui facilite le zinc, l&rsquo;alliage &#8211; fer.<\/h2>\n<h1><img loading=\"lazy\" decoding=\"async\" class=\"alignnone wp-image-1333 size-full\" src=\"https:\/\/galsusa.es\/wp-content\/uploads\/2015\/10\/GALVANIZADO3.png\" alt=\"GALVANISATION\" width=\"80\" height=\"80\" \/><span style=\"color: #ffffff;\">Galvanisation<\/span><\/h1>\n<h2 style=\"text-align: justify;\">Le proc\u00e9d\u00e9 de galvanisation se r\u00e9alise en immergeant les pi\u00e8ces dans le creuset avec du zinc fondu, \u00e0 une temp\u00e9rature comprise entre les 440\u00b0C et 460\u00b0C. La qualit\u00e9 du zinc employ\u00e9 est d&rsquo;une puret\u00e9 de 99,995 %.<\/h2>\n<h2 style=\"text-align: justify;\">La diffusion du zinc sur la surface d&rsquo;acier se produit durant l&rsquo;immersion des pi\u00e8ces dans le zinc fondu, ce qui produit la formation de diff\u00e9rentes couches d&rsquo;alliage zinc-fer de diff\u00e9rente composition. Lorsqu&rsquo;on extrait les pi\u00e8ces du bain de galvanisation, ces alliages sont rev\u00eatus d&rsquo;une couche ext\u00e9rieure de zinc de composition semblable \u00e0 celle du bain.<\/h2>\n<h2 style=\"text-align: justify;\">Pour obtenir un rev\u00eatement galvanique correct, le temps d&rsquo;immersion des pi\u00e8ces dans le bain de zinc d\u00e9pend, en autres, de la composition de l&rsquo;acier, de la temp\u00e9rature du bain de zinc et de l&rsquo;\u00e9paisseur de l&rsquo;acier des pi\u00e8ces. Dans tous les cas, les pi\u00e8ces doivent rester immerg\u00e9es dans le zinc jusqu&rsquo;\u00e0 atteindre la temp\u00e9rature du bain. Avant d&rsquo;extraire les pi\u00e8ces du bain, la fine couche d&rsquo;oxyde de zinc form\u00e9e sur la surface du bain qui contient aussi des traces de sels doit \u00eatre retir\u00e9e, pour \u00e9viter l&rsquo;adh\u00e9sion sur la surface des pi\u00e8ces et les imperfections sur le rev\u00eatement.<\/h2>\n<h2 style=\"text-align: justify;\"><span style=\"color: #ffffff;\">Refroidissement et contr\u00f4le<\/span><\/h2>\n<h2 style=\"text-align: justify;\">Les pi\u00e8ces se refroidissent \u00e0 l&rsquo;air une fois retir\u00e9es du bain de galvanisation. Ensuite on examine les pi\u00e8ces pour \u00e9liminer les bavures, les gouttes et les adh\u00e9rences de cendre ou reste de sels sur la surface et, finalement, on les contr\u00f4le. Les rev\u00eatements galvaniques sur des \u00e9l\u00e9ments divers doivent r\u00e9pondre \u00e0 une s\u00e9rie d&rsquo;exigences sur l&rsquo;aspect de la surface, l&rsquo;adh\u00e9rence et l&rsquo;\u00e9paisseur selon les sp\u00e9cifications des normes nationales et internationales. La norme UNE-EN ISO 1461 est la norme nationale ou internationale appliqu\u00e9e actuellement. Finalement les pi\u00e8ces sont pes\u00e9es, car leur poids, une fois galvanis\u00e9es, suivent normalement le crit\u00e8re utilis\u00e9 pour la facturation.<\/h2>\n<p>[\/spb_text_block] [spb_single_image image=\u00a0\u00bb1720&Prime; image_size=\u00a0\u00bbfull\u00a0\u00bb frame=\u00a0\u00bbnoframe\u00a0\u00bb intro_animation=\u00a0\u00bbpop-up\u00a0\u00bb full_width=\u00a0\u00bbno\u00a0\u00bb lightbox=\u00a0\u00bbno\u00a0\u00bb link_target=\u00a0\u00bb_self\u00a0\u00bb width=\u00a0\u00bb1\/1&Prime; el_position=\u00a0\u00bbfirst last\u00a0\u00bb] [spb_text_block pb_margin_bottom=\u00a0\u00bbno\u00a0\u00bb pb_border_bottom=\u00a0\u00bbno\u00a0\u00bb width=\u00a0\u00bb1\/1&Prime; el_position=\u00a0\u00bbfirst last\u00a0\u00bb]<\/p>\n<h2><span style=\"color: #ffffff;\">\u00a0Passivation (en option, apr\u00e8s le processus)<\/span><\/h2>\n<h2 style=\"text-align: justify;\">\u00c0 p\u00e9tition du client, les pi\u00e8ces peuvent \u00eatre passiv\u00e9es suite \u00e0 la galvanisation. Ce traitement suppl\u00e9mentaire \u00e9vite des taches produites par l&rsquo;humidit\u00e9 (traces d&rsquo;oxyde de zinc de couleur blanche qui affecte l&rsquo;esth\u00e9tique du produit et non la duret\u00e9 de vie) sur les pi\u00e8ces qui, durant leur transport, pr\u00e9voient un environnement avec une humidit\u00e9 \u00e9lev\u00e9e et une mauvaise ventilation, comme au cours des transports maritimes \u00e0 longue distance, ou dans le cas de stockage prolong\u00e9s \u00e0 l&rsquo;intemp\u00e9rie.<\/h2>\n<h2><span style=\"color: #ffffff;\">Sablage &#8211; Jets abrasifs (en option, apr\u00e8s le processus)<\/span><\/h2>\n<h2 style=\"text-align: justify;\">En option, les mat\u00e9riaux avec de la peinture, de la laque, du vernis, forte corrosion, du ciment, de la r\u00e9sine&#8230;, qui doivent \u00eatre galvanis\u00e9s, ou bien nettoy\u00e9s pour d\u2019autres fins, peuvent \u00eatre sabl\u00e9s pour \u00e9liminer des contaminent de leur surface.<\/h2>\n<h2 style=\"text-align: justify;\">Cette op\u00e9ration consiste \u00e0 projeter des particules d&rsquo;acier abrasives propuls\u00e9es par de l&rsquo;air comprim\u00e9 \u00e0 haute pression sur la surface du mat\u00e9riel \u00e0 nettoyer ; pour cette op\u00e9ration nous avons une cabine de sablage de 15 m de long x 4,50 m de large x 5 m de haut, \u00e9quip\u00e9e d&rsquo;une grue \u00e0 portique de 5 000 kg.<\/h2>\n<h2 style=\"text-align: justify;\"><span style=\"color: #ffffff;\">R\u00e9sultat<\/span><\/h2>\n<h2 style=\"text-align: justify;\">Le r\u00e9sultat final est un rev\u00eatement polyvalent et durable qui offre une protection efficace contre la corrosion dans une grande vari\u00e9t\u00e9 de supports, qui permet d&rsquo;\u00eatre peint, le soudage, l\u2019usinage, et la relation co\u00fbt-protection est imbattable. L&rsquo;\u00e9paisseur des rev\u00eatements galvanis\u00e9s est l&rsquo;un des crit\u00e8res fondamentaux pour \u00e9tablir leur qualit\u00e9. G\u00e9n\u00e9ralement exprim\u00e9 en microm\u00e8tres (\u00b5m), il peut \u00eatre aussi en g\/m\u00b2 (rev\u00eatement par m\u00e8tre carr\u00e9 de la surface elle-m\u00eame). Dans la norme UNE-EN ISO 1461, les valeurs minimums admissibles de l&rsquo;\u00e9paisseur des rev\u00eatements galvanis\u00e9s en fonction de l&rsquo;\u00e9paisseur du mat\u00e9riel de base sont sp\u00e9cifi\u00e9s.<\/h2>\n<p>[\/spb_text_block] [blank_spacer height=\u00a0\u00bb60px\u00a0\u00bb width=\u00a0\u00bb1\/1&Prime; el_position=\u00a0\u00bbfirst last\u00a0\u00bb]<\/p>\n","protected":false},"excerpt":{"rendered":"<p>[blank_spacer height=\u00a0\u00bb175px\u00a0\u00bb width=\u00a0\u00bb1\/1&Prime; el_position=\u00a0\u00bbfirst last\u00a0\u00bb] [spb_single_image image=\u00a0\u00bb1726&Prime; image_size=\u00a0\u00bbfull\u00a0\u00bb frame=\u00a0\u00bbnoframe\u00a0\u00bb intro_animation=\u00a0\u00bbnone\u00a0\u00bb full_width=\u00a0\u00bbno\u00a0\u00bb lightbox=\u00a0\u00bbno\u00a0\u00bb link_target=\u00a0\u00bb_self\u00a0\u00bb width=\u00a0\u00bb1\/2&Prime; el_position=\u00a0\u00bbfirst last\u00a0\u00bb] [spb_text_block pb_margin_bottom=\u00a0\u00bbno\u00a0\u00bb pb_border_bottom=\u00a0\u00bbno\u00a0\u00bb width=\u00a0\u00bb1\/1&Prime; el_position=\u00a0\u00bbfirst last\u00a0\u00bb] La galvanisation \u00e0 chaud , ou \u00a0\u00bb Electroplating \u00a0\u00bb comme il est commun\u00e9ment connu, est un proc\u00e9d\u00e9 d&rsquo;application d&rsquo;un rev\u00eatement de zinc sur&#8230;<\/p>\n","protected":false},"author":1,"featured_media":0,"parent":0,"menu_order":0,"comment_status":"closed","ping_status":"closed","template":"","meta":{"footnotes":""},"class_list":["post-1719","page","type-page","status-publish","hentry"],"yoast_head":"<!-- This site is optimized with the Yoast SEO plugin v22.5 - https:\/\/yoast.com\/wordpress\/plugins\/seo\/ -->\n<title>Qu&#039;est-ce que la galvanisation &#183; GALSUSA<\/title>\n<meta name=\"robots\" content=\"index, follow, max-snippet:-1, max-image-preview:large, max-video-preview:-1\" \/>\n<link rel=\"canonical\" href=\"https:\/\/galsusa.es\/fr\/quest-ce-que-la-galvanisation\/\" \/>\n<meta property=\"og:locale\" content=\"fr_FR\" \/>\n<meta property=\"og:type\" content=\"article\" \/>\n<meta property=\"og:title\" content=\"Qu&#039;est-ce que la galvanisation &#183; GALSUSA\" \/>\n<meta property=\"og:description\" content=\"[blank_spacer height=\u00a0\u00bb175px\u00a0\u00bb width=\u00a0\u00bb1\/1&Prime; el_position=\u00a0\u00bbfirst last\u00a0\u00bb] [spb_single_image image=\u00a0\u00bb1726&Prime; image_size=\u00a0\u00bbfull\u00a0\u00bb frame=\u00a0\u00bbnoframe\u00a0\u00bb intro_animation=\u00a0\u00bbnone\u00a0\u00bb full_width=\u00a0\u00bbno\u00a0\u00bb lightbox=\u00a0\u00bbno\u00a0\u00bb link_target=\u00a0\u00bb_self\u00a0\u00bb width=\u00a0\u00bb1\/2&Prime; el_position=\u00a0\u00bbfirst last\u00a0\u00bb] [spb_text_block pb_margin_bottom=\u00a0\u00bbno\u00a0\u00bb pb_border_bottom=\u00a0\u00bbno\u00a0\u00bb width=\u00a0\u00bb1\/1&Prime; el_position=\u00a0\u00bbfirst last\u00a0\u00bb] La galvanisation \u00e0 chaud , ou \u00a0\u00bb Electroplating \u00a0\u00bb comme il est commun\u00e9ment connu, est un proc\u00e9d\u00e9 d&rsquo;application d&rsquo;un rev\u00eatement de zinc sur...\" \/>\n<meta property=\"og:url\" content=\"https:\/\/galsusa.es\/fr\/quest-ce-que-la-galvanisation\/\" \/>\n<meta property=\"og:site_name\" content=\"GALSUSA\" \/>\n<meta property=\"article:publisher\" content=\"https:\/\/es-es.facebook.com\/GALSUSA.galvanizados\" \/>\n<meta property=\"article:modified_time\" content=\"2016-03-29T18:09:48+00:00\" \/>\n<meta property=\"og:image\" content=\"https:\/\/galsusa.es\/wp-content\/uploads\/2015\/10\/DESENGRASADO1.png\" \/>\n<meta name=\"twitter:label1\" content=\"Dur\u00e9e de lecture estim\u00e9e\" \/>\n\t<meta name=\"twitter:data1\" content=\"8 minutes\" \/>\n<script type=\"application\/ld+json\" class=\"yoast-schema-graph\">{\"@context\":\"https:\/\/schema.org\",\"@graph\":[{\"@type\":\"WebPage\",\"@id\":\"https:\/\/galsusa.es\/fr\/quest-ce-que-la-galvanisation\/\",\"url\":\"https:\/\/galsusa.es\/fr\/quest-ce-que-la-galvanisation\/\",\"name\":\"Qu'est-ce que la galvanisation &#183; GALSUSA\",\"isPartOf\":{\"@id\":\"https:\/\/galsusa.es\/#website\"},\"primaryImageOfPage\":{\"@id\":\"https:\/\/galsusa.es\/fr\/quest-ce-que-la-galvanisation\/#primaryimage\"},\"image\":{\"@id\":\"https:\/\/galsusa.es\/fr\/quest-ce-que-la-galvanisation\/#primaryimage\"},\"thumbnailUrl\":\"https:\/\/galsusa.es\/wp-content\/uploads\/2015\/10\/DESENGRASADO1.png\",\"datePublished\":\"2016-03-29T18:07:06+00:00\",\"dateModified\":\"2016-03-29T18:09:48+00:00\",\"breadcrumb\":{\"@id\":\"https:\/\/galsusa.es\/fr\/quest-ce-que-la-galvanisation\/#breadcrumb\"},\"inLanguage\":\"fr-FR\",\"potentialAction\":[{\"@type\":\"ReadAction\",\"target\":[\"https:\/\/galsusa.es\/fr\/quest-ce-que-la-galvanisation\/\"]}]},{\"@type\":\"ImageObject\",\"inLanguage\":\"fr-FR\",\"@id\":\"https:\/\/galsusa.es\/fr\/quest-ce-que-la-galvanisation\/#primaryimage\",\"url\":\"https:\/\/galsusa.es\/wp-content\/uploads\/2015\/10\/DESENGRASADO1.png\",\"contentUrl\":\"https:\/\/galsusa.es\/wp-content\/uploads\/2015\/10\/DESENGRASADO1.png\"},{\"@type\":\"BreadcrumbList\",\"@id\":\"https:\/\/galsusa.es\/fr\/quest-ce-que-la-galvanisation\/#breadcrumb\",\"itemListElement\":[{\"@type\":\"ListItem\",\"position\":1,\"name\":\"Portada\",\"item\":\"https:\/\/galsusa.es\/fr\/galvaniser-protege-lacier-contre-la-corrosion-cabine-de-grenaillage-nous-commercialisons-produits-metalliques-lies-a-notre-activite-des-profiles-siderurgiques\/\"},{\"@type\":\"ListItem\",\"position\":2,\"name\":\"Qu&#8217;est-ce que la galvanisation\"}]},{\"@type\":\"WebSite\",\"@id\":\"https:\/\/galsusa.es\/#website\",\"url\":\"https:\/\/galsusa.es\/\",\"name\":\"GALSUSA\",\"description\":\"Galvanizados del Sureste, S.A.\",\"publisher\":{\"@id\":\"https:\/\/galsusa.es\/#organization\"},\"potentialAction\":[{\"@type\":\"SearchAction\",\"target\":{\"@type\":\"EntryPoint\",\"urlTemplate\":\"https:\/\/galsusa.es\/?s={search_term_string}\"},\"query-input\":\"required name=search_term_string\"}],\"inLanguage\":\"fr-FR\"},{\"@type\":\"Organization\",\"@id\":\"https:\/\/galsusa.es\/#organization\",\"name\":\"GALSUSA\",\"url\":\"https:\/\/galsusa.es\/\",\"logo\":{\"@type\":\"ImageObject\",\"inLanguage\":\"fr-FR\",\"@id\":\"https:\/\/galsusa.es\/#\/schema\/logo\/image\/\",\"url\":\"https:\/\/galsusa.es\/wp-content\/uploads\/2018\/04\/Logo-Galsusa-2.png\",\"contentUrl\":\"https:\/\/galsusa.es\/wp-content\/uploads\/2018\/04\/Logo-Galsusa-2.png\",\"width\":258,\"height\":360,\"caption\":\"GALSUSA\"},\"image\":{\"@id\":\"https:\/\/galsusa.es\/#\/schema\/logo\/image\/\"},\"sameAs\":[\"https:\/\/es-es.facebook.com\/GALSUSA.galvanizados\",\"https:\/\/x.com\/galvanizadores\",\"https:\/\/es.linkedin.com\/company\/galsusa\",\"https:\/\/www.youtube.com\/channel\/UCcOYSAZeODZViliHAfPD2cw\"]}]}<\/script>\n<!-- \/ Yoast SEO plugin. -->","yoast_head_json":{"title":"Qu'est-ce que la galvanisation &#183; GALSUSA","robots":{"index":"index","follow":"follow","max-snippet":"max-snippet:-1","max-image-preview":"max-image-preview:large","max-video-preview":"max-video-preview:-1"},"canonical":"https:\/\/galsusa.es\/fr\/quest-ce-que-la-galvanisation\/","og_locale":"fr_FR","og_type":"article","og_title":"Qu'est-ce que la galvanisation &#183; GALSUSA","og_description":"[blank_spacer height=\u00a0\u00bb175px\u00a0\u00bb width=\u00a0\u00bb1\/1&Prime; el_position=\u00a0\u00bbfirst last\u00a0\u00bb] [spb_single_image image=\u00a0\u00bb1726&Prime; image_size=\u00a0\u00bbfull\u00a0\u00bb frame=\u00a0\u00bbnoframe\u00a0\u00bb intro_animation=\u00a0\u00bbnone\u00a0\u00bb full_width=\u00a0\u00bbno\u00a0\u00bb lightbox=\u00a0\u00bbno\u00a0\u00bb link_target=\u00a0\u00bb_self\u00a0\u00bb width=\u00a0\u00bb1\/2&Prime; el_position=\u00a0\u00bbfirst last\u00a0\u00bb] [spb_text_block pb_margin_bottom=\u00a0\u00bbno\u00a0\u00bb pb_border_bottom=\u00a0\u00bbno\u00a0\u00bb width=\u00a0\u00bb1\/1&Prime; el_position=\u00a0\u00bbfirst last\u00a0\u00bb] La galvanisation \u00e0 chaud , ou \u00a0\u00bb Electroplating \u00a0\u00bb comme il est commun\u00e9ment connu, est un proc\u00e9d\u00e9 d&rsquo;application d&rsquo;un rev\u00eatement de zinc sur...","og_url":"https:\/\/galsusa.es\/fr\/quest-ce-que-la-galvanisation\/","og_site_name":"GALSUSA","article_publisher":"https:\/\/es-es.facebook.com\/GALSUSA.galvanizados","article_modified_time":"2016-03-29T18:09:48+00:00","og_image":[{"url":"https:\/\/galsusa.es\/wp-content\/uploads\/2015\/10\/DESENGRASADO1.png"}],"twitter_misc":{"Dur\u00e9e de lecture estim\u00e9e":"8 minutes"},"schema":{"@context":"https:\/\/schema.org","@graph":[{"@type":"WebPage","@id":"https:\/\/galsusa.es\/fr\/quest-ce-que-la-galvanisation\/","url":"https:\/\/galsusa.es\/fr\/quest-ce-que-la-galvanisation\/","name":"Qu'est-ce que la galvanisation &#183; GALSUSA","isPartOf":{"@id":"https:\/\/galsusa.es\/#website"},"primaryImageOfPage":{"@id":"https:\/\/galsusa.es\/fr\/quest-ce-que-la-galvanisation\/#primaryimage"},"image":{"@id":"https:\/\/galsusa.es\/fr\/quest-ce-que-la-galvanisation\/#primaryimage"},"thumbnailUrl":"https:\/\/galsusa.es\/wp-content\/uploads\/2015\/10\/DESENGRASADO1.png","datePublished":"2016-03-29T18:07:06+00:00","dateModified":"2016-03-29T18:09:48+00:00","breadcrumb":{"@id":"https:\/\/galsusa.es\/fr\/quest-ce-que-la-galvanisation\/#breadcrumb"},"inLanguage":"fr-FR","potentialAction":[{"@type":"ReadAction","target":["https:\/\/galsusa.es\/fr\/quest-ce-que-la-galvanisation\/"]}]},{"@type":"ImageObject","inLanguage":"fr-FR","@id":"https:\/\/galsusa.es\/fr\/quest-ce-que-la-galvanisation\/#primaryimage","url":"https:\/\/galsusa.es\/wp-content\/uploads\/2015\/10\/DESENGRASADO1.png","contentUrl":"https:\/\/galsusa.es\/wp-content\/uploads\/2015\/10\/DESENGRASADO1.png"},{"@type":"BreadcrumbList","@id":"https:\/\/galsusa.es\/fr\/quest-ce-que-la-galvanisation\/#breadcrumb","itemListElement":[{"@type":"ListItem","position":1,"name":"Portada","item":"https:\/\/galsusa.es\/fr\/galvaniser-protege-lacier-contre-la-corrosion-cabine-de-grenaillage-nous-commercialisons-produits-metalliques-lies-a-notre-activite-des-profiles-siderurgiques\/"},{"@type":"ListItem","position":2,"name":"Qu&#8217;est-ce que la galvanisation"}]},{"@type":"WebSite","@id":"https:\/\/galsusa.es\/#website","url":"https:\/\/galsusa.es\/","name":"GALSUSA","description":"Galvanizados del Sureste, S.A.","publisher":{"@id":"https:\/\/galsusa.es\/#organization"},"potentialAction":[{"@type":"SearchAction","target":{"@type":"EntryPoint","urlTemplate":"https:\/\/galsusa.es\/?s={search_term_string}"},"query-input":"required name=search_term_string"}],"inLanguage":"fr-FR"},{"@type":"Organization","@id":"https:\/\/galsusa.es\/#organization","name":"GALSUSA","url":"https:\/\/galsusa.es\/","logo":{"@type":"ImageObject","inLanguage":"fr-FR","@id":"https:\/\/galsusa.es\/#\/schema\/logo\/image\/","url":"https:\/\/galsusa.es\/wp-content\/uploads\/2018\/04\/Logo-Galsusa-2.png","contentUrl":"https:\/\/galsusa.es\/wp-content\/uploads\/2018\/04\/Logo-Galsusa-2.png","width":258,"height":360,"caption":"GALSUSA"},"image":{"@id":"https:\/\/galsusa.es\/#\/schema\/logo\/image\/"},"sameAs":["https:\/\/es-es.facebook.com\/GALSUSA.galvanizados","https:\/\/x.com\/galvanizadores","https:\/\/es.linkedin.com\/company\/galsusa","https:\/\/www.youtube.com\/channel\/UCcOYSAZeODZViliHAfPD2cw"]}]}},"_links":{"self":[{"href":"https:\/\/galsusa.es\/fr\/wp-json\/wp\/v2\/pages\/1719","targetHints":{"allow":["GET"]}}],"collection":[{"href":"https:\/\/galsusa.es\/fr\/wp-json\/wp\/v2\/pages"}],"about":[{"href":"https:\/\/galsusa.es\/fr\/wp-json\/wp\/v2\/types\/page"}],"author":[{"embeddable":true,"href":"https:\/\/galsusa.es\/fr\/wp-json\/wp\/v2\/users\/1"}],"replies":[{"embeddable":true,"href":"https:\/\/galsusa.es\/fr\/wp-json\/wp\/v2\/comments?post=1719"}],"version-history":[{"count":0,"href":"https:\/\/galsusa.es\/fr\/wp-json\/wp\/v2\/pages\/1719\/revisions"}],"wp:attachment":[{"href":"https:\/\/galsusa.es\/fr\/wp-json\/wp\/v2\/media?parent=1719"}],"curies":[{"name":"wp","href":"https:\/\/api.w.org\/{rel}","templated":true}]}}