{"id":2910,"date":"2017-10-27T10:42:17","date_gmt":"2017-10-27T10:42:17","guid":{"rendered":"https:\/\/galsusa.es\/galvanizado\/"},"modified":"2018-05-15T10:10:58","modified_gmt":"2018-05-15T10:10:58","slug":"galvanized","status":"publish","type":"page","link":"https:\/\/galsusa.es\/en\/galvanized\/","title":{"rendered":"What is Galvanized?"},"content":{"rendered":"<p>[vc_row css_animation=&#8221;&#8221; row_type=&#8221;row&#8221; use_row_as_full_screen_section=&#8221;no&#8221; type=&#8221;full_width&#8221; angled_section=&#8221;no&#8221; text_align=&#8221;left&#8221; background_image_as_pattern=&#8221;without_pattern&#8221;][vc_column][vc_single_image image=&#8221;2939&#8243; img_size=&#8221;full&#8221; qode_css_animation=&#8221;&#8221;][\/vc_column][\/vc_row][vc_row css_animation=&#8221;&#8221; row_type=&#8221;row&#8221; use_row_as_full_screen_section=&#8221;no&#8221; type=&#8221;grid&#8221; angled_section=&#8221;no&#8221; text_align=&#8221;left&#8221; background_image_as_pattern=&#8221;without_pattern&#8221; z_index=&#8221;&#8221;][vc_column][vc_column_text]<\/p>\n<h1>What is Galvanized?<\/h1>\n<p>[\/vc_column_text][\/vc_column][\/vc_row][vc_row css_animation=&#8221;&#8221; row_type=&#8221;row&#8221; use_row_as_full_screen_section=&#8221;no&#8221; type=&#8221;grid&#8221; angled_section=&#8221;no&#8221; text_align=&#8221;left&#8221; background_image_as_pattern=&#8221;without_pattern&#8221; z_index=&#8221;&#8221;][vc_column][vc_empty_space][vc_column_text]<\/p>\n<h3 style=\"text-align: justify;\"><span style=\"color: #000000;\">Hot dip galvanizing, or \u201cgalvanization\u201das it is commonly known, is a method of applying a coating of zinc on iron parts (carbon steel) by immersing in a bath of molten zinc. <\/span><\/h3>\n<p>[\/vc_column_text][vc_empty_space height=&#8221;15px&#8221;][vc_column_text]<\/p>\n<p style=\"text-align: justify;\">For good results the design of the parts must be appropriate and it is necessary that certain conditions are verified, such as:<\/p>\n<p>[\/vc_column_text][vc_empty_space][\/vc_column][\/vc_row][vc_row css_animation=&#8221;&#8221; row_type=&#8221;row&#8221; use_row_as_full_screen_section=&#8221;no&#8221; type=&#8221;grid&#8221; angled_section=&#8221;no&#8221; text_align=&#8221;left&#8221; background_image_as_pattern=&#8221;without_pattern&#8221; background_color=&#8221;#ffffff&#8221; padding_top=&#8221;0&#8243; padding_bottom=&#8221;0&#8243;][vc_column width=&#8221;1\/4&#8243;]<div class='q_icon_with_title small normal_icon center '><div class=\"icon_holder \" style=\" \"><span data-icon-type=\"normal\"   style=\"font-size: 45px;\" class=\"qode_iwt_icon_holder q_font_awsome_icon fa-2x  \"><i class=\"qode_icon_font_awesome fa fa-long-arrow-down qode_iwt_icon_element\" style=\"\" ><\/i><\/span><\/div><div class=\"icon_text_holder\" style=\"\"><div class=\"icon_text_inner\" style=\"\"><h3 class=\"icon_title\" style=\"color: #666666;\">Surface of the parts<\/h3><p style=''>Control surface condition of the parts to be galvanized.<\/p><\/div><\/div><\/div>[vc_separator type=&#8221;transparent&#8221; up=&#8221;37&#8243; down=&#8221;0&#8243;][\/vc_column][vc_column width=&#8221;1\/4&#8243;]<div class='q_icon_with_title small normal_icon center '><div class=\"icon_holder \" style=\" \"><span data-icon-type=\"normal\"   style=\"font-size: 45px;\" class=\"qode_iwt_icon_holder q_font_awsome_icon fa-2x  \"><i class=\"qode_icon_font_awesome fa fa-arrows-alt qode_iwt_icon_element\" style=\"\" ><\/i><\/span><\/div><div class=\"icon_text_holder\" style=\"\"><div class=\"icon_text_inner\" style=\"\"><h3 class=\"icon_title\" style=\"color: #666666;\">Dimensions<\/h3><p style=''>The dimensions of the parts must settle in the crucible galvanization. In our case, we have the largest in the Southeast of Spain with 12.50 m. long x 1.70 m. wide x 2.70 m. deep with 400,000 kg of molten zinc.<\/p><\/div><\/div><\/div>[vc_separator type=&#8221;transparent&#8221; up=&#8221;37&#8243; down=&#8221;0&#8243;][\/vc_column][vc_column width=&#8221;1\/4&#8243;]<div class='q_icon_with_title small normal_icon center '><div class=\"icon_holder \" style=\" \"><span data-icon-type=\"normal\"   style=\"font-size: 45px;\" class=\"qode_iwt_icon_holder q_font_awsome_icon fa-2x  \"><i class=\"qode_icon_font_awesome fa fa-exclamation-triangle qode_iwt_icon_element\" style=\"\" ><\/i><\/span><\/div><div class=\"icon_text_holder\" style=\"\"><div class=\"icon_text_inner\" style=\"\"><h3 class=\"icon_title\" style=\"color: #666666;\">The weight<\/h3><p style=''>The weight of the pieces is conditioned by the existence of lifting and transport devices in the galvanizing plant; we have the largest lifting capacity of the Southeast with possibility to galvanize parts up to 12.000 kg.<\/p><\/div><\/div><\/div>[vc_separator type=&#8221;transparent&#8221; up=&#8221;37&#8243; down=&#8221;0&#8243;][\/vc_column][vc_column width=&#8221;1\/4&#8243;]<div class='q_icon_with_title small normal_icon center '><div class=\"icon_holder \" style=\" \"><span data-icon-type=\"normal\"   style=\"font-size: 45px;\" class=\"qode_iwt_icon_holder q_font_awsome_icon fa-2x  \"><i class=\"qode_icon_font_awesome fa fa-check qode_iwt_icon_element\" style=\"\" ><\/i><\/span><\/div><div class=\"icon_text_holder\" style=\"\"><div class=\"icon_text_inner\" style=\"\"><h3 class=\"icon_title\" style=\"color: #666666;\">Suitable steels<\/h3><p style=''>Using suitable steels for galvanizing.<\/p><\/div><\/div><\/div>[vc_separator type=&#8221;transparent&#8221; up=&#8221;37&#8243; down=&#8221;0&#8243;][\/vc_column][\/vc_row][vc_row css_animation=&#8221;&#8221; row_type=&#8221;row&#8221; use_row_as_full_screen_section=&#8221;no&#8221; type=&#8221;grid&#8221; angled_section=&#8221;no&#8221; text_align=&#8221;left&#8221; background_image_as_pattern=&#8221;without_pattern&#8221; z_index=&#8221;&#8221;][vc_column][vc_column_text]<\/p>\n<h3 style=\"text-align: center;\"><span style=\"color: #666666;\">The fulfillment of these conditions depends largely on designers and manufacturers of the parts or metal constructions that will be galvanized.<\/span><\/h3>\n<p>[\/vc_column_text][vc_empty_space height=&#8221;30px&#8221;][vc_column_text]<\/p>\n<p style=\"text-align: center;\">The main stages of the process are illustrated in the following diagram:<\/p>\n<p>[\/vc_column_text][vc_empty_space height=&#8221;30px&#8221;][vc_single_image image=&#8221;2944&#8243; img_size=&#8221;600&#215;143&#8243; alignment=&#8221;center&#8221; qode_css_animation=&#8221;&#8221;][vc_empty_space height=&#8221;30px&#8221;][vc_column_text]<\/p>\n<p style=\"text-align: center;\">First of all,inspection of material is carried out in order to classify it and get work scheduling<\/p>\n<p>[\/vc_column_text][\/vc_column][\/vc_row][vc_row css_animation=&#8221;&#8221; row_type=&#8221;row&#8221; use_row_as_full_screen_section=&#8221;no&#8221; type=&#8221;grid&#8221; angled_section=&#8221;no&#8221; text_align=&#8221;left&#8221; background_image_as_pattern=&#8221;without_pattern&#8221; padding_top=&#8221;50&#8243; padding_bottom=&#8221;121&#8243; z_index=&#8221;&#8221;][vc_column offset=&#8221;vc_col-md-4&#8243;][vc_column_text]<\/p>\n<h2>Stages<\/h2>\n<p>[\/vc_column_text][vc_empty_space height=&#8221;24px&#8221;][vc_column_text]To the right you can see the different stages of galvanization.[\/vc_column_text][vc_empty_space height=&#8221;66px&#8221;][vc_single_image image=&#8221;2772&#8243; img_size=&#8221;full&#8221; qode_css_animation=&#8221;&#8221;][vc_empty_space height=&#8221;51px&#8221;][vc_single_image image=&#8221;2769&#8243; img_size=&#8221;full&#8221; qode_css_animation=&#8221;&#8221;][vc_empty_space height=&#8221;30px&#8221;][\/vc_column][vc_column offset=&#8221;vc_col-md-8&#8243;]<div class=\"qode-accordion-holder clearfix qode-accordion qode-initial \">\n\t<h4 class=\"clearfix qode-title-holder\">\n<span class=\"qode-tab-title\">\n\t    <span class=\"qode-tab-title-inner\">\n        Degreased    <\/span>\n<\/span>\n<span class=\"qode-accordion-mark\">\n    <span class=\"qode-accordion-mark-icon\">\n        <span class=\"icon_plus\"><\/span>\n        <span class=\"icon_minus-06\"><\/span>\n    <\/span>\n<\/span>\n<\/h4>\n<div  class=\"qode-accordion-content \" >\n    <div class=\"qode-accordion-content-inner\">\n        [vc_column_text]Parts with any grease or oil are subjected to be degreased in an alkaline solution hot (70\u00baC); after degreasing parts, these are rinsed in a water bath to prevent the drag of this solution to the next stage.[\/vc_column_text]    <\/div>\n<\/div><h4 class=\"clearfix qode-title-holder\">\n<span class=\"qode-tab-title\">\n\t    <span class=\"qode-tab-title-inner\">\n        Pickling    <\/span>\n<\/span>\n<span class=\"qode-accordion-mark\">\n    <span class=\"qode-accordion-mark-icon\">\n        <span class=\"icon_plus\"><\/span>\n        <span class=\"icon_minus-06\"><\/span>\n    <\/span>\n<\/span>\n<\/h4>\n<div  class=\"qode-accordion-content \" >\n    <div class=\"qode-accordion-content-inner\">\n        [vc_column_text]<\/p>\n<p style=\"text-align: justify;\">Pickling is used to remove rust and calamine, which are the most common contaminants of ferrous products and besides a chemically clean steel surface can be obtained with this method. It is done with dilute hydrochloric acid at room temperature, for that we have five tanks of 70 m3 volume and capacity for parts up to 15 m. length. The pickling time depends on the degree of surface oxidation of the pieces and the concentration of the acid solution.<\/p>\n<p>[\/vc_column_text]    <\/div>\n<\/div><h4 class=\"clearfix qode-title-holder\">\n<span class=\"qode-tab-title\">\n\t    <span class=\"qode-tab-title-inner\">\n        Rinsing    <\/span>\n<\/span>\n<span class=\"qode-accordion-mark\">\n    <span class=\"qode-accordion-mark-icon\">\n        <span class=\"icon_plus\"><\/span>\n        <span class=\"icon_minus-06\"><\/span>\n    <\/span>\n<\/span>\n<\/h4>\n<div  class=\"qode-accordion-content \" >\n    <div class=\"qode-accordion-content-inner\">\n        [vc_column_text]<\/p>\n<p style=\"text-align: justify;\">After degreased and pickled, parts are rinsed in a water bath to prevent skidding acid residues to the following process steps.<\/p>\n<p>[\/vc_column_text]    <\/div>\n<\/div><h4 class=\"clearfix qode-title-holder\">\n<span class=\"qode-tab-title\">\n\t    <span class=\"qode-tab-title-inner\">\n        Fluxing    <\/span>\n<\/span>\n<span class=\"qode-accordion-mark\">\n    <span class=\"qode-accordion-mark-icon\">\n        <span class=\"icon_plus\"><\/span>\n        <span class=\"icon_minus-06\"><\/span>\n    <\/span>\n<\/span>\n<\/h4>\n<div  class=\"qode-accordion-content \" >\n    <div class=\"qode-accordion-content-inner\">\n        [vc_column_text]<\/p>\n<p style=\"text-align: justify;\">The fluxing or treatment with salts (mixture of ammonium chloride and zinc chloride), aims to remove any remaining impurities and produce an intense cleaning of the metal surface. These salts act as \u201cflux\u201d welding, that is, they favour wettability of the Steel surfaces by molten zinc. These salts are applied by dipping the pieces in an aqueous solution thereof.<\/p>\n<p>[\/vc_column_text]    <\/div>\n<\/div><h4 class=\"clearfix qode-title-holder\">\n<span class=\"qode-tab-title\">\n\t    <span class=\"qode-tab-title-inner\">\n        Drying    <\/span>\n<\/span>\n<span class=\"qode-accordion-mark\">\n    <span class=\"qode-accordion-mark-icon\">\n        <span class=\"icon_plus\"><\/span>\n        <span class=\"icon_minus-06\"><\/span>\n    <\/span>\n<\/span>\n<\/h4>\n<div  class=\"qode-accordion-content \" >\n    <div class=\"qode-accordion-content-inner\">\n        [vc_column_text]<\/p>\n<p style=\"text-align: justify;\">The pieces treated in the above step are dried before their introduction into the zinc bath to avoid traces of aqueous solutions and preheating the parts to be treated, thus facilitating the alloying zinc-iron.<\/p>\n<p>[\/vc_column_text]    <\/div>\n<\/div><h4 class=\"clearfix qode-title-holder\">\n<span class=\"qode-tab-title\">\n\t    <span class=\"qode-tab-title-inner\">\n        Galvanization    <\/span>\n<\/span>\n<span class=\"qode-accordion-mark\">\n    <span class=\"qode-accordion-mark-icon\">\n        <span class=\"icon_plus\"><\/span>\n        <span class=\"icon_minus-06\"><\/span>\n    <\/span>\n<\/span>\n<\/h4>\n<div  class=\"qode-accordion-content \" >\n    <div class=\"qode-accordion-content-inner\">\n        [vc_column_text]<\/p>\n<p style=\"text-align: justify;\">Galvanization operation itself is performed by dipping the pieces in the crucible with molten zinc at a temperature betweem 440\u00baC and 460\u00baC. the quality of zinc used is 99.995% purity.<\/p>\n<p style=\"text-align: justify;\">During immersion of the parts in the molten zinc, diffusion of zinc in the surface of the steel occurs, leading to the formation of different layers of zinc-iron alloys with different composition. When the pieces are removed from the galvanizing bath, theses alloys are coated with an outer layer of zinc similar to zinc bath composition.<\/p>\n<p>&nbsp;<\/p>\n<p style=\"text-align: justify;\">The time which the parts should be immersed in the zinc bath, to obtain a correct galvanized coating depends, among other factors, on the composition of the steel, temperature of the zinc bath and thickness of steel parts. In any case, the pieces must be soaked in zinc until it reaches the bath temperature. Before removing the pieces from the galvanizing it is necessary to remove the thin layer of zinc oxide and traces of salt from the surface thereof so that these do not remain adhered to the surface and they can not produce superficial imperfections in the coating<\/p>\n<p>&nbsp;<\/p>\n<h3 style=\"text-align: justify;\">Cooling and inspection<\/h3>\n<p style=\"text-align: justify;\">Once out of galvanizing bath parts are allowed to cool air. Then, they are reviewed to remove burrs, sharp drops and superficial adhesion of ashes or residues of salt and finally they undergo inspection. Galvanized coatings on various items must meet a number of requirements on surface appearance, adherence and thickness, all of them are specified in national and international standards. National or international standard currently applicables is the UNE-EN ISO 1461. Finally, the pieces are weighed because this is the criterion normally used for billing.<\/p>\n<p>&nbsp;<\/p>\n<h3 style=\"text-align: left;\">Passivated (optional, after the process)<\/h3>\n<p style=\"text-align: justify;\">The parts can be passivated after galvanization if the costumer requires it. This additional treatment prevents stains due to wet storage (rest of white zinc oxide can affect aesthetics of the product but not its service life) in those parts that are transported in high humidity and poor ventilation conditions, that is, in maritime transport long distance or in the case of prolonged stacks outdoors.<\/p>\n<p>&nbsp;<\/p>\n<h3 style=\"text-align: left;\">Shotblasting-abrasive blasting (optional, pre-process)<\/h3>\n<p style=\"text-align: justify;\">Optionally, materials with paint, lacquers, varnishes, strong corrosion, cements, resins\u2026 which subsequently are going to be galvanized, or only cleaned for other uses, can be shotblasted to get a surface free of contaminants.<br \/>\nThis operation consists in projecting abrasive steel particles on the material surface that needs be cleaned. They are propelled with compressed air at high pressure; for this operation we have a shotblasting booth 15 m long x 4.50 m. wide x 5 m. height with bridge crane of 5,000 kg.<\/p>\n<p>&nbsp;<\/p>\n<h3 style=\"text-align: left;\">Result<\/h3>\n<p style=\"text-align: justify;\">The end result is a versatile and durable coating that provides very effective protection againts corrosion in a wide variety of items which can be painted, welding, machining \u2026 whose cost- protection relation is unbeatable. The thickness of galvanized coatings in one of the essential criterion for the quality thereof. It is usually expressed in micrometers (microns), although it can also be done in g\/m2 (coating mass per square meter of surface). In the UNE-EN ISO 1461 allowable minimum values on thickness galvanized coatings are specified based on the thickness of the base material.<\/p>\n<p>[\/vc_column_text]    <\/div>\n<\/div><\/div>[\/vc_column][\/vc_row]<\/p>\n","protected":false},"excerpt":{"rendered":"<p>[vc_row css_animation=&#8221;&#8221; row_type=&#8221;row&#8221; use_row_as_full_screen_section=&#8221;no&#8221; type=&#8221;full_width&#8221; angled_section=&#8221;no&#8221; text_align=&#8221;left&#8221; background_image_as_pattern=&#8221;without_pattern&#8221;][vc_column][vc_single_image image=&#8221;2939&#8243; img_size=&#8221;full&#8221; qode_css_animation=&#8221;&#8221;][\/vc_column][\/vc_row][vc_row css_animation=&#8221;&#8221; row_type=&#8221;row&#8221; use_row_as_full_screen_section=&#8221;no&#8221; type=&#8221;grid&#8221; angled_section=&#8221;no&#8221; text_align=&#8221;left&#8221; background_image_as_pattern=&#8221;without_pattern&#8221; z_index=&#8221;&#8221;][vc_column][vc_column_text] What is Galvanized? [\/vc_column_text][\/vc_column][\/vc_row][vc_row css_animation=&#8221;&#8221; row_type=&#8221;row&#8221; use_row_as_full_screen_section=&#8221;no&#8221; type=&#8221;grid&#8221; angled_section=&#8221;no&#8221; text_align=&#8221;left&#8221; background_image_as_pattern=&#8221;without_pattern&#8221; z_index=&#8221;&#8221;][vc_column][vc_empty_space][vc_column_text] Hot dip galvanizing, or \u201cgalvanization\u201das it is commonly known, is a method of applying&#8230;<\/p>\n","protected":false},"author":1,"featured_media":0,"parent":0,"menu_order":0,"comment_status":"closed","ping_status":"closed","template":"full_width.php","meta":{"footnotes":""},"class_list":["post-2910","page","type-page","status-publish","hentry"],"yoast_head":"<!-- This site is optimized with the Yoast SEO plugin v22.5 - https:\/\/yoast.com\/wordpress\/plugins\/seo\/ -->\n<title>What is Galvanized? &#183; GALSUSA<\/title>\n<meta name=\"description\" content=\"La Galvanizaci\u00f3n en Caliente, o \u201cGalvanizaci\u00f3n\u201d como se la conoce com\u00fanmente, es un procedimiento de aplicaci\u00f3n de un recubrimiento de zinc sobre piezas de hierro (acero al carbono) mediante inmersi\u00f3n de las mismas en un ba\u00f1o de zinc fundido.\" \/>\n<meta name=\"robots\" content=\"index, follow, max-snippet:-1, max-image-preview:large, max-video-preview:-1\" \/>\n<link rel=\"canonical\" href=\"https:\/\/galsusa.es\/en\/galvanized\/\" \/>\n<meta property=\"og:locale\" content=\"en_US\" \/>\n<meta property=\"og:type\" content=\"article\" \/>\n<meta property=\"og:title\" content=\"What is Galvanized? &#183; GALSUSA\" \/>\n<meta property=\"og:description\" content=\"La Galvanizaci\u00f3n en Caliente, o \u201cGalvanizaci\u00f3n\u201d como se la conoce com\u00fanmente, es un procedimiento de aplicaci\u00f3n de un recubrimiento de zinc sobre piezas de hierro (acero al carbono) mediante inmersi\u00f3n de las mismas en un ba\u00f1o de zinc fundido.\" \/>\n<meta property=\"og:url\" content=\"https:\/\/galsusa.es\/en\/galvanized\/\" \/>\n<meta property=\"og:site_name\" content=\"GALSUSA\" \/>\n<meta property=\"article:publisher\" content=\"https:\/\/es-es.facebook.com\/GALSUSA.galvanizados\" \/>\n<meta property=\"article:modified_time\" content=\"2018-05-15T10:10:58+00:00\" \/>\n<meta name=\"twitter:label1\" content=\"Est. reading time\" \/>\n\t<meta name=\"twitter:data1\" content=\"8 minutes\" \/>\n<script type=\"application\/ld+json\" class=\"yoast-schema-graph\">{\"@context\":\"https:\/\/schema.org\",\"@graph\":[{\"@type\":\"WebPage\",\"@id\":\"https:\/\/galsusa.es\/en\/galvanized\/\",\"url\":\"https:\/\/galsusa.es\/en\/galvanized\/\",\"name\":\"What is Galvanized? &#183; GALSUSA\",\"isPartOf\":{\"@id\":\"https:\/\/galsusa.es\/#website\"},\"datePublished\":\"2017-10-27T10:42:17+00:00\",\"dateModified\":\"2018-05-15T10:10:58+00:00\",\"description\":\"La Galvanizaci\u00f3n en Caliente, o \u201cGalvanizaci\u00f3n\u201d como se la conoce com\u00fanmente, es un procedimiento de aplicaci\u00f3n de un recubrimiento de zinc sobre piezas de hierro (acero al carbono) mediante inmersi\u00f3n de las mismas en un ba\u00f1o de zinc fundido.\",\"breadcrumb\":{\"@id\":\"https:\/\/galsusa.es\/en\/galvanized\/#breadcrumb\"},\"inLanguage\":\"en-US\",\"potentialAction\":[{\"@type\":\"ReadAction\",\"target\":[\"https:\/\/galsusa.es\/en\/galvanized\/\"]}]},{\"@type\":\"BreadcrumbList\",\"@id\":\"https:\/\/galsusa.es\/en\/galvanized\/#breadcrumb\",\"itemListElement\":[{\"@type\":\"ListItem\",\"position\":1,\"name\":\"Portada\",\"item\":\"https:\/\/galsusa.es\/en\/\"},{\"@type\":\"ListItem\",\"position\":2,\"name\":\"What is Galvanized?\"}]},{\"@type\":\"WebSite\",\"@id\":\"https:\/\/galsusa.es\/#website\",\"url\":\"https:\/\/galsusa.es\/\",\"name\":\"GALSUSA\",\"description\":\"Galvanizados del Sureste, S.A.\",\"publisher\":{\"@id\":\"https:\/\/galsusa.es\/#organization\"},\"potentialAction\":[{\"@type\":\"SearchAction\",\"target\":{\"@type\":\"EntryPoint\",\"urlTemplate\":\"https:\/\/galsusa.es\/?s={search_term_string}\"},\"query-input\":\"required name=search_term_string\"}],\"inLanguage\":\"en-US\"},{\"@type\":\"Organization\",\"@id\":\"https:\/\/galsusa.es\/#organization\",\"name\":\"GALSUSA\",\"url\":\"https:\/\/galsusa.es\/\",\"logo\":{\"@type\":\"ImageObject\",\"inLanguage\":\"en-US\",\"@id\":\"https:\/\/galsusa.es\/#\/schema\/logo\/image\/\",\"url\":\"https:\/\/galsusa.es\/wp-content\/uploads\/2018\/04\/Logo-Galsusa-2.png\",\"contentUrl\":\"https:\/\/galsusa.es\/wp-content\/uploads\/2018\/04\/Logo-Galsusa-2.png\",\"width\":258,\"height\":360,\"caption\":\"GALSUSA\"},\"image\":{\"@id\":\"https:\/\/galsusa.es\/#\/schema\/logo\/image\/\"},\"sameAs\":[\"https:\/\/es-es.facebook.com\/GALSUSA.galvanizados\",\"https:\/\/x.com\/galvanizadores\",\"https:\/\/es.linkedin.com\/company\/galsusa\",\"https:\/\/www.youtube.com\/channel\/UCcOYSAZeODZViliHAfPD2cw\"]}]}<\/script>\n<!-- \/ Yoast SEO plugin. -->","yoast_head_json":{"title":"What is Galvanized? &#183; GALSUSA","description":"La Galvanizaci\u00f3n en Caliente, o \u201cGalvanizaci\u00f3n\u201d como se la conoce com\u00fanmente, es un procedimiento de aplicaci\u00f3n de un recubrimiento de zinc sobre piezas de hierro (acero al carbono) mediante inmersi\u00f3n de las mismas en un ba\u00f1o de zinc fundido.","robots":{"index":"index","follow":"follow","max-snippet":"max-snippet:-1","max-image-preview":"max-image-preview:large","max-video-preview":"max-video-preview:-1"},"canonical":"https:\/\/galsusa.es\/en\/galvanized\/","og_locale":"en_US","og_type":"article","og_title":"What is Galvanized? &#183; GALSUSA","og_description":"La Galvanizaci\u00f3n en Caliente, o \u201cGalvanizaci\u00f3n\u201d como se la conoce com\u00fanmente, es un procedimiento de aplicaci\u00f3n de un recubrimiento de zinc sobre piezas de hierro (acero al carbono) mediante inmersi\u00f3n de las mismas en un ba\u00f1o de zinc fundido.","og_url":"https:\/\/galsusa.es\/en\/galvanized\/","og_site_name":"GALSUSA","article_publisher":"https:\/\/es-es.facebook.com\/GALSUSA.galvanizados","article_modified_time":"2018-05-15T10:10:58+00:00","twitter_misc":{"Est. reading time":"8 minutes"},"schema":{"@context":"https:\/\/schema.org","@graph":[{"@type":"WebPage","@id":"https:\/\/galsusa.es\/en\/galvanized\/","url":"https:\/\/galsusa.es\/en\/galvanized\/","name":"What is Galvanized? &#183; GALSUSA","isPartOf":{"@id":"https:\/\/galsusa.es\/#website"},"datePublished":"2017-10-27T10:42:17+00:00","dateModified":"2018-05-15T10:10:58+00:00","description":"La Galvanizaci\u00f3n en Caliente, o \u201cGalvanizaci\u00f3n\u201d como se la conoce com\u00fanmente, es un procedimiento de aplicaci\u00f3n de un recubrimiento de zinc sobre piezas de hierro (acero al carbono) mediante inmersi\u00f3n de las mismas en un ba\u00f1o de zinc fundido.","breadcrumb":{"@id":"https:\/\/galsusa.es\/en\/galvanized\/#breadcrumb"},"inLanguage":"en-US","potentialAction":[{"@type":"ReadAction","target":["https:\/\/galsusa.es\/en\/galvanized\/"]}]},{"@type":"BreadcrumbList","@id":"https:\/\/galsusa.es\/en\/galvanized\/#breadcrumb","itemListElement":[{"@type":"ListItem","position":1,"name":"Portada","item":"https:\/\/galsusa.es\/en\/"},{"@type":"ListItem","position":2,"name":"What is Galvanized?"}]},{"@type":"WebSite","@id":"https:\/\/galsusa.es\/#website","url":"https:\/\/galsusa.es\/","name":"GALSUSA","description":"Galvanizados del Sureste, S.A.","publisher":{"@id":"https:\/\/galsusa.es\/#organization"},"potentialAction":[{"@type":"SearchAction","target":{"@type":"EntryPoint","urlTemplate":"https:\/\/galsusa.es\/?s={search_term_string}"},"query-input":"required name=search_term_string"}],"inLanguage":"en-US"},{"@type":"Organization","@id":"https:\/\/galsusa.es\/#organization","name":"GALSUSA","url":"https:\/\/galsusa.es\/","logo":{"@type":"ImageObject","inLanguage":"en-US","@id":"https:\/\/galsusa.es\/#\/schema\/logo\/image\/","url":"https:\/\/galsusa.es\/wp-content\/uploads\/2018\/04\/Logo-Galsusa-2.png","contentUrl":"https:\/\/galsusa.es\/wp-content\/uploads\/2018\/04\/Logo-Galsusa-2.png","width":258,"height":360,"caption":"GALSUSA"},"image":{"@id":"https:\/\/galsusa.es\/#\/schema\/logo\/image\/"},"sameAs":["https:\/\/es-es.facebook.com\/GALSUSA.galvanizados","https:\/\/x.com\/galvanizadores","https:\/\/es.linkedin.com\/company\/galsusa","https:\/\/www.youtube.com\/channel\/UCcOYSAZeODZViliHAfPD2cw"]}]}},"_links":{"self":[{"href":"https:\/\/galsusa.es\/en\/wp-json\/wp\/v2\/pages\/2910","targetHints":{"allow":["GET"]}}],"collection":[{"href":"https:\/\/galsusa.es\/en\/wp-json\/wp\/v2\/pages"}],"about":[{"href":"https:\/\/galsusa.es\/en\/wp-json\/wp\/v2\/types\/page"}],"author":[{"embeddable":true,"href":"https:\/\/galsusa.es\/en\/wp-json\/wp\/v2\/users\/1"}],"replies":[{"embeddable":true,"href":"https:\/\/galsusa.es\/en\/wp-json\/wp\/v2\/comments?post=2910"}],"version-history":[{"count":4,"href":"https:\/\/galsusa.es\/en\/wp-json\/wp\/v2\/pages\/2910\/revisions"}],"predecessor-version":[{"id":2947,"href":"https:\/\/galsusa.es\/en\/wp-json\/wp\/v2\/pages\/2910\/revisions\/2947"}],"wp:attachment":[{"href":"https:\/\/galsusa.es\/en\/wp-json\/wp\/v2\/media?parent=2910"}],"curies":[{"name":"wp","href":"https:\/\/api.w.org\/{rel}","templated":true}]}}