{"id":2885,"date":"2017-10-25T12:23:38","date_gmt":"2017-10-25T12:23:38","guid":{"rendered":"https:\/\/galsusa.es\/galvanizados-del-sureste\/"},"modified":"2021-07-05T17:48:52","modified_gmt":"2021-07-05T17:48:52","slug":"galvanizados-del-sureste-2","status":"publish","type":"page","link":"https:\/\/galsusa.es\/en\/galvanizados-del-sureste-2\/","title":{"rendered":"Company"},"content":{"rendered":"<p>[vc_row css_animation=&#8221;&#8221; row_type=&#8221;row&#8221; use_row_as_full_screen_section=&#8221;no&#8221; type=&#8221;full_width&#8221; angled_section=&#8221;no&#8221; text_align=&#8221;left&#8221; background_image_as_pattern=&#8221;without_pattern&#8221; z_index=&#8221;&#8221;][vc_column][vc_single_image image=&#8221;2939&#8243; img_size=&#8221;full&#8221; qode_css_animation=&#8221;&#8221; css=&#8221;.vc_custom_1526378430503{padding-left: 1% !important;}&#8221;][\/vc_column][\/vc_row][vc_row css_animation=&#8221;&#8221; row_type=&#8221;row&#8221; use_row_as_full_screen_section=&#8221;no&#8221; type=&#8221;grid&#8221; angled_section=&#8221;no&#8221; text_align=&#8221;left&#8221; background_image_as_pattern=&#8221;without_pattern&#8221; z_index=&#8221;&#8221;][vc_column][vc_column_text]<\/p>\n<h2 style=\"text-align: left;\">Presentation<\/h2>\n<p>[\/vc_column_text][vc_separator type=&#8221;transparent&#8221; up=&#8221;20&#8243;][\/vc_column][\/vc_row][vc_row css_animation=&#8221;&#8221; row_type=&#8221;row&#8221; use_row_as_full_screen_section=&#8221;no&#8221; type=&#8221;grid&#8221; angled_section=&#8221;no&#8221; text_align=&#8221;left&#8221; background_image_as_pattern=&#8221;without_pattern&#8221; z_index=&#8221;&#8221;][vc_column width=&#8221;1\/2&#8243;][vc_column_text]<\/p>\n<p style=\"text-align: justify;\">The Galvanizados del Sureste Corporation (GALUSA S.A.) was founded as a Services Company in the year 1977.<\/p>\n<p>&nbsp;<\/p>\n<p style=\"text-align: justify;\">It&#8217;s instalations can be found on the La Polvorista industrial estate, on the left bank of Molina de Segura (Murcia), on a 50.000 square metre plot of land, fitted with a hot dip galvanization plant in molten zinc, which is a pionering feat in the Murcia region, as well as metal product manufacturing workshops, steel product warehouses and a shot blasting booth.<\/p>\n<p>[\/vc_column_text][\/vc_column][vc_column width=&#8221;1\/2&#8243;][vc_column_text]<\/p>\n<p style=\"text-align: justify;\">Our crucible with 400 tons of molten zinc has dimensions of 12.5 m long, 1.7 m wide and 2.7 m deep, allowing double immersion to galvanize pieces up to 16m long and 5m high combined with different widths.<\/p>\n<p>&nbsp;<\/p>\n<p style=\"text-align: justify;\">This infrastructure, together with a capacity of 12 tons above the crucible, makes it the plant with the greatest galvanization capacity in the area.<\/p>\n<p>[\/vc_column_text][\/vc_column][\/vc_row][vc_row css_animation=&#8221;&#8221; row_type=&#8221;row&#8221; use_row_as_full_screen_section=&#8221;no&#8221; type=&#8221;grid&#8221; angled_section=&#8221;no&#8221; text_align=&#8221;left&#8221; background_image_as_pattern=&#8221;without_pattern&#8221; z_index=&#8221;&#8221;][vc_column][vc_separator type=&#8221;transparent&#8221; up=&#8221;50&#8243;][vc_video link=&#8221;https:\/\/youtu.be\/aOZgImdp8EU&#8221; el_aspect=&#8221;235&#8243; align=&#8221;center&#8221;][vc_separator type=&#8221;transparent&#8221; up=&#8221;50&#8243;][\/vc_column][\/vc_row][vc_row css_animation=&#8221;&#8221; row_type=&#8221;row&#8221; use_row_as_full_screen_section=&#8221;no&#8221; type=&#8221;grid&#8221; angled_section=&#8221;no&#8221; text_align=&#8221;left&#8221; background_image_as_pattern=&#8221;without_pattern&#8221; padding_top=&#8221;5&#8243; padding_bottom=&#8221;50&#8243; z_index=&#8221;&#8221; css=&#8221;.vc_custom_1523387085841{background-color: #ededed !important;}&#8221;][vc_column width=&#8221;1\/2&#8243;][vc_separator type=&#8221;transparent&#8221; up=&#8221;75&#8243;][vc_column_text]<\/p>\n<h2 style=\"text-align: left;\">Certifications<\/h2>\n<p>[\/vc_column_text][vc_separator type=&#8221;transparent&#8221; up=&#8221;20&#8243;][vc_column_text]In order to guarantee our quality we have had a quatlity management system (<em>Sistema de Gesti\u00f3n de Calidad<\/em>) put in a place since 1998 in accordance with the International Organization for Standadization (<a href=\"https:\/\/galsusa.es\/wp-content\/certificados\/Certificado 9001.pdf\">UNE-EN ISO 9001<\/a>) and certified by the Spanish Standards and Certification Bureau Veritas\u00a0-, as well as a\u00a0 <a href=\"https:\/\/galsusa.es\/wp-content\/certificados\/Certificado%20de%20Homologaci%C3%B3n%20Ministerio%20de%20Econom%C3%ADa,%20Industria%20y%20Competitividad.pdf\">conformity certificate in production from the Ministry of Economics, Industry and Competitiveness (number: PG-0000021)<\/a> since 1987.[\/vc_column_text][vc_separator type=&#8221;transparent&#8221; up=&#8221;10&#8243;][vc_column_text]We have a also put in place a system to manage our impact on the environment, as we are aware of the impact our work could have on it; as well as being <a href=\"https:\/\/galsusa.es\/wp-content\/certificados\/Certificado 14001.pdf\">certified by the Bureau Veritas, in accordance with the requirements Regulation 14001:2015 of the ISO<\/a>. In doing so, we strive to fullfil our goal and constantly better our <a href=\"https:\/\/galsusa.es\/\/wp-content\/certificados\/Pol\u00edtica de Calidad y Medio Ambiente, Mayo 2019.pdf\">Integrated Management System Policy<\/a>.[\/vc_column_text][vc_separator type=&#8221;transparent&#8221; up=&#8221;10&#8243;][vc_row_inner row_type=&#8221;row&#8221; type=&#8221;full_width&#8221; text_align=&#8221;left&#8221; css_animation=&#8221;&#8221;][vc_column_inner width=&#8221;1\/3&#8243;][vc_single_image image=&#8221;3150&#8243; img_size=&#8221;full&#8221; onclick=&#8221;custom_link&#8221; qode_css_animation=&#8221;&#8221; link=&#8221;https:\/\/galsusa.es\/wp-content\/certificados\/Certificado 9001.pdf&#8221;][\/vc_column_inner][vc_column_inner width=&#8221;1\/3&#8243;][vc_single_image image=&#8221;3153&#8243; img_size=&#8221;full&#8221; onclick=&#8221;custom_link&#8221; img_link_target=&#8221;_blank&#8221; qode_css_animation=&#8221;&#8221; link=&#8221;https:\/\/galsusa.es\/wp-content\/certificados\/Certificado 14001.pdf&#8221;][\/vc_column_inner][vc_column_inner width=&#8221;1\/3&#8243;][vc_single_image image=&#8221;2872&#8243; img_size=&#8221;full&#8221; onclick=&#8221;custom_link&#8221; img_link_target=&#8221;_blank&#8221; qode_css_animation=&#8221;&#8221; link=&#8221;https:\/\/galsusa.es\/wp-content\/certificados\/Certificado%20de%20Homologaci%C3%B3n%20Ministerio%20de%20Econom%C3%ADa,%20Industria%20y%20Competitividad.pdf&#8221;][\/vc_column_inner][\/vc_row_inner][vc_separator type=&#8221;transparent&#8221; up=&#8221;80&#8243;][\/vc_column][vc_column width=&#8221;1\/2&#8243;][vc_separator type=&#8221;transparent&#8221; up=&#8221;150&#8243;][vc_single_image image=&#8221;2413&#8243; img_size=&#8221;440&#215;440&#8243; alignment=&#8221;center&#8221; qode_css_animation=&#8221;&#8221; qode_hover_animation=&#8221;zoom_in&#8221;][\/vc_column][\/vc_row][vc_row css_animation=&#8221;&#8221; row_type=&#8221;row&#8221; use_row_as_full_screen_section=&#8221;no&#8221; type=&#8221;full_width&#8221; angled_section=&#8221;no&#8221; text_align=&#8221;left&#8221; background_image_as_pattern=&#8221;without_pattern&#8221; padding_top=&#8221;5&#8243; padding_bottom=&#8221;50&#8243; z_index=&#8221;&#8221; css=&#8221;.vc_custom_1523460950304{background-color: #ededed !important;}&#8221;][vc_column][vc_separator type=&#8221;transparent&#8221; up=&#8221;50&#8243;][vc_row_inner row_type=&#8221;row&#8221; type=&#8221;grid&#8221; text_align=&#8221;left&#8221; css_animation=&#8221;&#8221;][vc_column_inner width=&#8221;1\/2&#8243;][vc_separator type=&#8221;transparent&#8221; up=&#8221;10&#8243;][vc_single_image image=&#8221;2605&#8243; img_size=&#8221;medium&#8221; alignment=&#8221;center&#8221; qode_css_animation=&#8221;&#8221;][\/vc_column_inner][vc_column_inner width=&#8221;1\/2&#8243;][vc_column_text]<\/p>\n<blockquote>\n<h5 style=\"text-align: justify;\"><span style=\"color: #999999;\">In November 2017, the Galvanizados del Sureste corporation was the beneficiary of the European Regional Development Fund, the objective of which is the assessment of the implementation of environmental management systems. To do this, it has had the support of Murcia&#8217;s Chamber of Commerce Innocamaras Program. <\/span><\/h5>\n<\/blockquote>\n<p>[\/vc_column_text][vc_separator type=&#8221;transparent&#8221; up=&#8221;40&#8243;][\/vc_column_inner][\/vc_row_inner][vc_separator type=&#8221;transparent&#8221; up=&#8221;50&#8243;][vc_gallery type=&#8221;image_grid&#8221; images=&#8221;2085,1529,1508,1562,1547&#8243; img_size=&#8221;300&#215;400&#8243; column_number=&#8221;5&#8243; grayscale=&#8221;yes&#8221; images_space=&#8221;gallery_without_space&#8221;][vc_separator type=&#8221;transparent&#8221; up=&#8221;40&#8243;][\/vc_column][\/vc_row]<\/p>\n","protected":false},"excerpt":{"rendered":"<p>[vc_row css_animation=&#8221;&#8221; row_type=&#8221;row&#8221; use_row_as_full_screen_section=&#8221;no&#8221; type=&#8221;full_width&#8221; angled_section=&#8221;no&#8221; text_align=&#8221;left&#8221; background_image_as_pattern=&#8221;without_pattern&#8221; z_index=&#8221;&#8221;][vc_column][vc_single_image image=&#8221;2939&#8243; img_size=&#8221;full&#8221; qode_css_animation=&#8221;&#8221; css=&#8221;.vc_custom_1526378430503{padding-left: 1% !important;}&#8221;][\/vc_column][\/vc_row][vc_row css_animation=&#8221;&#8221; row_type=&#8221;row&#8221; use_row_as_full_screen_section=&#8221;no&#8221; type=&#8221;grid&#8221; angled_section=&#8221;no&#8221; text_align=&#8221;left&#8221; background_image_as_pattern=&#8221;without_pattern&#8221; z_index=&#8221;&#8221;][vc_column][vc_column_text] Presentation [\/vc_column_text][vc_separator type=&#8221;transparent&#8221; up=&#8221;20&#8243;][\/vc_column][\/vc_row][vc_row css_animation=&#8221;&#8221; row_type=&#8221;row&#8221; use_row_as_full_screen_section=&#8221;no&#8221; type=&#8221;grid&#8221; angled_section=&#8221;no&#8221; text_align=&#8221;left&#8221; background_image_as_pattern=&#8221;without_pattern&#8221; z_index=&#8221;&#8221;][vc_column width=&#8221;1\/2&#8243;][vc_column_text] The Galvanizados del Sureste Corporation (GALUSA S.A.) was founded&#8230;<\/p>\n","protected":false},"author":1,"featured_media":0,"parent":0,"menu_order":0,"comment_status":"closed","ping_status":"closed","template":"full_width.php","meta":{"footnotes":""},"class_list":["post-2885","page","type-page","status-publish","hentry"],"yoast_head":"<!-- This site is optimized with the Yoast SEO plugin v22.5 - https:\/\/yoast.com\/wordpress\/plugins\/seo\/ -->\n<title>Empresa \u00b7 Galvanizados del Sureste, S.A. \u00b7 GALSUSA<\/title>\n<meta name=\"description\" content=\"En Galvanizados del Sureste contamos con una planta de galvanizaci\u00f3n en caliente por inmersi\u00f3n en zinc fundido, pionera en la Regi\u00f3n de Murcia, talleres de fabricaci\u00f3n de manufacturados met\u00e1licos, almac\u00e9n de productos sider\u00fargicos y cabina de granallado.\" \/>\n<meta name=\"robots\" content=\"index, follow, max-snippet:-1, max-image-preview:large, max-video-preview:-1\" \/>\n<link rel=\"canonical\" href=\"https:\/\/galsusa.es\/en\/galvanizados-del-sureste-2\/\" \/>\n<meta property=\"og:locale\" content=\"en_US\" \/>\n<meta property=\"og:type\" content=\"article\" \/>\n<meta property=\"og:title\" content=\"Empresa \u00b7 Galvanizados del Sureste, S.A. \u00b7 GALSUSA\" \/>\n<meta property=\"og:description\" content=\"En Galvanizados del Sureste contamos con una planta de galvanizaci\u00f3n en caliente por inmersi\u00f3n en zinc fundido, pionera en la Regi\u00f3n de Murcia, talleres de fabricaci\u00f3n de manufacturados met\u00e1licos, almac\u00e9n de productos sider\u00fargicos y cabina de granallado.\" \/>\n<meta property=\"og:url\" content=\"https:\/\/galsusa.es\/en\/galvanizados-del-sureste-2\/\" \/>\n<meta property=\"og:site_name\" content=\"GALSUSA\" \/>\n<meta property=\"article:publisher\" content=\"https:\/\/es-es.facebook.com\/GALSUSA.galvanizados\" \/>\n<meta property=\"article:modified_time\" content=\"2021-07-05T17:48:52+00:00\" \/>\n<meta name=\"twitter:label1\" content=\"Est. reading time\" \/>\n\t<meta name=\"twitter:data1\" content=\"3 minutes\" \/>\n<script type=\"application\/ld+json\" class=\"yoast-schema-graph\">{\"@context\":\"https:\/\/schema.org\",\"@graph\":[{\"@type\":\"WebPage\",\"@id\":\"https:\/\/galsusa.es\/en\/galvanizados-del-sureste-2\/\",\"url\":\"https:\/\/galsusa.es\/en\/galvanizados-del-sureste-2\/\",\"name\":\"Empresa \u00b7 Galvanizados del Sureste, S.A. \u00b7 GALSUSA\",\"isPartOf\":{\"@id\":\"https:\/\/galsusa.es\/#website\"},\"datePublished\":\"2017-10-25T12:23:38+00:00\",\"dateModified\":\"2021-07-05T17:48:52+00:00\",\"description\":\"En Galvanizados del Sureste contamos con una planta de galvanizaci\u00f3n en caliente por inmersi\u00f3n en zinc fundido, pionera en la Regi\u00f3n de Murcia, talleres de fabricaci\u00f3n de manufacturados met\u00e1licos, almac\u00e9n de productos sider\u00fargicos y cabina de granallado.\",\"breadcrumb\":{\"@id\":\"https:\/\/galsusa.es\/en\/galvanizados-del-sureste-2\/#breadcrumb\"},\"inLanguage\":\"en-US\",\"potentialAction\":[{\"@type\":\"ReadAction\",\"target\":[\"https:\/\/galsusa.es\/en\/galvanizados-del-sureste-2\/\"]}]},{\"@type\":\"BreadcrumbList\",\"@id\":\"https:\/\/galsusa.es\/en\/galvanizados-del-sureste-2\/#breadcrumb\",\"itemListElement\":[{\"@type\":\"ListItem\",\"position\":1,\"name\":\"Portada\",\"item\":\"https:\/\/galsusa.es\/en\/\"},{\"@type\":\"ListItem\",\"position\":2,\"name\":\"Company\"}]},{\"@type\":\"WebSite\",\"@id\":\"https:\/\/galsusa.es\/#website\",\"url\":\"https:\/\/galsusa.es\/\",\"name\":\"GALSUSA\",\"description\":\"Galvanizados del Sureste, S.A.\",\"publisher\":{\"@id\":\"https:\/\/galsusa.es\/#organization\"},\"potentialAction\":[{\"@type\":\"SearchAction\",\"target\":{\"@type\":\"EntryPoint\",\"urlTemplate\":\"https:\/\/galsusa.es\/?s={search_term_string}\"},\"query-input\":\"required name=search_term_string\"}],\"inLanguage\":\"en-US\"},{\"@type\":\"Organization\",\"@id\":\"https:\/\/galsusa.es\/#organization\",\"name\":\"GALSUSA\",\"url\":\"https:\/\/galsusa.es\/\",\"logo\":{\"@type\":\"ImageObject\",\"inLanguage\":\"en-US\",\"@id\":\"https:\/\/galsusa.es\/#\/schema\/logo\/image\/\",\"url\":\"https:\/\/galsusa.es\/wp-content\/uploads\/2018\/04\/Logo-Galsusa-2.png\",\"contentUrl\":\"https:\/\/galsusa.es\/wp-content\/uploads\/2018\/04\/Logo-Galsusa-2.png\",\"width\":258,\"height\":360,\"caption\":\"GALSUSA\"},\"image\":{\"@id\":\"https:\/\/galsusa.es\/#\/schema\/logo\/image\/\"},\"sameAs\":[\"https:\/\/es-es.facebook.com\/GALSUSA.galvanizados\",\"https:\/\/x.com\/galvanizadores\",\"https:\/\/es.linkedin.com\/company\/galsusa\",\"https:\/\/www.youtube.com\/channel\/UCcOYSAZeODZViliHAfPD2cw\"]}]}<\/script>\n<!-- \/ Yoast SEO plugin. -->","yoast_head_json":{"title":"Empresa \u00b7 Galvanizados del Sureste, S.A. \u00b7 GALSUSA","description":"En Galvanizados del Sureste contamos con una planta de galvanizaci\u00f3n en caliente por inmersi\u00f3n en zinc fundido, pionera en la Regi\u00f3n de Murcia, talleres de fabricaci\u00f3n de manufacturados met\u00e1licos, almac\u00e9n de productos sider\u00fargicos y cabina de granallado.","robots":{"index":"index","follow":"follow","max-snippet":"max-snippet:-1","max-image-preview":"max-image-preview:large","max-video-preview":"max-video-preview:-1"},"canonical":"https:\/\/galsusa.es\/en\/galvanizados-del-sureste-2\/","og_locale":"en_US","og_type":"article","og_title":"Empresa \u00b7 Galvanizados del Sureste, S.A. \u00b7 GALSUSA","og_description":"En Galvanizados del Sureste contamos con una planta de galvanizaci\u00f3n en caliente por inmersi\u00f3n en zinc fundido, pionera en la Regi\u00f3n de Murcia, talleres de fabricaci\u00f3n de manufacturados met\u00e1licos, almac\u00e9n de productos sider\u00fargicos y cabina de granallado.","og_url":"https:\/\/galsusa.es\/en\/galvanizados-del-sureste-2\/","og_site_name":"GALSUSA","article_publisher":"https:\/\/es-es.facebook.com\/GALSUSA.galvanizados","article_modified_time":"2021-07-05T17:48:52+00:00","twitter_misc":{"Est. reading time":"3 minutes"},"schema":{"@context":"https:\/\/schema.org","@graph":[{"@type":"WebPage","@id":"https:\/\/galsusa.es\/en\/galvanizados-del-sureste-2\/","url":"https:\/\/galsusa.es\/en\/galvanizados-del-sureste-2\/","name":"Empresa \u00b7 Galvanizados del Sureste, S.A. \u00b7 GALSUSA","isPartOf":{"@id":"https:\/\/galsusa.es\/#website"},"datePublished":"2017-10-25T12:23:38+00:00","dateModified":"2021-07-05T17:48:52+00:00","description":"En Galvanizados del Sureste contamos con una planta de galvanizaci\u00f3n en caliente por inmersi\u00f3n en zinc fundido, pionera en la Regi\u00f3n de Murcia, talleres de fabricaci\u00f3n de manufacturados met\u00e1licos, almac\u00e9n de productos sider\u00fargicos y cabina de granallado.","breadcrumb":{"@id":"https:\/\/galsusa.es\/en\/galvanizados-del-sureste-2\/#breadcrumb"},"inLanguage":"en-US","potentialAction":[{"@type":"ReadAction","target":["https:\/\/galsusa.es\/en\/galvanizados-del-sureste-2\/"]}]},{"@type":"BreadcrumbList","@id":"https:\/\/galsusa.es\/en\/galvanizados-del-sureste-2\/#breadcrumb","itemListElement":[{"@type":"ListItem","position":1,"name":"Portada","item":"https:\/\/galsusa.es\/en\/"},{"@type":"ListItem","position":2,"name":"Company"}]},{"@type":"WebSite","@id":"https:\/\/galsusa.es\/#website","url":"https:\/\/galsusa.es\/","name":"GALSUSA","description":"Galvanizados del Sureste, S.A.","publisher":{"@id":"https:\/\/galsusa.es\/#organization"},"potentialAction":[{"@type":"SearchAction","target":{"@type":"EntryPoint","urlTemplate":"https:\/\/galsusa.es\/?s={search_term_string}"},"query-input":"required name=search_term_string"}],"inLanguage":"en-US"},{"@type":"Organization","@id":"https:\/\/galsusa.es\/#organization","name":"GALSUSA","url":"https:\/\/galsusa.es\/","logo":{"@type":"ImageObject","inLanguage":"en-US","@id":"https:\/\/galsusa.es\/#\/schema\/logo\/image\/","url":"https:\/\/galsusa.es\/wp-content\/uploads\/2018\/04\/Logo-Galsusa-2.png","contentUrl":"https:\/\/galsusa.es\/wp-content\/uploads\/2018\/04\/Logo-Galsusa-2.png","width":258,"height":360,"caption":"GALSUSA"},"image":{"@id":"https:\/\/galsusa.es\/#\/schema\/logo\/image\/"},"sameAs":["https:\/\/es-es.facebook.com\/GALSUSA.galvanizados","https:\/\/x.com\/galvanizadores","https:\/\/es.linkedin.com\/company\/galsusa","https:\/\/www.youtube.com\/channel\/UCcOYSAZeODZViliHAfPD2cw"]}]}},"_links":{"self":[{"href":"https:\/\/galsusa.es\/en\/wp-json\/wp\/v2\/pages\/2885","targetHints":{"allow":["GET"]}}],"collection":[{"href":"https:\/\/galsusa.es\/en\/wp-json\/wp\/v2\/pages"}],"about":[{"href":"https:\/\/galsusa.es\/en\/wp-json\/wp\/v2\/types\/page"}],"author":[{"embeddable":true,"href":"https:\/\/galsusa.es\/en\/wp-json\/wp\/v2\/users\/1"}],"replies":[{"embeddable":true,"href":"https:\/\/galsusa.es\/en\/wp-json\/wp\/v2\/comments?post=2885"}],"version-history":[{"count":18,"href":"https:\/\/galsusa.es\/en\/wp-json\/wp\/v2\/pages\/2885\/revisions"}],"predecessor-version":[{"id":3191,"href":"https:\/\/galsusa.es\/en\/wp-json\/wp\/v2\/pages\/2885\/revisions\/3191"}],"wp:attachment":[{"href":"https:\/\/galsusa.es\/en\/wp-json\/wp\/v2\/media?parent=2885"}],"curies":[{"name":"wp","href":"https:\/\/api.w.org\/{rel}","templated":true}]}}